{"id":2907,"date":"2016-09-09T03:32:50","date_gmt":"2016-09-09T03:32:50","guid":{"rendered":"https:\/\/stinivavis.com\/home\/"},"modified":"2025-12-16T21:50:56","modified_gmt":"2025-12-16T21:50:56","slug":"home","status":"publish","type":"page","link":"https:\/\/stinivavis.com\/de\/","title":{"rendered":"Home"},"content":{"rendered":"<p>[vc_row css=&#8221;.vc_custom_1518606490699{margin-top: 25px !important;margin-bottom: 0px !important;}&#8221;][vc_column]<div class=\"iw-heading  style4 vc_custom_1592942171781 text-center\" style=\"width: 100%\"><div class=\"iwh-sub-title\" style=\"color: #838383; font-size: 48px; font-family: Herr Von Muellerhoff; font-weight: 600; line-height: 0.8\">Entdecken Sie<\/div><h3 class=\"iwh-title\" style=\"font-size: 48px; font-family: Lato; font-weight: 500; line-height: 1\">Strand Stiniva<\/h3><div class=\"iwh-description\" style=\"font-size: 15px; font-family: Lato; font-weight: 500\">Der Strand Stiniva befindet sich im s\u00fcdlichen Teil der Insel Vis - der am weitesten entfernten bewohnten Insel Kroatiens. Die Bucht Stiniva ist bekannt f\u00fcr ihre einzigartige Natursch\u00f6nheit, die von hohen Klippen gepr\u00e4gt ist, die einen kleinen ``Meereingang`` zu diesem Kieselstrand mit klarem t\u00fcrkisfarbenen Meer bilden. Sie wurde von der Tourismusorganisation European Best Destinations zum sch\u00f6nsten Strand Europas gew\u00e4hlt.<br \/>\n<\/div><\/div>[\/vc_column][\/vc_row][vc_row iw_layout=&#8221;wide-bg&#8221; css=&#8221;.vc_custom_1518431995445{margin-top: 0px !important;padding-top: 25px !important;background-color: #ffffff !important;}&#8221;][vc_column width=&#8221;2\/3&#8243;][vc_single_image image=&#8221;3200&#8243; img_size=&#8221;1200&#215;697&#8243; style=&#8221;vc_box_rounded&#8221; onclick=&#8221;custom_link&#8221; link=&#8221;https:\/\/stinivavis.com\/de\/stiniva-bucht\/&#8221;][\/vc_column][vc_column width=&#8221;1\/3&#8243;][vc_single_image image=&#8221;3202&#8243; img_size=&#8221;400&#215;220&#8243; style=&#8221;vc_box_rounded&#8221; onclick=&#8221;custom_link&#8221; link=&#8221;https:\/\/stinivavis.com\/de\/stiniva-bucht\/wie-kommt-man-nach-stiniva\/&#8221;][vc_single_image image=&#8221;3206&#8243; img_size=&#8221;400&#215;220&#8243; style=&#8221;vc_box_rounded&#8221; onclick=&#8221;custom_link&#8221; link=&#8221;https:\/\/stinivavis.com\/de\/stiniva-bucht\/interessante-fakten\/&#8221;][\/vc_column][\/vc_row][vc_row][vc_column][vc_separator border_width=&#8221;2&#8243;][\/vc_column][\/vc_row][vc_row][vc_column]<div class=\"iw-heading  style3 vc_custom_1592942246976 text-center\" style=\"width: 100%\"><h3 class=\"iwh-title\" style=\"font-size: 36px; font-family: Lato\">Stiniva Bucht<\/h3><div class=\"iwh-description\" style=\"color: #353535; font-size: 15px; font-family: Lato; font-weight: 500\">Wenn Sie einen Besuch in der Bucht von Stiniva planen, buchen Sie eine Unterkunft in der Vila, die dem Strand am n\u00e4chsten liegt, probieren Sie die lokale K\u00fcche in der Taverne direkt am Strand von Stiniva und reservieren Sie einen Ausflug zu den nahegelegenen Sehensw\u00fcrdigkeiten.<br \/>\n<\/div><\/div>[\/vc_column][\/vc_row][vc_row css=&#8221;.vc_custom_1532007989757{background-position: center !important;background-repeat: no-repeat !important;background-size: cover !important;}&#8221;][vc_column width=&#8221;1\/3&#8243; css=&#8221;.vc_custom_1531476937129{border-radius: 2px !important;}&#8221; el_class=&#8221;box-wrapper&#8221;]<div class=\"iw-heading  style1  text-center\" style=\"width: 100%\"><h3 class=\"iwh-title\" style=\"font-size: 28px\">Unterk\u00fcnfte<\/h3><\/div>[vc_single_image image=&#8221;1914&#8243; img_size=&#8221;700&#215;400&#8243; alignment=&#8221;center&#8221; style=&#8221;vc_box_rounded&#8221; css=&#8221;.vc_custom_1529966968321{margin-top: 0px !important;margin-bottom: 0px !important;}&#8221;][vc_wp_text]Wenn Sie eine Unterkunft in der N\u00e4he der Stiniva-Bucht suchen, empfehlen wir Ihnen Villa Luana. Villa Luana ist ein wundersch\u00f6nes Anwesen, welches sich direkt oberhalb des Stiniva Strandes in \u017du\u017eeca befindet.<\/p>\n<p>[\/vc_wp_text]<div class=\"iw-button  button1  ibutton-normal center-text background-opacity\"><div class=\"iw-button-text\"><a style=\"\" class=\"button-text  theme-bg color-white border-grey square full-width\" href=\"https:\/\/stinivavis.com\/de\/unterkunft\/\">MEHR ANZEIGEN<\/a><\/div><div style=\"clear: both\"><\/div><\/div>[\/vc_column][vc_column width=&#8221;1\/3&#8243; css=&#8221;.vc_custom_1531477327359{margin-bottom: 0px !important;}&#8221; el_class=&#8221;box-wrapper&#8221;]<div class=\"iw-heading  style1  text-center\" style=\"width: 100%\"><h3 class=\"iwh-title\" style=\"font-size: 28px\">Taverne<\/h3><\/div>[vc_single_image image=&#8221;2264&#8243; img_size=&#8221;700&#215;400&#8243; alignment=&#8221;center&#8221; style=&#8221;vc_box_rounded&#8221; css=&#8221;.vc_custom_1529966984638{margin-top: 0px !important;margin-bottom: 0px !important;}&#8221;][vc_wp_text]Probieren Sie die authentische dalmatinische K\u00fcche und die Spezialit\u00e4ten der Region Vis wie z.B. Vi\u0161ka poga\u010da. Besuchen Sie einige der feinsten Tavernen auf der Insel Vis sowie am Strand Stiniva und genie\u00dfen Sie Ihr Feinschmeckerlebnis.<\/p>\n<p>[\/vc_wp_text]<div class=\"iw-button  button1  ibutton-normal center-text background-opacity\"><div class=\"iw-button-text\"><a style=\"\" class=\"button-text  theme-bg color-white border-grey square full-width\" href=\"https:\/\/stinivavis.com\/de\/taverne\/\">MEHR ANZEIGEN<\/a><\/div><div style=\"clear: both\"><\/div><\/div>[\/vc_column][vc_column width=&#8221;1\/3&#8243; css=&#8221;.vc_custom_1531477336375{margin-bottom: 0px !important;background-position: center !important;background-repeat: no-repeat !important;background-size: cover !important;border-radius: 2px !important;}&#8221; el_class=&#8221;box-wrapper&#8221;]<div class=\"iw-heading  style1  text-center\" style=\"width: 100%\"><h3 class=\"iwh-title\" style=\"font-size: 28px\">Bootstouren<\/h3><\/div>[vc_single_image image=&#8221;3679&#8243; img_size=&#8221;700&#215;400&#8243; alignment=&#8221;center&#8221; style=&#8221;vc_box_rounded&#8221; css=&#8221;.vc_custom_1765921817904{margin-top: 0px !important;margin-bottom: 0px !important;}&#8221;][vc_wp_text]Eine Bootstour um die Insel Vis bietet die ideale Gelegenheit, die Natursch\u00f6nheiten und versteckten K\u00fcsten der Insel Vis zu erkunden. Besuchen Sie die Blaue, Gr\u00fcne und M\u00f6nchsrobben H\u00f6hle und entdecken Sie die erstaunliche Unterwasserlandschaft.[\/vc_wp_text]<div class=\"iw-button  button1  ibutton-normal center-text background-opacity\"><div class=\"iw-button-text\"><a style=\"\" class=\"button-text  theme-bg color-white border-grey square full-width\" href=\"https:\/\/stinivavis.com\/de\/bootstouren\/\">MEHR ANZEIGEN<\/a><\/div><div style=\"clear: both\"><\/div><\/div>[\/vc_column][\/vc_row][vc_row parallax=&#8221;content-moving&#8221; parallax_image=&#8221;2842&#8243; iw_layout=&#8221;wide-bg&#8221; iw_parallax_overlay=&#8221;0.3&#8243; css=&#8221;.vc_custom_1590750906309{padding-top: 60px !important;padding-bottom: 60px !important;background-position: 0 0;background-repeat:-repeat !important;}&#8221;][vc_column width=&#8221;1\/2&#8243;]<div class=\"iw-heading  style4 vc_custom_1592942346705 text-center\" style=\"width: 100%\"><h3 class=\"iwh-title\" style=\"color: #ffffff; font-size: 36px; font-family: Poppins\">Wussten Sie schon?<\/h3><div class=\"iwh-description\" style=\"color: #ffffff\">1967 wurde der Strand von Stiniva zusammen mit der Bucht von Stiniva zum gesch\u00fctzten Naturdenkmal erkl\u00e4rt. Seitdem hat die Bucht ihre Natursch\u00f6nheiten mit hohen Dampfklippen, klarem t\u00fcrkisfarbenen Meer und wilden Ziegenpfaden, die zum Stiniva-Strand f\u00fchren, bewahrt.<br \/>\n<\/div><\/div>[\/vc_column][vc_column width=&#8221;1\/2&#8243;][\/vc_column][\/vc_row][vc_row][vc_column][vc_empty_space]<div class=\"iw-heading  style3 vc_custom_1592942360613 text-center\" style=\"width: 100%\"><h3 class=\"iwh-title\" style=\"font-size: 38px\">Insel Vis<\/h3><div class=\"iwh-description\" style=\"color: #353535; font-size: 15px; font-family: Lato; font-weight: 500\">Seit der Antike hat die Insel Vis wegen ihres milden Mittelmeerklimas und ihrer nautischen Lage Menschen in ihren Bann gezogen. Heute ist Vis die abgelegenste, bewohnte Insel in Kroatien, welche die Menschen mit ihrem einzigartigen historisch-mediterranen Charme anzieht.<br \/>\n<\/div><\/div>[\/vc_column][\/vc_row][vc_row css=&#8221;.vc_custom_1518606440554{margin-top: 30px !important;}&#8221;][vc_column width=&#8221;1\/3&#8243; el_class=&#8221;box-wrapper&#8221;]<div class=\"iw-heading  style1  text-center\" style=\"width: 100%\"><h3 class=\"iwh-title\" style=\"font-size: 28px\">Sehenswertes<\/h3><\/div>[vc_single_image image=&#8221;1944&#8243; img_size=&#8221;700&#215;400&#8243; alignment=&#8221;center&#8221; style=&#8221;vc_box_rounded&#8221; css=&#8221;.vc_custom_1560848201206{margin-top: 0px !important;margin-bottom: 10px !important;}&#8221;][vc_wp_text]Die Insel Vis verf\u00fcgt \u00fcber ein reiches historisches Erbe und erstaunliche Natursch\u00f6nheiten. Alte steinerne Festungen und Kirchen entlang der Insel sind Hinweise auf die erstaunliche Geschichte der Insel. Versteckte Str\u00e4nde und Kiesstr\u00e4nde mit glasklarem Meer laden Sie zu einer Erfrischung von der sommerlichen Hitze ein.[\/vc_wp_text]<div class=\"iw-button  button1  ibutton-small center-text background-opacity\"><div class=\"iw-button-text\"><a style=\"\" class=\"button-text  theme-bg color-white border-grey square full-width\" href=\"https:\/\/stinivavis.com\/de\/insel-vis\/\">MEHR ANZEIGEN<\/a><\/div><div style=\"clear: both\"><\/div><\/div>[\/vc_column][vc_column width=&#8221;1\/3&#8243; el_class=&#8221;box-wrapper&#8221;]<div class=\"iw-heading  style1  text-center\" style=\"width: 100%\"><h3 class=\"iwh-title\" style=\"font-size: 28px\">Geschichte von Vis<\/h3><\/div>[vc_single_image image=&#8221;1942&#8243; img_size=&#8221;700&#215;400&#8243; alignment=&#8221;center&#8221; style=&#8221;vc_box_rounded&#8221; css=&#8221;.vc_custom_1529967035527{margin-top: 0px !important;margin-bottom: 10px !important;}&#8221;][vc_wp_text]Eine der ersten Erw\u00e4hnungen der Insel Vis stammt aus dem 4. Jahrhundert v. Chr., als der Dionysos, der Herrscher der griechischen Stadt Syrakus, hier seine Kolonie gr\u00fcndete und ihr den Namen Issa gab. Damals spielte dieses Gebiet eine wichtige Rolle im nautischen Handel und war bekannt f\u00fcr erstaunliche Weine.[\/vc_wp_text]<div class=\"iw-button  button1  ibutton-small center-text background-opacity\"><div class=\"iw-button-text\"><a style=\"\" class=\"button-text  theme-bg color-white border-grey square full-width\" href=\"https:\/\/stinivavis.com\/de\/insel-vis\/geschichte\/\">MEHR ANZEIGEN<\/a><\/div><div style=\"clear: both\"><\/div><\/div>[\/vc_column][vc_column width=&#8221;1\/3&#8243; css=&#8221;.vc_custom_1531477594978{margin-top: 0px !important;margin-bottom: 0px !important;}&#8221; el_class=&#8221;box-wrapper&#8221;]<div class=\"iw-heading  style1  text-center\" style=\"width: 100%\"><h3 class=\"iwh-title\" style=\"font-size: 28px\">Vis Touren<\/h3><\/div>[vc_single_image image=&#8221;1925&#8243; img_size=&#8221;700&#215;400&#8243; alignment=&#8221;center&#8221; style=&#8221;vc_box_rounded&#8221; css_animation=&#8221;none&#8221; css=&#8221;.vc_custom_1532008497468{margin-top: 0px !important;margin-bottom: 10px !important;}&#8221;][vc_wp_text]<\/p>\n<div class=\"wpb_text_column wpb_content_element vc_custom_1521061222563\">\n<div class=\"wpb_wrapper\">\n<p>Aufgrund ihrer Natursch\u00f6nheiten und ihrer reichen Geschichte ist die Insel Vis ein gro\u00dfartiger Ort, um sowohl Aktiv- als auch Abenteuerurlaub zu machen. Rad-, Kajak- und Off-Road-Touren mit einem professionellen Reisef\u00fchrer sind die beste Wahl, um einen Tag zu gestalten. Entdecken Sie die verborgenen Sch\u00f6nheiten der Insel Vis, die nur den Einheimischen bekannt sind.<\/p>\n<\/div>\n<\/div>\n<p>[\/vc_wp_text]<div class=\"iw-button  button1  ibutton-small center-text background-opacity\"><div class=\"iw-button-text\"><a style=\"\" class=\"button-text  theme-bg color-white border-grey square full-width\" href=\"https:\/\/stinivavis.com\/de\/vis-touren-kroatien-aktivurlaub\/\">MEHR ANZEIGEN<\/a><\/div><div style=\"clear: both\"><\/div><\/div>[\/vc_column][\/vc_row]<\/p>\n","protected":false},"excerpt":{"rendered":"<p>[vc_row css=&#8221;.vc_custom_1518606490699{margin-top: 25px !important;margin-bottom: 0px !important;}&#8221;][vc_column][\/vc_column][\/vc_row][vc_row iw_layout=&#8221;wide-bg&#8221; css=&#8221;.vc_custom_1518431995445{margin-top: 0px !important;padding-top: 25px !important;background-color: #ffffff !important;}&#8221;][vc_column width=&#8221;2\/3&#8243;][vc_single_image image=&#8221;3200&#8243; img_size=&#8221;1200&#215;697&#8243; style=&#8221;vc_box_rounded&#8221; onclick=&#8221;custom_link&#8221; link=&#8221;https:\/\/stinivavis.com\/de\/stiniva-bucht\/&#8221;][\/vc_column][vc_column width=&#8221;1\/3&#8243;][vc_single_image image=&#8221;3202&#8243; img_size=&#8221;400&#215;220&#8243; style=&#8221;vc_box_rounded&#8221; onclick=&#8221;custom_link&#8221; link=&#8221;https:\/\/stinivavis.com\/de\/stiniva-bucht\/wie-kommt-man-nach-stiniva\/&#8221;][vc_single_image image=&#8221;3206&#8243; img_size=&#8221;400&#215;220&#8243; style=&#8221;vc_box_rounded&#8221; onclick=&#8221;custom_link&#8221; link=&#8221;https:\/\/stinivavis.com\/de\/stiniva-bucht\/interessante-fakten\/&#8221;][\/vc_column][\/vc_row][vc_row][vc_column][vc_separator border_width=&#8221;2&#8243;][\/vc_column][\/vc_row][vc_row][vc_column][\/vc_column][\/vc_row][vc_row css=&#8221;.vc_custom_1532007989757{background-position: center !important;background-repeat: no-repeat !important;background-size: cover !important;}&#8221;][vc_column width=&#8221;1\/3&#8243; css=&#8221;.vc_custom_1531476937129{border-radius: 2px !important;}&#8221; el_class=&#8221;box-wrapper&#8221;][vc_single_image image=&#8221;1914&#8243; img_size=&#8221;700&#215;400&#8243; alignment=&#8221;center&#8221; style=&#8221;vc_box_rounded&#8221; css=&#8221;.vc_custom_1529966968321{margin-top: 0px !important;margin-bottom: 0px !important;}&#8221;][vc_wp_text]Wenn Sie eine [&hellip;]<\/p>\n","protected":false},"author":1,"featured_media":0,"parent":0,"menu_order":2,"comment_status":"closed","ping_status":"closed","template":"page-templates\/home-page.php","meta":{"footnotes":""},"class_list":["post-2907","page","type-page","status-publish","hentry"],"_links":{"self":[{"href":"https:\/\/stinivavis.com\/de\/wp-json\/wp\/v2\/pages\/2907","targetHints":{"allow":["GET"]}}],"collection":[{"href":"https:\/\/stinivavis.com\/de\/wp-json\/wp\/v2\/pages"}],"about":[{"href":"https:\/\/stinivavis.com\/de\/wp-json\/wp\/v2\/types\/page"}],"author":[{"embeddable":true,"href":"https:\/\/stinivavis.com\/de\/wp-json\/wp\/v2\/users\/1"}],"replies":[{"embeddable":true,"href":"https:\/\/stinivavis.com\/de\/wp-json\/wp\/v2\/comments?post=2907"}],"version-history":[{"count":8,"href":"https:\/\/stinivavis.com\/de\/wp-json\/wp\/v2\/pages\/2907\/revisions"}],"predecessor-version":[{"id":3911,"href":"https:\/\/stinivavis.com\/de\/wp-json\/wp\/v2\/pages\/2907\/revisions\/3911"}],"wp:attachment":[{"href":"https:\/\/stinivavis.com\/de\/wp-json\/wp\/v2\/media?parent=2907"}],"curies":[{"name":"wp","href":"https:\/\/api.w.org\/{rel}","templated":true}]}}