{"id":2915,"date":"2018-02-07T13:51:39","date_gmt":"2018-02-07T13:51:39","guid":{"rendered":"https:\/\/stinivavis.com\/stiniva-bay\/"},"modified":"2020-06-24T18:18:35","modified_gmt":"2020-06-24T18:18:35","slug":"stiniva-bucht","status":"publish","type":"page","link":"https:\/\/stinivavis.com\/de\/stiniva-bucht\/","title":{"rendered":"Stiniva Bucht"},"content":{"rendered":"<p>[vc_row css=&#8221;.vc_custom_1520893815064{margin-top: 0px !important;margin-bottom: 0px !important;}&#8221;][vc_column]<div class=\"iw-heading  style3 \" style=\"width: 100%\"><div class=\"iwh-sub-title\" style=\"font-size: 16x; font-weight: 400\">ENTDECKEN<\/div><h3 class=\"iwh-title\" style=\"font-size: 38px\">Der sch\u00f6nste Strand Europas<\/h3><\/div>[\/vc_column][\/vc_row][vc_row css=&#8221;.vc_custom_1521024942695{margin-top: 0px !important;margin-bottom: 0px !important;}&#8221;][vc_column][vc_column_text css=&#8221;.vc_custom_1593022527734{margin-top: 0px !important;margin-bottom: 0px !important;}&#8221;]Der Stiniva-Strand liegt versteckt in der beeindruckenden Stiniva Bucht auf der Insel Vis &#8211; der am weitesten vom Festland entfernten, bewohnten Insel Dalmatiens. Der Strand ist bekannt f\u00fcr seine einzigartige Natursch\u00f6nheit, die von hohen Klippen gekennzeichnet ist, die dieses versteckte Juwel von der K\u00fcste aus umgeben. Die erhaltene nat\u00fcrliche Sch\u00f6nheit des Stiniva Strandes wurde 2016 von der, in Br\u00fcssel ans\u00e4ssigen, Tourismusorganisation European Best Destinations anerkannt, welche Stiniva zum <strong>sch\u00f6nsten Strand Europas w\u00e4hlte.<\/strong>[\/vc_column_text][vc_empty_space][\/vc_column][\/vc_row][vc_row css=&#8221;.vc_custom_1520893706747{margin-top: 0px !important;margin-bottom: 0px !important;}&#8221;][vc_column][vc_separator color=&#8221;peacoc&#8221;][\/vc_column][\/vc_row][vc_row][vc_column width=&#8221;1\/2&#8243; el_class=&#8221;box-wrapper&#8221;]<div class=\"iw-heading  style3  text-center\" style=\"width: 100%\"><h3 class=\"iwh-title\" style=\"font-size: 28px\">Gr\u00fcnde f\u00fcr einen Besuch<\/h3><\/div>[vc_single_image image=&#8221;1934&#8243; img_size=&#8221;full&#8221; alignment=&#8221;center&#8221; style=&#8221;vc_box_rounded&#8221;][vc_wp_text]Die Bucht von Stiniva ist ein Ort, an dem die Natur ihre einzigartige Gestalt erhielt. Wenn man an diesem Strand liegt, f\u00fchlt man sich wie ein Zuschauer bei diesem au\u00dfergew\u00f6hnlichen Schauspiel, wenn die Sonne in das t\u00fcrkisfarbene Meer eintaucht.[\/vc_wp_text]<div class=\"iw-button  button1  ibutton-small center-text background-opacity\"><div class=\"iw-button-text\"><a style=\"\" class=\"button-text  theme-bg color-white border-grey square full-width\" href=\"https:\/\/stinivavis.com\/stiniva-cove\/top-reasons-to-visit-stiniva\/\">MEHR ANZEIGEN<\/a><\/div><div style=\"clear: both\"><\/div><\/div>[\/vc_column][vc_column width=&#8221;1\/2&#8243; el_class=&#8221;box-wrapper&#8221;]<div class=\"iw-heading  style3  text-center\" style=\"width: 100%\"><h3 class=\"iwh-title\" style=\"font-size: 28px\">Was Sie unternehmen k\u00f6nnen<\/h3><\/div>[vc_single_image image=&#8221;1930&#8243; img_size=&#8221;full&#8221; alignment=&#8221;center&#8221; style=&#8221;vc_box_rounded&#8221;][vc_wp_text]Schwimmen, Schnorcheln und Stand Up Pedaling sind einige der Dinge, die man am Strand von Stiniva machen kann. Aufgrund seiner einzigartigen Form ist der Strand von Stiniva auch ein idealer Ort zum Sonnenbaden.[\/vc_wp_text]<div class=\"iw-button  button1  ibutton-small center-text background-opacity\"><div class=\"iw-button-text\"><a style=\"\" class=\"button-text  theme-bg color-white border-grey square full-width\" href=\"https:\/\/stinivavis.com\/stiniva-cove\/things-to-do\/\">MEHR ANZEIGEN<\/a><\/div><div style=\"clear: both\"><\/div><\/div>[\/vc_column][\/vc_row][vc_row][vc_column width=&#8221;1\/2&#8243; el_class=&#8221;box-wrapper&#8221;]<div class=\"iw-heading  style3  text-center\" style=\"width: 100%\"><h3 class=\"iwh-title\" style=\"font-size: 28px\">Wie man hierher kommt<\/h3><\/div>[vc_single_image image=&#8221;1932&#8243; img_size=&#8221;full&#8221; alignment=&#8221;center&#8221; style=&#8221;vc_box_rounded&#8221;][vc_wp_text]Die Bucht Stiniva befindet sich auf dem s\u00fcdlichen Teil der Insel Vis in der N\u00e4he von Plisko polje und Marinje Zemlje. Man erreicht sie zu Fu\u00df \u00fcber den Ziegenpfad aus dem Ort \u017duzeca oder <a href=\"https:\/\/stinivavis.com\/boat-tours\/transfers\/\">mit dem Boot<\/a>.[\/vc_wp_text]<div class=\"iw-button  button1  ibutton-small center-text background-opacity\"><div class=\"iw-button-text\"><a style=\"\" class=\"button-text  theme-bg color-white border-grey square full-width\" href=\"https:\/\/stinivavis.com\/stiniva-cove\/how-to-get-there\/\">MEHR ANZEIGEN<\/a><\/div><div style=\"clear: both\"><\/div><\/div>[\/vc_column][vc_column width=&#8221;1\/2&#8243; el_class=&#8221;box-wrapper&#8221;]<div class=\"iw-heading  style3  text-center\" style=\"width: 100%\"><h3 class=\"iwh-title\" style=\"font-size: 28px\">WISSENSWERTES<\/h3><\/div>[vc_single_image image=&#8221;1942&#8243; img_size=&#8221;full&#8221; alignment=&#8221;center&#8221; style=&#8221;vc_box_rounded&#8221;][vc_wp_text]Die Insel Vis war einer der wichtigsten Handels- und Milit\u00e4rh\u00e4fen an der Adria. Die Buchten dienten als Zufluchtsort f\u00fcr die venezianischen Kaufleute, Napoleons Armee sowie die britische Truppen.[\/vc_wp_text]<div class=\"iw-button  button1  ibutton-small center-text background-opacity\"><div class=\"iw-button-text\"><a style=\"\" class=\"button-text  theme-bg color-white border-grey square full-width\" href=\"https:\/\/stinivavis.com\/stiniva-bay\/things-to-do\/\">MEHR ANZEIGEN<\/a><\/div><div style=\"clear: both\"><\/div><\/div>[\/vc_column][\/vc_row]<\/p>\n","protected":false},"excerpt":{"rendered":"<p>[vc_row css=&#8221;.vc_custom_1520893815064{margin-top: 0px !important;margin-bottom: 0px !important;}&#8221;][vc_column][\/vc_column][\/vc_row][vc_row css=&#8221;.vc_custom_1521024942695{margin-top: 0px !important;margin-bottom: 0px !important;}&#8221;][vc_column][vc_column_text css=&#8221;.vc_custom_1593022527734{margin-top: 0px !important;margin-bottom: 0px !important;}&#8221;]Der Stiniva-Strand liegt versteckt in der beeindruckenden Stiniva Bucht auf der Insel Vis &#8211; der am weitesten vom Festland entfernten, bewohnten Insel Dalmatiens. Der Strand ist bekannt f\u00fcr seine einzigartige Natursch\u00f6nheit, die von hohen Klippen gekennzeichnet ist, die dieses versteckte [&hellip;]<\/p>\n","protected":false},"author":1,"featured_media":0,"parent":0,"menu_order":0,"comment_status":"closed","ping_status":"closed","template":"","meta":{"footnotes":""},"class_list":["post-2915","page","type-page","status-publish","hentry"],"_links":{"self":[{"href":"https:\/\/stinivavis.com\/de\/wp-json\/wp\/v2\/pages\/2915","targetHints":{"allow":["GET"]}}],"collection":[{"href":"https:\/\/stinivavis.com\/de\/wp-json\/wp\/v2\/pages"}],"about":[{"href":"https:\/\/stinivavis.com\/de\/wp-json\/wp\/v2\/types\/page"}],"author":[{"embeddable":true,"href":"https:\/\/stinivavis.com\/de\/wp-json\/wp\/v2\/users\/1"}],"replies":[{"embeddable":true,"href":"https:\/\/stinivavis.com\/de\/wp-json\/wp\/v2\/comments?post=2915"}],"version-history":[{"count":3,"href":"https:\/\/stinivavis.com\/de\/wp-json\/wp\/v2\/pages\/2915\/revisions"}],"predecessor-version":[{"id":2919,"href":"https:\/\/stinivavis.com\/de\/wp-json\/wp\/v2\/pages\/2915\/revisions\/2919"}],"wp:attachment":[{"href":"https:\/\/stinivavis.com\/de\/wp-json\/wp\/v2\/media?parent=2915"}],"curies":[{"name":"wp","href":"https:\/\/api.w.org\/{rel}","templated":true}]}}