{"id":2922,"date":"2018-02-07T13:53:01","date_gmt":"2018-02-07T13:53:01","guid":{"rendered":"https:\/\/stinivavis.com\/accommodation\/"},"modified":"2025-06-17T13:45:39","modified_gmt":"2025-06-17T13:45:39","slug":"villa-luana","status":"publish","type":"page","link":"https:\/\/stinivavis.com\/de\/villa-luana\/","title":{"rendered":"Villa Luana"},"content":{"rendered":"<p>[vc_row css=&#8221;.vc_custom_1520893815064{margin-top: 0px !important;margin-bottom: 0px !important;}&#8221;][vc_column 0=&#8221;&#8221;]<div class=\"iw-heading  style3  text-center\" style=\"width: 100%\"><h3 class=\"iwh-title\" style=\"font-size: 30px\">Villa Luana - perfekte Unterbringung auf der Insel Vis<\/h3><\/div>[\/vc_column][\/vc_row][vc_row css=&#8221;.vc_custom_1521025831669{margin-top: 0px !important;margin-bottom: 0px !important;}&#8221;][vc_column][vc_empty_space height=&#8221;10px&#8221;][\/vc_column][\/vc_row][vc_row css=&#8221;.vc_custom_1521025418243{margin-top: 0px !important;margin-bottom: 0px !important;}&#8221;][vc_column 0=&#8221;&#8221;][vc_column_text css=&#8221;.vc_custom_1597665744332{margin-top: 0px !important;margin-bottom: 0px !important;}&#8221;]Entdecken Sie die beste \u00dcbernachtungsm\u00f6glichkeit auf der Insel Vis. Entspannen Sie sich in Villa mit fantastischem Meerblick, welche direkt oberhalb von Stiniva liegt &#8211; ein einzigartiger, versteckter Strand, der zum besten Strand Europas gew\u00e4hlt wurde!<\/p>\n<ul>\n<li>Die <strong>perfekte Lage<\/strong> garantiert Ihnen und Ihrer Familie oder Ihren Freunden einen unvergesslichen Urlaub in Vis.<\/li>\n<li>Erleben Sie die volle <strong>Entspannung von K\u00f6rper und Geist<\/strong> in einer wundersch\u00f6nen mediterranen Landschaft.<\/li>\n<li>Sp\u00fcren Sie die <strong>Harmonie von Meer und Stein<\/strong>, fernab von den Touristenmassen.<\/li>\n<li>Genie\u00dfen Sie die <strong>unber\u00fchrte nat\u00fcrliche Landschaft in voller Privatsph\u00e4re<\/strong>, mit der Natur und dem kristallklaren Meer um Sie herum<\/li>\n<li>Kostenloser Transfer vom Hafen der F\u00e4hre Vis und zur\u00fcck<\/li>\n<\/ul>\n<h2 style=\"text-align: center;\">JETZT BUCHEN:<\/h2>\n<p>[\/vc_column_text][vc_column_text]\n<div class=\"wpcf7 no-js\" id=\"wpcf7-f3265-o1\" lang=\"en-US\" dir=\"ltr\" data-wpcf7-id=\"3265\">\n<div class=\"screen-reader-response\"><p role=\"status\" aria-live=\"polite\" aria-atomic=\"true\"><\/p> <ul><\/ul><\/div>\n<form action=\"\/de\/wp-json\/wp\/v2\/pages\/2922#wpcf7-f3265-o1\" method=\"post\" class=\"wpcf7-form init\" aria-label=\"Contact form\" novalidate=\"novalidate\" data-status=\"init\">\n<fieldset class=\"hidden-fields-container\"><input type=\"hidden\" name=\"_wpcf7\" value=\"3265\" \/><input type=\"hidden\" name=\"_wpcf7_version\" value=\"6.1.4\" \/><input type=\"hidden\" name=\"_wpcf7_locale\" value=\"en_US\" \/><input type=\"hidden\" name=\"_wpcf7_unit_tag\" value=\"wpcf7-f3265-o1\" \/><input type=\"hidden\" name=\"_wpcf7_container_post\" value=\"0\" \/><input type=\"hidden\" name=\"_wpcf7_posted_data_hash\" value=\"\" \/>\n<\/fieldset>\n<p><label> Name und Nachname *<br \/>\n<span class=\"wpcf7-form-control-wrap\" data-name=\"text-801\"><input size=\"40\" maxlength=\"400\" class=\"wpcf7-form-control wpcf7-text wpcf7-validates-as-required\" aria-required=\"true\" aria-invalid=\"false\" value=\"\" type=\"text\" name=\"text-801\" \/><\/span> <\/label><br \/>\n<label> Ihre Email *<br \/>\n<span class=\"wpcf7-form-control-wrap\" data-name=\"your-email\"><input size=\"40\" maxlength=\"400\" class=\"wpcf7-form-control wpcf7-email wpcf7-validates-as-required wpcf7-text wpcf7-validates-as-email\" aria-required=\"true\" aria-invalid=\"false\" value=\"\" type=\"email\" name=\"your-email\" \/><\/span> <\/label>\n<\/p>\n<p><label> Einchecken *<br \/>\n<span class=\"wpcf7-form-control-wrap\" data-name=\"dt1\"><input size=\"40\" maxlength=\"400\" class=\"wpcf7-form-control wpcf7-text wpcf7-validates-as-required dp-field\" aria-required=\"true\" aria-invalid=\"false\" value=\"\" type=\"text\" name=\"dt1\" \/><\/span> <\/label><br \/>\n<label> Auschecken *<br \/>\n<span class=\"wpcf7-form-control-wrap\" data-name=\"dt2\"><input size=\"40\" maxlength=\"400\" class=\"wpcf7-form-control wpcf7-text wpcf7-validates-as-required dp-field\" aria-required=\"true\" aria-invalid=\"false\" value=\"\" type=\"text\" name=\"dt2\" \/><\/span> <\/label><br \/>\n<label> Anzahl der G\u00e4ste *<br \/>\n<span class=\"wpcf7-form-control-wrap\" data-name=\"number-370\"><input class=\"wpcf7-form-control wpcf7-number wpcf7-validates-as-number\" aria-invalid=\"false\" value=\"\" type=\"number\" name=\"number-370\" \/><\/span> <\/label>\n<\/p>\n<p><label> Ihre Notizen<br \/>\n<span class=\"wpcf7-form-control-wrap\" data-name=\"textarea-75\"><textarea cols=\"40\" rows=\"10\" maxlength=\"2000\" class=\"wpcf7-form-control wpcf7-textarea\" aria-invalid=\"false\" name=\"textarea-75\"><\/textarea><\/span> <\/label>\n<\/p>\n<p><span class=\"wpcf7-form-control-wrap\" data-name=\"acceptance-401\"><span class=\"wpcf7-form-control wpcf7-acceptance\"><span class=\"wpcf7-list-item\"><label><input type=\"checkbox\" name=\"acceptance-401\" value=\"1\" aria-invalid=\"false\" \/><span class=\"wpcf7-list-item-label\">Durch die Nutzung dieser Form stimmen Sie mit der Lagerung und Handhabung Ihrer Daten durch diese Website.<\/span><\/label><\/span><\/span><\/span>\n<\/p>\n<p><input class=\"wpcf7-form-control wpcf7-submit has-spinner\" type=\"submit\" value=\"JETZT BUCHEN\" \/>\n<\/p><div class=\"wpcf7-response-output\" aria-hidden=\"true\"><\/div>\n<\/form>\n<\/div>\n[\/vc_column_text][vc_empty_space 0=&#8221;&#8221;][vc_gallery interval=&#8221;5&#8243; images=&#8221;2865,2866,2867,2868,2869,2870,2871,2872,2873,2874,2875,2876,2877,2878,2879,2880,2881,2882,2883,2884&#8243; img_size=&#8221;1920&#215;1280&#8243; onclick=&#8221;&#8221;][\/vc_column][\/vc_row][vc_row 0=&#8221;&#8221;][vc_column 0=&#8221;&#8221;]<div class=\"iw-heading  style1  text-center\" style=\"width: 100%\"><h3 class=\"iwh-title\" style=\"font-size: 20px\">Ausstattung und Dienstleistungen:<\/h3><\/div>[\/vc_column][\/vc_row][vc_row 0=&#8221;&#8221;][vc_column width=&#8221;1\/2&#8243;][vc_column_text 0=&#8221;&#8221;]<\/p>\n<ul>\n<li>zwei Schlafzimmer<\/li>\n<li>jedes Zimmer hat ein Doppelbett und ein Zusatzbett<\/li>\n<li>klimatisiert<\/li>\n<li>kostenloses WLAN<\/li>\n<li>sch\u00f6ne Terrasse um das Haus herum und die etwa 20 m lange Veranda<\/li>\n<li>Speisesaal mit Terrasse<\/li>\n<\/ul>\n<p>[\/vc_column_text][\/vc_column][vc_column width=&#8221;1\/2&#8243;][vc_column_text 0=&#8221;&#8221;]<\/p>\n<ul>\n<li>voll ausgestattete K\u00fcche &#8211; Mikrowelle, Geschirrsp\u00fcler, Backofen, Mixer, Stabmixer &#8230;<\/li>\n<li>Wohnzimmer mit TV und DVD<\/li>\n<li>Badezimmer mit Waschmaschine<\/li>\n<li>Bettw\u00e4sche und Handt\u00fccher<\/li>\n<li>Klappbettchen f\u00fcr Baby ebenfalls erh\u00e4ltlich<\/li>\n<\/ul>\n<p>[\/vc_column_text][\/vc_column][\/vc_row][vc_row 0=&#8221;&#8221;][vc_column 0=&#8221;&#8221;][vc_separator color=&#8221;peacoc&#8221; border_width=&#8221;2&#8243;][\/vc_column][\/vc_row][vc_row css=&#8221;.vc_custom_1521026396989{margin-top: 0px !important;margin-bottom: 0px !important;}&#8221;][vc_column 0=&#8221;&#8221;]<div class=\"iw-heading  style1  text-center\" style=\"width: 100%\"><h3 class=\"iwh-title\" style=\"font-size: 20px\">Kontakt<\/h3><div class=\"iwh-description\" style=\"color: #333333; font-size: 15px; font-family: Lato\">F\u00fcr weitere Informationen zur Unterkunft kontaktieren Sie uns bitte unter:<\/div><\/div>[\/vc_column][\/vc_row][vc_row css=&#8221;.vc_custom_1521025831669{margin-top: 0px !important;margin-bottom: 0px !important;}&#8221;][vc_column width=&#8221;1\/2&#8243;][vc_wp_text 0=&#8221;&#8221;]<\/p>\n<p style=\"text-align: left;\"><span class=\"hermes-contact-value\">Mobil<\/span><span class=\"hermes-contact-value\" style=\"color: #6b6b6b;\">: <\/span><a href=\"http:\/\/+385923004824\"><span class=\"hermes-contact-value\">+385 92 300 4824<\/span><\/a><br \/>\n<span class=\"hermes-contact-value\">E-mail: <a href=\"mailto:info@stinivavis.com\">info@stinivavis.com<\/a><\/span><br \/>\nInternet:\u00a0<a href=\"https:\/\/villaluanavis.com\">https:\/\/villaluanavis.com<\/a><\/p>\n<p style=\"text-align: left;\">Adresse: \u017d<span class=\"hermes-contact-value\">u\u017eeca 5, 21480 Vis<\/span><\/p>\n<p>[\/vc_wp_text][\/vc_column][vc_column width=&#8221;1\/2&#8243;][vc_empty_space height=&#8221;40px&#8221;][\/vc_column][\/vc_row][vc_row 0=&#8221;&#8221;][vc_column 0=&#8221;&#8221;][vc_gmaps link=&#8221;#E-8_JTNDaWZyYW1lJTIwc3JjJTNEJTIyaHR0cHMlM0ElMkYlMkZ3d3cuZ29vZ2xlLmNvbSUyRm1hcHMlMkZlbWJlZCUzRnBiJTNEJTIxMW0xOCUyMTFtMTIlMjExbTMlMjExZDkzMzA4Ljc0OTk5MTUyMDY5JTIxMmQxNi4wODM1MjU4MTM5NzAyNDQlMjEzZDQzLjA0MzU2ODM1NTgwNTc0JTIxMm0zJTIxMWYwJTIxMmYwJTIxM2YwJTIxM20yJTIxMWkxMDI0JTIxMmk3NjglMjE0ZjEzLjElMjEzbTMlMjExbTIlMjExczB4MCUyNTNBMHhhNTdkYWMyYjJkMTYyN2U3JTIxMnNWaWxsYSUyQkx1YW5hJTIxNWUwJTIxM20yJTIxMXNlbiUyMTJzaHIlMjE0djE1MTgxMjY0MzAyNzklMjIlMjB3aWR0aCUzRCUyMjYwMCUyMiUyMGhlaWdodCUzRCUyMjQ1MCUyMiUyMGZyYW1lYm9yZGVyJTNEJTIyMCUyMiUyMHN0eWxlJTNEJTIyYm9yZGVyJTNBMCUyMiUyMGFsbG93ZnVsbHNjcmVlbiUzRSUzQyUyRmlmcmFtZSUzRQ==&#8221;][\/vc_column][\/vc_row]<\/p>\n","protected":false},"excerpt":{"rendered":"<p>[vc_row css=&#8221;.vc_custom_1520893815064{margin-top: 0px !important;margin-bottom: 0px !important;}&#8221;][vc_column 0=&#8221;&#8221;][\/vc_column][\/vc_row][vc_row css=&#8221;.vc_custom_1521025831669{margin-top: 0px !important;margin-bottom: 0px !important;}&#8221;][vc_column][vc_empty_space height=&#8221;10px&#8221;][\/vc_column][\/vc_row][vc_row css=&#8221;.vc_custom_1521025418243{margin-top: 0px !important;margin-bottom: 0px !important;}&#8221;][vc_column 0=&#8221;&#8221;][vc_column_text css=&#8221;.vc_custom_1597665744332{margin-top: 0px !important;margin-bottom: 0px !important;}&#8221;]Entdecken Sie die beste \u00dcbernachtungsm\u00f6glichkeit auf der Insel Vis. Entspannen Sie sich in Villa mit fantastischem Meerblick, welche direkt oberhalb von Stiniva liegt &#8211; ein einzigartiger, versteckter Strand, der zum besten Strand [&hellip;]<\/p>\n","protected":false},"author":1,"featured_media":0,"parent":0,"menu_order":0,"comment_status":"closed","ping_status":"closed","template":"","meta":{"footnotes":""},"class_list":["post-2922","page","type-page","status-publish","hentry"],"_links":{"self":[{"href":"https:\/\/stinivavis.com\/de\/wp-json\/wp\/v2\/pages\/2922","targetHints":{"allow":["GET"]}}],"collection":[{"href":"https:\/\/stinivavis.com\/de\/wp-json\/wp\/v2\/pages"}],"about":[{"href":"https:\/\/stinivavis.com\/de\/wp-json\/wp\/v2\/types\/page"}],"author":[{"embeddable":true,"href":"https:\/\/stinivavis.com\/de\/wp-json\/wp\/v2\/users\/1"}],"replies":[{"embeddable":true,"href":"https:\/\/stinivavis.com\/de\/wp-json\/wp\/v2\/comments?post=2922"}],"version-history":[{"count":8,"href":"https:\/\/stinivavis.com\/de\/wp-json\/wp\/v2\/pages\/2922\/revisions"}],"predecessor-version":[{"id":3829,"href":"https:\/\/stinivavis.com\/de\/wp-json\/wp\/v2\/pages\/2922\/revisions\/3829"}],"wp:attachment":[{"href":"https:\/\/stinivavis.com\/de\/wp-json\/wp\/v2\/media?parent=2922"}],"curies":[{"name":"wp","href":"https:\/\/api.w.org\/{rel}","templated":true}]}}