{"id":2927,"date":"2020-05-29T17:03:40","date_gmt":"2020-05-29T17:03:40","guid":{"rendered":"https:\/\/stinivavis.com\/active-vacation\/"},"modified":"2020-06-25T19:29:19","modified_gmt":"2020-06-25T19:29:19","slug":"aktiv-urlaub","status":"publish","type":"page","link":"https:\/\/stinivavis.com\/de\/aktiv-urlaub\/","title":{"rendered":"Aktiv-Urlaub"},"content":{"rendered":"<p>[vc_row css=&#8221;.vc_custom_1520893815064{margin-top: 0px !important;margin-bottom: 0px !important;}&#8221;][vc_column 0=&#8221;&#8221;]<div class=\"iw-heading  style3 \" style=\"width: 100%\"><h3 class=\"iwh-title\" style=\"font-size: 38px\">Aktivurlaub auf der Insel Vis<\/h3><\/div>[\/vc_column][\/vc_row][vc_row 0=&#8221;&#8221;][vc_column][vc_wp_text 0=&#8221;&#8221;]Die Insel Vis bietet Ihnen zahlreiche M\u00f6glichkeiten f\u00fcr einen aktiven Urlaub, eine wundersch\u00f6ne Landschaft, ein extrem klares und sauberes Meer, einzigartige Str\u00e4nde und einen Archipel kleiner Inseln, die besondere Highlights wie H\u00f6hlen und Restaurants beherbergen. Die Insel hat eine begrenzte Kapazit\u00e4t an Unterk\u00fcnften f\u00fcr Touristen, was sie von den anderen kroatischen Inseln unterscheidet, die f\u00fcr den Massentourismus bekannt sind.<\/p>\n<p>Vis ist die Insel der Wahl f\u00fcr diejenigen, die authentische Ruhe, unber\u00fchrte Natur, versteckte, einsame Str\u00e4nde abseits der Touristenmassen der dalmatinischen K\u00fcste suchen. Sie wird zur ersten Wahl f\u00fcr jene, die nicht auf der Suche nach Abenteuern im Nachtleben, \u00fcberf\u00fcllten Str\u00e4nden, vollgestopften Restaurants und Tavernen sind.<\/p>\n<p>Dies ist eine Themenwoche f\u00fcr alle Generationen, angepasst an verschiedene Vorlieben und Profile. Es gibt vier Grundfarben, welche die von uns angebotenen Aktivit\u00e4ten, die sch\u00f6nen Unterk\u00fcnfte und die qualitativ hochwertige, ma\u00dfgeschneiderte Verpflegung bestimmen. Vom Moment Ihrer Ankunft auf dem Flughafen von Split, verschwinden alle Ihre Sorgen und genau in diesem Moment, beginnt Ihr Urlaub.[\/vc_wp_text][\/vc_column][\/vc_row][vc_row el_class=&#8221;flex-row-reverse&#8221;][vc_column][vc_gallery interval=&#8221;3&#8243; images=&#8221;2889,2888,2867&#8243; img_size=&#8221;1920&#215;1300&#8243;][\/vc_column][\/vc_row][vc_row][vc_column][vc_wp_text 0=&#8221;&#8221;]Wir k\u00fcmmern uns um Ihren Transfer vom Flughafen zum Bootsterminal, so wie wir uns um alles andere bei Ihrer Ankunft auf der Insel k\u00fcmmern. Wir erkl\u00e4ren Ihnen die von uns angebotenen Aktivit\u00e4ten und stellen Ihnen einen Tagesablauf mit uns vor.<\/p>\n<p>Je nach Wetterbedingungen und W\u00fcnschen der G\u00e4ste, arrangieren und planen wir den Tag.<\/p>\n<h3>Preis pro Person:<\/h3>\n<ul>\n<li>\u00a0\u00a0\u00a0 1050\u20ac\/ W\u00f6chentlich\/ Min. 4 Personen ( 01.07. &#8211; 31.08.2017 )<\/li>\n<li>\u00a0\u00a0\u00a0 850\u20ac\/W\u00f6chentlich\/ Min. 4 Personen ( 01.05. &#8211; 30.06.2017, 01.09. &#8211; 31.10. 2017 )<\/li>\n<\/ul>\n<p>F\u00fcr Kinder unter 12 Jahren gibt es 20% Rabatt. F\u00fcr Babys bis zum Alter von 2 Jahren, berechnen wir keine Geb\u00fchren.<\/p>\n<p>Die Preise verstehen sich inklusive Mehrwertsteuer in Euro pro Person.<\/p>\n<h3>Das Paket beinhaltet:<\/h3>\n<ul>\n<li>\u00a0\u00a0\u00a0 7 Tage Luxus Unterkunft in der Villa Luana<\/li>\n<li>\u00a0\u00a0\u00a0 7 \u00dcbernachtungen mit Fr\u00fchst\u00fcck<\/li>\n<li>\u00a0\u00a0\u00a0 4 Mittagessen<\/li>\n<li>\u00a0\u00a0\u00a0 3 Abendessen<\/li>\n<li>\u00a0\u00a0\u00a0 5 Tage Aktivit\u00e4ten:<\/li>\n<li>\u00a0\u00a0\u00a0 Bootsfahrt auf der S\u00fcdseite der Insel Vis ( Blaue H\u00f6hle, M\u00f6nchsrobbenh\u00f6hle), Strand Stiniva, Gr\u00fcne H\u00f6hle, Blaue Lagune Budikovac )<\/li>\n<li>\u00a0\u00a0\u00a0 Auf dem Rad nach Komiza<\/li>\n<li>\u00a0\u00a0\u00a0 Kajakfahren zur gr\u00fcnen H\u00f6hle<\/li>\n<li>\u00a0\u00a0\u00a0 Schnorcheln in der Lagune von Budikovac<\/li>\n<li>\u00a0\u00a0\u00a0 Milit\u00e4rischer Rundgang<\/li>\n<li>\u00a0\u00a0\u00a0 M\u00f6glichkeit an morgendlichem Yoga oder morgendlichem Joggen und so vielem mehr teilzunehmen<\/li>\n<li>\u00a0\u00a0\u00a0 Viel Spa\u00df und Gel\u00e4chter.<\/li>\n<li>\u00a0\u00a0\u00a0 Kostenloses WLAN<\/li>\n<li>\u00a0\u00a0\u00a0 4 Fahrr\u00e4der zur Erkundung der Insel Vis<\/li>\n<\/ul>\n<p>[\/vc_wp_text][\/vc_column][\/vc_row]<\/p>\n","protected":false},"excerpt":{"rendered":"<p>[vc_row css=&#8221;.vc_custom_1520893815064{margin-top: 0px !important;margin-bottom: 0px !important;}&#8221;][vc_column 0=&#8221;&#8221;][\/vc_column][\/vc_row][vc_row 0=&#8221;&#8221;][vc_column][vc_wp_text 0=&#8221;&#8221;]Die Insel Vis bietet Ihnen zahlreiche M\u00f6glichkeiten f\u00fcr einen aktiven Urlaub, eine wundersch\u00f6ne Landschaft, ein extrem klares und sauberes Meer, einzigartige Str\u00e4nde und einen Archipel kleiner Inseln, die besondere Highlights wie H\u00f6hlen und Restaurants beherbergen. Die Insel hat eine begrenzte Kapazit\u00e4t an Unterk\u00fcnften f\u00fcr Touristen, was sie [&hellip;]<\/p>\n","protected":false},"author":1,"featured_media":0,"parent":0,"menu_order":0,"comment_status":"closed","ping_status":"closed","template":"","meta":{"footnotes":""},"class_list":["post-2927","page","type-page","status-publish","hentry"],"_links":{"self":[{"href":"https:\/\/stinivavis.com\/de\/wp-json\/wp\/v2\/pages\/2927","targetHints":{"allow":["GET"]}}],"collection":[{"href":"https:\/\/stinivavis.com\/de\/wp-json\/wp\/v2\/pages"}],"about":[{"href":"https:\/\/stinivavis.com\/de\/wp-json\/wp\/v2\/types\/page"}],"author":[{"embeddable":true,"href":"https:\/\/stinivavis.com\/de\/wp-json\/wp\/v2\/users\/1"}],"replies":[{"embeddable":true,"href":"https:\/\/stinivavis.com\/de\/wp-json\/wp\/v2\/comments?post=2927"}],"version-history":[{"count":2,"href":"https:\/\/stinivavis.com\/de\/wp-json\/wp\/v2\/pages\/2927\/revisions"}],"predecessor-version":[{"id":2943,"href":"https:\/\/stinivavis.com\/de\/wp-json\/wp\/v2\/pages\/2927\/revisions\/2943"}],"wp:attachment":[{"href":"https:\/\/stinivavis.com\/de\/wp-json\/wp\/v2\/media?parent=2927"}],"curies":[{"name":"wp","href":"https:\/\/api.w.org\/{rel}","templated":true}]}}