{"id":2935,"date":"2018-02-07T13:53:15","date_gmt":"2018-02-07T13:53:15","guid":{"rendered":"https:\/\/stinivavis.com\/boat-tours\/"},"modified":"2020-07-02T19:16:35","modified_gmt":"2020-07-02T19:16:35","slug":"bootstouren","status":"publish","type":"page","link":"https:\/\/stinivavis.com\/de\/bootstouren\/","title":{"rendered":"Bootstouren"},"content":{"rendered":"<p>[vc_row css=&#8221;.vc_custom_1520893815064{margin-top: 0px !important;margin-bottom: 0px !important;}&#8221;][vc_column]<div class=\"iw-heading  style3 \" style=\"width: 100%\"><div class=\"iwh-sub-title\" style=\"font-size: 16x; font-weight: 400\">ENTDECKEN SIE <\/div><h3 class=\"iwh-title\" style=\"font-size: 38px\">Stiniva und Vis mit dem Boot<\/h3><\/div>[\/vc_column][\/vc_row][vc_row css=&#8221;.vc_custom_1521025124981{margin-top: 0px !important;margin-bottom: 0px !important;}&#8221;][vc_column][vc_column_text css=&#8221;.vc_custom_1593694867538{margin-top: 0px !important;margin-bottom: 20px !important;}&#8221;]Abenteuerliche Bootsfahrten, schwimmen, Spr\u00fcnge ins Meer, Unterwassererkundungen, tauchen, fotografieren an den attraktivsten Orten Dalmatiens &#8211; all dies an einem Tag mit unserer Bootsfahrt um die Insel. Professionelle F\u00fchrung und flexibler Zeitplan.<\/p>\n<p><span style=\"color: #13a1c5;\">Schauen Sie sich eine oder mehrere Bootstouren an und w\u00e4hlen Sie diejenige, die am besten zu Ihnen passt!<\/span><br \/>\n<span style=\"color: #13a1c5;\">Oder wenn Sie einfach nur einen Bootstransfer oder ein Mietboot ben\u00f6tigen, sind wir hier, um Ihnen zu helfen.<\/span>[\/vc_column_text][\/vc_column][\/vc_row][vc_row][vc_column width=&#8221;1\/3&#8243; el_class=&#8221;box-wrapper box-adjustable&#8221;]<div class=\"iw-heading  style3  text-center\" style=\"width: 100%\"><h3 class=\"iwh-title\" style=\"font-size: 18px\">Private Bootstour rund um die Insel<\/h3><\/div>[vc_single_image image=&#8221;2291&#8243; img_size=&#8221;large&#8221; alignment=&#8221;center&#8221; onclick=&#8221;custom_link&#8221; css=&#8221;.vc_custom_1553874654593{background-position: center !important;background-repeat: no-repeat !important;background-size: contain !important;}&#8221; link=&#8221;https:\/\/stinivavis.com\/boat-tours\/round-the-island-boat-tour\/&#8221;][vc_wp_text]<\/p>\n<h5 style=\"text-align: center;\"><span style=\"color: #40a1c5;\">Preis: 300 \u20ac pro Boot<\/span><\/h5>\n<p>[\/vc_wp_text]<div class=\"iw-button  button1 vc_custom_1593712875742 ibutton-small center-text background-opacity\"><div class=\"iw-button-text\"><a style=\"\" class=\"button-text  theme-bg color-white border-grey square full-width\" href=\"https:\/\/stinivavis.com\/boat-tours\/round-the-island-boat-tour\/\">Mehr Infos &amp; Buchung<\/a><\/div><div style=\"clear: both\"><\/div><\/div>[\/vc_column][vc_column width=&#8221;1\/3&#8243; el_class=&#8221;box-wrapper box-adjustable&#8221;]<div class=\"iw-heading  style3  text-center\" style=\"width: 100%\"><h3 class=\"iwh-title\" style=\"font-size: 18px\">Private Bootstour durch die drei H\u00f6hlen<\/h3><\/div>[vc_single_image image=&#8221;2004&#8243; img_size=&#8221;large&#8221; alignment=&#8221;center&#8221; onclick=&#8221;custom_link&#8221; css=&#8221;.vc_custom_1553874800005{background-position: center !important;background-repeat: no-repeat !important;background-size: contain !important;}&#8221; link=&#8221;https:\/\/stinivavis.com\/boat-tours\/three-caves-boat-tour\/&#8221;][vc_wp_text]<\/p>\n<h5 style=\"text-align: center;\"><span style=\"color: #40a1c5;\">Preis: 250 \u20ac pro Boot<\/span><\/h5>\n<p>[\/vc_wp_text]<div class=\"iw-button  button1 vc_custom_1593712882190 ibutton-small center-text background-opacity\"><div class=\"iw-button-text\"><a style=\"\" class=\"button-text  theme-bg color-white border-grey square full-width\" href=\"https:\/\/stinivavis.com\/boat-tours\/three-caves-boat-tour\/\">Mehr Infos &amp; Buchung<\/a><\/div><div style=\"clear: both\"><\/div><\/div>[\/vc_column][vc_column width=&#8221;1\/3&#8243; css=&#8221;.vc_custom_1531476989487{background-position: center !important;background-repeat: no-repeat !important;background-size: cover !important;}&#8221; el_class=&#8221;box-wrapper box-adjustable&#8221;]<div class=\"iw-heading  style3  text-center\" style=\"width: 100%\"><h3 class=\"iwh-title\" style=\"font-size: 18px\">Blaue H\u00f6hle &amp; M\u00f6nchsrobbenh\u00f6hle - private Bootstour<\/h3><\/div>[vc_single_image image=&#8221;1614&#8243; img_size=&#8221;large&#8221; alignment=&#8221;center&#8221; onclick=&#8221;custom_link&#8221; css=&#8221;.vc_custom_1553874912609{background-position: center !important;background-repeat: no-repeat !important;background-size: contain !important;}&#8221; link=&#8221;https:\/\/stinivavis.com\/boat-tours\/blue-cave-monk-seal-cave-boat-tour\/&#8221;][vc_wp_text]<\/p>\n<h5 style=\"text-align: center;\"><span style=\"color: #40a1c5;\">Preis: 200 \u20ac pro Boot<\/span><\/h5>\n<p>[\/vc_wp_text]<div class=\"iw-button  button1 vc_custom_1593712890862 ibutton-small center-text background-opacity\"><div class=\"iw-button-text\"><a style=\"\" class=\"button-text  theme-bg color-white border-grey square full-width\" href=\"https:\/\/stinivavis.com\/boat-tours\/blue-cave-monk-seal-cave-boat-tour\/\">Mehr Infos &amp; Buchung<\/a><\/div><div style=\"clear: both\"><\/div><\/div>[\/vc_column][\/vc_row][vc_row css=&#8221;.vc_custom_1529060023724{margin-top: 10px !important;margin-bottom: 0px !important;}&#8221;][vc_column][vc_separator color=&#8221;peacoc&#8221;][\/vc_column][\/vc_row][vc_row][vc_column width=&#8221;1\/3&#8243; css=&#8221;.vc_custom_1531476999912{background-position: center !important;background-repeat: no-repeat !important;background-size: cover !important;}&#8221; el_class=&#8221;box-wrapper box-adjustable&#8221;]<div class=\"iw-heading  style3  text-center\" style=\"width: 100%\"><h3 class=\"iwh-title\" style=\"font-size: 18px\">Private Bootstour an der S\u00fcdseite der Insel Vis<\/h3><\/div>[vc_single_image image=&#8221;2293&#8243; img_size=&#8221;large&#8221; alignment=&#8221;center&#8221; onclick=&#8221;custom_link&#8221; css=&#8221;.vc_custom_1553875080592{background-position: center !important;background-repeat: no-repeat !important;background-size: contain !important;}&#8221; link=&#8221;https:\/\/stinivavis.com\/boat-tours\/boat-tour-at-the-south-side-of-island-vis\/&#8221;][vc_wp_text]<\/p>\n<h5 style=\"text-align: center;\"><span style=\"color: #40a1c5;\">Preis: 250 \u20ac pro Boot<\/span><\/h5>\n<p>[\/vc_wp_text]<div class=\"iw-button  button1 vc_custom_1593715264233 ibutton-small center-text background-opacity\"><div class=\"iw-button-text\"><a style=\"\" class=\"button-text  theme-bg color-white border-grey square full-width\" href=\"https:\/\/stinivavis.com\/boat-tours\/boat-tour-at-the-south-side-of-island-vis\/\">Mehr Infos &amp; Buchung<\/a><\/div><div style=\"clear: both\"><\/div><\/div>[\/vc_column][vc_column width=&#8221;1\/3&#8243; el_class=&#8221;box-wrapper box-adjustable&#8221;]<div class=\"iw-heading  style3  text-center\" style=\"width: 100%\"><h3 class=\"iwh-title\" style=\"font-size: 18px\">Hvar &amp; Pakleni Inseln - private Bootstour<\/h3><\/div>[vc_single_image image=&#8221;2177&#8243; img_size=&#8221;large&#8221; alignment=&#8221;center&#8221; onclick=&#8221;custom_link&#8221; css=&#8221;.vc_custom_1553875175493{background-position: center !important;background-repeat: no-repeat !important;background-size: contain !important;}&#8221; link=&#8221;https:\/\/stinivavis.com\/boat-tours\/hvar-pakleni-islands-boat-tour\/&#8221;][vc_wp_text]<\/p>\n<h5 style=\"text-align: center;\"><span style=\"color: #40a1c5;\">Preis: 300 \u20ac pro Boot<\/span><\/h5>\n<p>[\/vc_wp_text]<div class=\"iw-button  button1 vc_custom_1593715275047 ibutton-small center-text background-opacity\"><div class=\"iw-button-text\"><a style=\"\" class=\"button-text  theme-bg color-white border-grey square full-width\" href=\"https:\/\/stinivavis.com\/boat-tours\/hvar-pakleni-islands-boat-tour\/\">Mehr Infos &amp; Buchung<\/a><\/div><div style=\"clear: both\"><\/div><\/div>[\/vc_column][vc_column width=&#8221;1\/3&#8243; el_class=&#8221;box-wrapper box-adjustable&#8221;]<div class=\"iw-heading  style3  text-center\" style=\"width: 100%\"><h3 class=\"iwh-title\" style=\"font-size: 18px\">Private Bootstour durch die Gr\u00fcne H\u00f6hle<\/h3><\/div>[vc_single_image image=&#8221;2189&#8243; img_size=&#8221;large&#8221; alignment=&#8221;center&#8221; onclick=&#8221;custom_link&#8221; css=&#8221;.vc_custom_1553875214852{background-position: center !important;background-repeat: no-repeat !important;background-size: contain !important;}&#8221; link=&#8221;https:\/\/stinivavis.com\/boat-tours\/green-cave-boat-tour\/&#8221;][vc_wp_text]<\/p>\n<h5 style=\"text-align: center;\"><span style=\"color: #40a1c5;\">Preis: 180 \u20ac pro Boot<\/span><\/h5>\n<p>[\/vc_wp_text]<div class=\"iw-button  button1 vc_custom_1593715281867 ibutton-small center-text background-opacity\"><div class=\"iw-button-text\"><a style=\"\" class=\"button-text  theme-bg color-white border-grey square full-width\" href=\"https:\/\/stinivavis.com\/boat-tours\/green-cave-boat-tour\/\">Mehr Infos &amp; Buchung<\/a><\/div><div style=\"clear: both\"><\/div><\/div>[\/vc_column][\/vc_row][vc_row css=&#8221;.vc_custom_1529060023724{margin-top: 10px !important;margin-bottom: 0px !important;}&#8221;][vc_column][vc_separator color=&#8221;peacoc&#8221;][\/vc_column][\/vc_row][vc_row][vc_column width=&#8221;1\/3&#8243; el_class=&#8221;box-wrapper box-adjustable&#8221;]<div class=\"iw-heading  style3  text-center\" style=\"width: 100%\"><h3 class=\"iwh-title\" style=\"font-size: 18px\">Privater Ausflug zum Stiniva Strand<\/h3><\/div>[vc_single_image image=&#8221;2300&#8243; img_size=&#8221;large&#8221; alignment=&#8221;center&#8221; onclick=&#8221;custom_link&#8221; css=&#8221;.vc_custom_1553875634083{background-position: center !important;background-repeat: no-repeat !important;background-size: contain !important;}&#8221; link=&#8221;https:\/\/stinivavis.com\/boat-tours\/stiniva-beach-private-tour\/&#8221;][vc_wp_text]<\/p>\n<h5 style=\"text-align: center;\"><span style=\"color: #40a1c5;\">Preis: 180 \u20ac pro Boot<\/span><\/h5>\n<p>[\/vc_wp_text]<div class=\"iw-button  button1 vc_custom_1593715286499 ibutton-small center-text background-opacity\"><div class=\"iw-button-text\"><a style=\"\" class=\"button-text  theme-bg color-white border-grey square full-width\" href=\"https:\/\/stinivavis.com\/boat-tours\/stiniva-beach-private-tour\/\">Mehr Infos &amp; Buchung<\/a><\/div><div style=\"clear: both\"><\/div><\/div>[\/vc_column][vc_column width=&#8221;1\/3&#8243; css=&#8221;.vc_custom_1531477020336{background-position: center !important;background-repeat: no-repeat !important;background-size: cover !important;}&#8221; el_class=&#8221;box-wrapper box-adjustable&#8221;]<div class=\"iw-heading  style3  text-center\" style=\"width: 100%\"><h3 class=\"iwh-title\" style=\"font-size: 18px\">Boot mieten<\/h3><\/div>[vc_single_image image=&#8221;2285&#8243; img_size=&#8221;large&#8221; alignment=&#8221;center&#8221; onclick=&#8221;custom_link&#8221; css=&#8221;.vc_custom_1553875725802{background-position: center !important;background-repeat: no-repeat !important;background-size: contain !important;}&#8221; link=&#8221;https:\/\/stinivavis.com\/boat-tours\/rent-a-boat-in-island-vis\/&#8221;][vc_wp_text]<\/p>\n<h5 style=\"text-align: center;\"><span style=\"color: #40a1c5;\">Preis: auf Anfrage<br \/>\n<\/span><\/h5>\n<p>[\/vc_wp_text]<div class=\"iw-button  button1 vc_custom_1593715291325 ibutton-small center-text background-opacity\"><div class=\"iw-button-text\"><a style=\"\" class=\"button-text  theme-bg color-white border-grey square full-width\" href=\"https:\/\/stinivavis.com\/boat-tours\/rent-a-boat-in-island-vis\/\">Mehr Infos &amp; Buchung<\/a><\/div><div style=\"clear: both\"><\/div><\/div>[\/vc_column][vc_column width=&#8221;1\/3&#8243; el_class=&#8221;box-wrapper box-adjustable&#8221;]<div class=\"iw-heading  style3  text-center\" style=\"width: 100%\"><h3 class=\"iwh-title\" style=\"font-size: 18px\">Bootstransfers<\/h3><\/div>[vc_single_image image=&#8221;2270&#8243; img_size=&#8221;large&#8221; alignment=&#8221;center&#8221; onclick=&#8221;custom_link&#8221; css=&#8221;.vc_custom_1553877087732{background-position: center !important;background-repeat: no-repeat !important;background-size: contain !important;}&#8221; link=&#8221;https:\/\/stinivavis.com\/boat-tours\/boat-transfers-2\/&#8221;][vc_wp_text]<\/p>\n<h5 style=\"text-align: center;\"><span style=\"color: #40a1c5;\">Preis: auf Anfrage<br \/>\n<\/span><\/h5>\n<p>[\/vc_wp_text]<div class=\"iw-button  button1 vc_custom_1593715296508 ibutton-small center-text background-opacity\"><div class=\"iw-button-text\"><a style=\"\" class=\"button-text  theme-bg color-white border-grey square full-width\" href=\"https:\/\/stinivavis.com\/boat-tours\/boat-transfers-2\/\">Mehr Infos &amp; Buchung<\/a><\/div><div style=\"clear: both\"><\/div><\/div>[\/vc_column][\/vc_row]<\/p>\n","protected":false},"excerpt":{"rendered":"<p>[vc_row css=&#8221;.vc_custom_1520893815064{margin-top: 0px !important;margin-bottom: 0px !important;}&#8221;][vc_column][\/vc_column][\/vc_row][vc_row css=&#8221;.vc_custom_1521025124981{margin-top: 0px !important;margin-bottom: 0px !important;}&#8221;][vc_column][vc_column_text css=&#8221;.vc_custom_1593694867538{margin-top: 0px !important;margin-bottom: 20px !important;}&#8221;]Abenteuerliche Bootsfahrten, schwimmen, Spr\u00fcnge ins Meer, Unterwassererkundungen, tauchen, fotografieren an den attraktivsten Orten Dalmatiens &#8211; all dies an einem Tag mit unserer Bootsfahrt um die Insel. Professionelle F\u00fchrung und flexibler Zeitplan. Schauen Sie sich eine oder mehrere Bootstouren an und [&hellip;]<\/p>\n","protected":false},"author":1,"featured_media":0,"parent":0,"menu_order":0,"comment_status":"closed","ping_status":"closed","template":"","meta":{"footnotes":""},"class_list":["post-2935","page","type-page","status-publish","hentry"],"_links":{"self":[{"href":"https:\/\/stinivavis.com\/de\/wp-json\/wp\/v2\/pages\/2935","targetHints":{"allow":["GET"]}}],"collection":[{"href":"https:\/\/stinivavis.com\/de\/wp-json\/wp\/v2\/pages"}],"about":[{"href":"https:\/\/stinivavis.com\/de\/wp-json\/wp\/v2\/types\/page"}],"author":[{"embeddable":true,"href":"https:\/\/stinivavis.com\/de\/wp-json\/wp\/v2\/users\/1"}],"replies":[{"embeddable":true,"href":"https:\/\/stinivavis.com\/de\/wp-json\/wp\/v2\/comments?post=2935"}],"version-history":[{"count":4,"href":"https:\/\/stinivavis.com\/de\/wp-json\/wp\/v2\/pages\/2935\/revisions"}],"predecessor-version":[{"id":3023,"href":"https:\/\/stinivavis.com\/de\/wp-json\/wp\/v2\/pages\/2935\/revisions\/3023"}],"wp:attachment":[{"href":"https:\/\/stinivavis.com\/de\/wp-json\/wp\/v2\/media?parent=2935"}],"curies":[{"name":"wp","href":"https:\/\/api.w.org\/{rel}","templated":true}]}}