{"id":2948,"date":"2020-06-25T19:32:04","date_gmt":"2020-06-25T19:32:04","guid":{"rendered":"https:\/\/stinivavis.com\/?page_id=2948"},"modified":"2020-07-09T11:19:13","modified_gmt":"2020-07-09T11:19:13","slug":"privater-ausflug-zum-stiniva-strand","status":"publish","type":"page","link":"https:\/\/stinivavis.com\/de\/bootstouren\/privater-ausflug-zum-stiniva-strand\/","title":{"rendered":"Privater Ausflug zum Stiniva Strand"},"content":{"rendered":"<h2>Privater Ausflug zum Stiniva Strand<\/h2>\n<ul>\n<li>Preis: 180\u20ac pro Boot<\/li>\n<\/ul>\n<ul>\n<li>Professionelle F\u00fchrung<\/li>\n<\/ul>\n<ul>\n<li>Flexibler Zeitplan<\/li>\n<\/ul>\n<p>Voriger<br \/>\nN\u00e4chster<\/p>\n<h3>VERF\u00dcGBARKEIT PR\u00dcFEN<\/h3>\n<p>Senden Sie Ihre Anfrage mindestens 24 Stunden vor Beginn der F\u00fchrung.<\/p>\n\n<div class=\"wpcf7 no-js\" id=\"wpcf7-f3217-o1\" lang=\"en-US\" dir=\"ltr\" data-wpcf7-id=\"3217\">\n<div class=\"screen-reader-response\"><p role=\"status\" aria-live=\"polite\" aria-atomic=\"true\"><\/p> <ul><\/ul><\/div>\n<form action=\"\/de\/wp-json\/wp\/v2\/pages\/2948#wpcf7-f3217-o1\" method=\"post\" class=\"wpcf7-form init\" aria-label=\"Contact form\" novalidate=\"novalidate\" data-status=\"init\">\n<fieldset class=\"hidden-fields-container\"><input type=\"hidden\" name=\"_wpcf7\" value=\"3217\" \/><input type=\"hidden\" name=\"_wpcf7_version\" value=\"6.1.4\" \/><input type=\"hidden\" name=\"_wpcf7_locale\" value=\"en_US\" \/><input type=\"hidden\" name=\"_wpcf7_unit_tag\" value=\"wpcf7-f3217-o1\" \/><input type=\"hidden\" name=\"_wpcf7_container_post\" value=\"0\" \/><input type=\"hidden\" name=\"_wpcf7_posted_data_hash\" value=\"\" \/>\n<\/fieldset>\n<div class=\"two-col\">\n\t<p><label> Datum ausw\u00e4hlen (erforderlich)<br \/>\n<span class=\"wpcf7-form-control-wrap\" data-name=\"dt1\"><input size=\"40\" maxlength=\"400\" class=\"wpcf7-form-control wpcf7-text wpcf7-validates-as-required dp-field\" aria-required=\"true\" aria-invalid=\"false\" value=\"\" type=\"text\" name=\"dt1\" \/><\/span> <\/label>\n\t<\/p>\n\t<p><label> Anzahl der G\u00e4ste (erforderlich)<br \/>\n<span class=\"wpcf7-form-control-wrap\" data-name=\"number-370\"><input class=\"wpcf7-form-control wpcf7-number wpcf7-validates-as-number\" aria-invalid=\"false\" value=\"\" type=\"number\" name=\"number-370\" \/><\/span> <\/label>\n\t<\/p>\n<\/div>\n<p><label> Ihre E-Mail (erforderlich)<br \/>\n<span class=\"wpcf7-form-control-wrap\" data-name=\"your-email\"><input size=\"40\" maxlength=\"400\" class=\"wpcf7-form-control wpcf7-email wpcf7-validates-as-required wpcf7-text wpcf7-validates-as-email\" aria-required=\"true\" aria-invalid=\"false\" value=\"\" type=\"email\" name=\"your-email\" \/><\/span> <\/label>\n<\/p>\n<p><label> Ihre Notizen (optional)<br \/>\n<span class=\"wpcf7-form-control-wrap\" data-name=\"Your-notes\"><textarea cols=\"58\" rows=\"2\" maxlength=\"2000\" class=\"wpcf7-form-control wpcf7-textarea\" aria-invalid=\"false\" name=\"Your-notes\"><\/textarea><\/span><\/label>\n<\/p>\n<p><span id=\"wpcf7-69ea0f0e42394-wrapper\" class=\"wpcf7-form-control-wrap website-220-wrap\" style=\"display:none !important; visibility:hidden !important;\"><label for=\"wpcf7-69ea0f0e42394-field\" class=\"hp-message\">Please leave this field empty.<\/label><input id=\"wpcf7-69ea0f0e42394-field\"  class=\"wpcf7-form-control wpcf7-text\" type=\"text\" name=\"website-220\" value=\"\" size=\"40\" tabindex=\"-1\" autocomplete=\"new-password\" \/><\/span><br \/>\n<span class=\"wpcf7-form-control-wrap\" data-name=\"acceptance-401\"><span class=\"wpcf7-form-control wpcf7-acceptance\"><span class=\"wpcf7-list-item\"><label><input type=\"checkbox\" name=\"acceptance-401\" value=\"1\" aria-invalid=\"false\" \/><span class=\"wpcf7-list-item-label\">Mit der Verwendung dieses Formulars erkl\u00e4ren Sie sich mit der Speicherung Ihrer Daten einverstanden.<\/span><\/label><\/span><\/span><\/span>\n<\/p>\n<p><input class=\"wpcf7-form-control wpcf7-submit has-spinner\" type=\"submit\" value=\"Senden\" \/>\n<\/p><div class=\"wpcf7-response-output\" aria-hidden=\"true\"><\/div>\n<\/form>\n<\/div>\n\n<h4>Dauer: 6 Stunden<\/h4>\n<h4>Abreise: Rukavec oder Stadt Vis<\/h4>\n<h4>Im Preis inbegriffen: Boot, Treibstoff, Skipper, Versicherung<\/h4>\n<p><a>TOUR BESCHREIBUNG <\/a><\/p>\n<p>Erkunden Sie den sch\u00f6nsten Strand Europas \u2013 den Strand von Stiniva und seine Bucht. Buchen Sie diese private Tour und erleben Sie die, nur Einheimischen bekannten, Sch\u00f6nheiten des Stiniva Strandes.<\/p>\n<p>Buchen Sie Ihr Boot und segeln Sie zu der versteckten Bucht von Stiniva auf der S\u00fcdseite der Insel Vis. Genie\u00dfen Sie die Sonnenreflexion auf dem kristallklaren Meer am erstaunlichen Strand von Stiniva. Schwimmen Sie im glasklaren Meer, mieten Sie ein Pedalboard und genie\u00dfen Sie das Stand up padeling. Sie k\u00f6nnen auch einen Liegestuhl am Strand mieten und die erfrischenden Getr\u00e4nke in der Strandbar probieren. Erleben Sie einen Tag voller Spa\u00df und Entspannung f\u00fcr K\u00f6rper und Geist.<\/p>\n<p><a>INFO<\/a><\/p>\n<p><strong>Abreise:<\/strong><br \/>\nDie \u00fcblichen Abfahrtsorte sind Rukavac oder die Stadt Vis, aber dies kann je nach Ihrem Standort und Ihrer Anfrage ge\u00e4ndert werden.<\/p>\n<p><strong>Dauer:<\/strong><br \/>\nDie geplante Dauer der Tour betr\u00e4gt 6 Stunden. Alle Stopps (zum Schwimmen, Mittagessen, Trinken\u2026) werden vereinbart.<\/p>\n<p><strong>Personen:<\/strong><br \/>\nDie Tour wird f\u00fcr bis zu 6 oder 8 Personen auf einem Boot organisiert. Falls Sie eine gr\u00f6ssere Gruppe haben, k\u00f6nnen Sie uns gerne unter \u00a0<a href=\"tel:+385923004824\">+385 92 300 4824\u00a0<\/a><br \/>\nkontaktieren.<\/p>\n","protected":false},"excerpt":{"rendered":"<p>Privater Ausflug zum Stiniva Strand Preis: 180\u20ac pro Boot Professionelle F\u00fchrung Flexibler Zeitplan Voriger N\u00e4chster VERF\u00dcGBARKEIT PR\u00dcFEN Senden Sie Ihre Anfrage mindestens 24 Stunden vor Beginn der F\u00fchrung. Dauer: 6 Stunden Abreise: Rukavec oder Stadt Vis Im Preis inbegriffen: Boot, Treibstoff, Skipper, Versicherung TOUR BESCHREIBUNG Erkunden Sie den sch\u00f6nsten Strand Europas \u2013 den Strand von [&hellip;]<\/p>\n","protected":false},"author":1,"featured_media":0,"parent":2935,"menu_order":0,"comment_status":"closed","ping_status":"closed","template":"","meta":{"footnotes":""},"class_list":["post-2948","page","type-page","status-publish","hentry"],"_links":{"self":[{"href":"https:\/\/stinivavis.com\/de\/wp-json\/wp\/v2\/pages\/2948","targetHints":{"allow":["GET"]}}],"collection":[{"href":"https:\/\/stinivavis.com\/de\/wp-json\/wp\/v2\/pages"}],"about":[{"href":"https:\/\/stinivavis.com\/de\/wp-json\/wp\/v2\/types\/page"}],"author":[{"embeddable":true,"href":"https:\/\/stinivavis.com\/de\/wp-json\/wp\/v2\/users\/1"}],"replies":[{"embeddable":true,"href":"https:\/\/stinivavis.com\/de\/wp-json\/wp\/v2\/comments?post=2948"}],"version-history":[{"count":11,"href":"https:\/\/stinivavis.com\/de\/wp-json\/wp\/v2\/pages\/2948\/revisions"}],"predecessor-version":[{"id":3228,"href":"https:\/\/stinivavis.com\/de\/wp-json\/wp\/v2\/pages\/2948\/revisions\/3228"}],"up":[{"embeddable":true,"href":"https:\/\/stinivavis.com\/de\/wp-json\/wp\/v2\/pages\/2935"}],"wp:attachment":[{"href":"https:\/\/stinivavis.com\/de\/wp-json\/wp\/v2\/media?parent=2948"}],"curies":[{"name":"wp","href":"https:\/\/api.w.org\/{rel}","templated":true}]}}