{"id":2959,"date":"2018-02-07T13:53:48","date_gmt":"2018-02-07T13:53:48","guid":{"rendered":"https:\/\/stinivavis.com\/island-vis\/"},"modified":"2020-07-02T19:21:16","modified_gmt":"2020-07-02T19:21:16","slug":"insel-vis","status":"publish","type":"page","link":"https:\/\/stinivavis.com\/de\/insel-vis\/","title":{"rendered":"Insel Vis"},"content":{"rendered":"<p>[vc_row 0=&#8221;&#8221;][vc_column 0=&#8221;&#8221;]<div class=\"iw-heading  style1 \" style=\"width: 100%\"><h3 class=\"iwh-title\" style=\"font-size: 36px\">Insel Vis entdecken<\/h3><\/div>[\/vc_column][\/vc_row][vc_row 0=&#8221;&#8221;][vc_column 0=&#8221;&#8221;][vc_wp_text 0=&#8221;&#8221;]Seit der Antike hat die Insel Vis wegen ihres milden Mittelmeerklimas und ihrer nautischen Lage Menschen in ihren Bann gezogen. Alte Steingeb\u00e4ude, Festungen und einzigartige Naturphoneme wie die Blaue H\u00f6hle und der Stiniva Strand sprechen \u00fcber die au\u00dfergew\u00f6hnliche Geschichte der Insel. Heute ist Vis die am weitesten entfernte, bewohnte Insel in Kroatien, die durch ihren einzigartigen historischen mediterranen Charme die Menschen anlockt.[\/vc_wp_text][\/vc_column][\/vc_row][vc_row 0=&#8221;&#8221;][vc_column width=&#8221;1\/2&#8243; el_class=&#8221;box-wrapper&#8221;]<div class=\"iw-heading  style3 \" style=\"width: 100%\"><h3 class=\"iwh-title\" style=\"font-size: 20px\">Geschichte<\/h3><\/div>[vc_single_image image=&#8221;1942&#8243; img_size=&#8221;420&#215;200&#8243; style=&#8221;vc_box_rounded&#8221; onclick=&#8221;custom_link&#8221; link=&#8221;https:\/\/stinivavis.com\/island-vis\/history\/&#8221;][vc_column_text 0=&#8221;&#8221;]Eine der ersten Erw\u00e4hnungen der Insel Vis stammt aus dem 4. Jahrhundert v. Chr., als der Dionysos, der Herrscher der griechischen Stadt Syrakus, hier seine Kolonie gr\u00fcndete und ihr den Namen Issa gab. Damals spielte dieses Gebiet eine wichtige Rolle im nautischen Handel und war bekannt f\u00fcr hervorragende Weine.[\/vc_column_text]<div class=\"iw-button  button1  ibutton-small background-opacity\"><div class=\"iw-button-text\"><a style=\"\" class=\"button-text  theme-bg color-white border-grey square width-auto\" href=\"https:\/\/stinivavis.com\/island-vis\/history\/\">MEHR ANZEIGEN<\/a><\/div><div style=\"clear: both\"><\/div><\/div>[\/vc_column][vc_column width=&#8221;1\/2&#8243; el_class=&#8221;box-wrapper&#8221;]<div class=\"iw-heading  style3 \" style=\"width: 100%\"><h3 class=\"iwh-title\" style=\"font-size: 20px\">Orte<\/h3><\/div>[vc_single_image image=&#8221;1943&#8243; img_size=&#8221;420&#215;200&#8243; style=&#8221;vc_box_rounded&#8221; onclick=&#8221;custom_link&#8221; link=&#8221;https:\/\/stinivavis.com\/island-vis\/places\/&#8221;][vc_column_text 0=&#8221;&#8221;]Die Stadt Vis ist der bev\u00f6lkerungsreichste Ort der Insel und verf\u00fcgt \u00fcber gute Verbindungen nach Hvar und Split. Komi\u017ea und Rukavac waren einst kleine Fischersiedlungen und sind heute beliebte Touristenziele mit sch\u00f6nen Kieselstr\u00e4nden und alten Steinbauten.[\/vc_column_text]<div class=\"iw-button  button1  ibutton-small background-opacity\"><div class=\"iw-button-text\"><a style=\"\" class=\"button-text  theme-bg color-white border-grey square width-auto\" href=\"https:\/\/stinivavis.com\/island-vis\/places\/\">MEHR ANZEIGEN<\/a><\/div><div style=\"clear: both\"><\/div><\/div>[\/vc_column][\/vc_row][vc_row 0=&#8221;&#8221;][vc_column 0=&#8221;&#8221;][vc_separator border_width=&#8221;2&#8243;][\/vc_column][\/vc_row][vc_row css=&#8221;.vc_custom_1530785173794{margin-top: 10px !important;}&#8221;][vc_column width=&#8221;1\/2&#8243; el_class=&#8221;box-wrapper&#8221;]<div class=\"iw-heading  style3 \" style=\"width: 100%\"><h3 class=\"iwh-title\" style=\"font-size: 20px\">Str\u00e4nde<\/h3><\/div>[vc_single_image image=&#8221;2006&#8243; img_size=&#8221;420&#215;200&#8243; style=&#8221;vc_box_rounded&#8221; onclick=&#8221;custom_link&#8221; link=&#8221;https:\/\/stinivavis.com\/island-vis\/beaches\/&#8221;][vc_column_text 0=&#8221;&#8221;]Der Strand von Stiniva ist mit seiner einzigartigen Form definitiv der beliebteste Strand in Vis. Aber neben Stiniva gibt es in Vis noch zahlreiche andere Sand- und Kieselstr\u00e4nde, die sich ideal zum Schwimmen und Schnorcheln eignen. Einige von ihnen befinden sich in den malerischen Buchten, andere an den versteckten Ufern.[\/vc_column_text]<div class=\"iw-button  button1  ibutton-small background-opacity\"><div class=\"iw-button-text\"><a style=\"\" class=\"button-text  theme-bg color-white border-grey square width-auto\" href=\"https:\/\/stinivavis.com\/island-vis\/beaches\/\">MEHR ANZEIGEN<\/a><\/div><div style=\"clear: both\"><\/div><\/div>[\/vc_column][vc_column width=&#8221;1\/2&#8243; el_class=&#8221;box-wrapper&#8221;]<div class=\"iw-heading  style3 \" style=\"width: 100%\"><h3 class=\"iwh-title\" style=\"font-size: 20px\">H\u00f6hlen<\/h3><\/div>[vc_single_image image=&#8221;2004&#8243; img_size=&#8221;420&#215;200&#8243; style=&#8221;vc_box_rounded&#8221;][vc_column_text 0=&#8221;&#8221;]Die M\u00f6nchsrobbenh\u00f6hle ist als letzter Lebensraum des seltenen mediterranen Robbentyps &#8211; einer M\u00f6nchsrobbe &#8211; bekannt. Zusammen mit der blauen und gr\u00fcnen H\u00f6hle ist sie ein wahres Wunder der Natur. Sie k\u00f6nnen im Rahmen von gef\u00fchrten Touren besichtigt werden und sind ein Muss f\u00fcr jeden Besucher der Insel.[\/vc_column_text]<div class=\"iw-button  button1  ibutton-small background-opacity\"><div class=\"iw-button-text\"><a style=\"\" class=\"button-text  theme-bg color-white border-grey square width-auto\" href=\"https:\/\/stinivavis.com\/island-vis\/caves\/\">MEHR ANZEIGEN<\/a><\/div><div style=\"clear: both\"><\/div><\/div>[\/vc_column][\/vc_row]<\/p>\n","protected":false},"excerpt":{"rendered":"<p>[vc_row 0=&#8221;&#8221;][vc_column 0=&#8221;&#8221;][\/vc_column][\/vc_row][vc_row 0=&#8221;&#8221;][vc_column 0=&#8221;&#8221;][vc_wp_text 0=&#8221;&#8221;]Seit der Antike hat die Insel Vis wegen ihres milden Mittelmeerklimas und ihrer nautischen Lage Menschen in ihren Bann gezogen. Alte Steingeb\u00e4ude, Festungen und einzigartige Naturphoneme wie die Blaue H\u00f6hle und der Stiniva Strand sprechen \u00fcber die au\u00dfergew\u00f6hnliche Geschichte der Insel. Heute ist Vis die am weitesten entfernte, bewohnte Insel [&hellip;]<\/p>\n","protected":false},"author":1,"featured_media":0,"parent":0,"menu_order":0,"comment_status":"closed","ping_status":"closed","template":"","meta":{"footnotes":""},"class_list":["post-2959","page","type-page","status-publish","hentry"],"_links":{"self":[{"href":"https:\/\/stinivavis.com\/de\/wp-json\/wp\/v2\/pages\/2959","targetHints":{"allow":["GET"]}}],"collection":[{"href":"https:\/\/stinivavis.com\/de\/wp-json\/wp\/v2\/pages"}],"about":[{"href":"https:\/\/stinivavis.com\/de\/wp-json\/wp\/v2\/types\/page"}],"author":[{"embeddable":true,"href":"https:\/\/stinivavis.com\/de\/wp-json\/wp\/v2\/users\/1"}],"replies":[{"embeddable":true,"href":"https:\/\/stinivavis.com\/de\/wp-json\/wp\/v2\/comments?post=2959"}],"version-history":[{"count":2,"href":"https:\/\/stinivavis.com\/de\/wp-json\/wp\/v2\/pages\/2959\/revisions"}],"predecessor-version":[{"id":3025,"href":"https:\/\/stinivavis.com\/de\/wp-json\/wp\/v2\/pages\/2959\/revisions\/3025"}],"wp:attachment":[{"href":"https:\/\/stinivavis.com\/de\/wp-json\/wp\/v2\/media?parent=2959"}],"curies":[{"name":"wp","href":"https:\/\/api.w.org\/{rel}","templated":true}]}}