{"id":2966,"date":"2018-02-14T11:22:43","date_gmt":"2018-02-14T11:22:43","guid":{"rendered":"https:\/\/stinivavis.com\/island-vis\/beaches\/"},"modified":"2020-07-06T13:36:09","modified_gmt":"2020-07-06T13:36:09","slug":"straende","status":"publish","type":"page","link":"https:\/\/stinivavis.com\/de\/insel-vis\/straende\/","title":{"rendered":"Str\u00e4nde"},"content":{"rendered":"<p>[vc_row][vc_column]<div class=\"iw-heading  style3 vc_custom_1594042565361\" style=\"width: 100%\"><h3 class=\"iwh-title\" style=\"font-size: 24px\">Strande auf der Insel Vis<\/h3><\/div>[vc_wp_text]Die Insel Vis ist bekannt f\u00fcr wundersch\u00f6ne Str\u00e4nde und klares t\u00fcrkisfarbenes Meer, das vor sommerlichen Hitzeeinbr\u00fcchen sch\u00fctzt. Stiniva ist sicherlich der beliebteste Strand auf der Vis, aber auch die anderen Str\u00e4nde sind einen Besuch wert. Hier sehen Sie eine Liste der anderen Str\u00e4nde.[\/vc_wp_text][\/vc_column][\/vc_row][vc_row css=&#8221;.vc_custom_1521026396989{margin-top: 0px !important;margin-bottom: 0px !important;}&#8221;][vc_column width=&#8221;1\/3&#8243;][vc_single_image image=&#8221;2026&#8243; img_size=&#8221;300&#215;240&#8243; css=&#8221;.vc_custom_1530783282104{margin-bottom: 0px !important;}&#8221;][\/vc_column][vc_column width=&#8221;2\/3&#8243;][vc_wp_text title=&#8221;Milna&#8221;]Milna ist ein Sandstrand im s\u00fcd\u00f6stlichen Teil der Insel in der Touristensiedlung Milna. Das flache Wasser macht diesen Strand zur besten Wahl f\u00fcr Picigin (ein Amateursport, bei dem die Spieler einen kleinen Ball in der Luft halten m\u00fcssen, damit er nicht ins Wasser f\u00e4llt). An diesem Strand k\u00f6nnen Sie einen Sonnenschirm und Liegest\u00fchle mieten.[\/vc_wp_text][\/vc_column][\/vc_row][vc_row gap=&#8221;1&#8243; css=&#8221;.vc_custom_1530783251657{margin-bottom: 10px !important;}&#8221;][vc_column][vc_separator color=&#8221;peacoc&#8221; css=&#8221;.vc_custom_1530782905115{margin-top: 0px !important;margin-bottom: 0px !important;}&#8221;][\/vc_column][\/vc_row][vc_row css=&#8221;.vc_custom_1521026396989{margin-top: 0px !important;margin-bottom: 0px !important;}&#8221;][vc_column width=&#8221;1\/3&#8243;][vc_single_image image=&#8221;2040&#8243; img_size=&#8221;300&#215;240&#8243; style=&#8221;vc_box_rounded&#8221;][\/vc_column][vc_column width=&#8221;2\/3&#8243;][vc_wp_text title=&#8221;Ston\u010dica&#8221;]Ston\u010dica ist bekannt f\u00fcr einen Leuchtturm und eine lange Bucht mit der kleinen Fischer- und Touristensiedlung. Es ist ein Sandstrand mit einer kleinen Strandbar, Palmen und Tamarisken, die f\u00fcr nat\u00fcrlichen Schatten sorgen. Er ist ideal f\u00fcr Familien mit kleinen Kindern, und ein 10-min\u00fctiger Spaziergang von der Stadt Vis bringt Sie zu diesem Strand.[\/vc_wp_text][\/vc_column][\/vc_row][vc_row][vc_column][vc_separator color=&#8221;peacoc&#8221; border_width=&#8221;2&#8243; css=&#8221;.vc_custom_1530783367900{margin-bottom: 10px !important;}&#8221;][\/vc_column][\/vc_row][vc_row css=&#8221;.vc_custom_1521026396989{margin-top: 0px !important;margin-bottom: 0px !important;}&#8221;][vc_column width=&#8221;1\/3&#8243;][vc_single_image image=&#8221;2006&#8243; img_size=&#8221;300&#215;240&#8243; style=&#8221;vc_box_rounded&#8221;][\/vc_column][vc_column width=&#8221;2\/3&#8243;][vc_wp_text title=&#8221;Srebrna&#8221;]Srebrna ist ein Kieselstrand mit klarem Wasser, leicht zug\u00e4nglich und mit vielen Schattenpl\u00e4tzen. Dadurch eignet er sich hervorragend f\u00fcr Familien mit kleinen Kindern. Es gibt einen Parkplatz, nur 5 Gehminuten vom Strand entfernt. Nicht weit weg gibt es auch eine Snackbar, Toiletten und einen Supermarkt. Sie k\u00f6nnen auch unter den B\u00e4umen sitzend ein Picknick machen.[\/vc_wp_text][\/vc_column][\/vc_row][vc_row][vc_column][vc_separator color=&#8221;peacoc&#8221; css=&#8221;.vc_custom_1530783432786{margin-bottom: 10px !important;}&#8221;][\/vc_column][\/vc_row][vc_row css=&#8221;.vc_custom_1521026396989{margin-top: 0px !important;margin-bottom: 0px !important;}&#8221;][vc_column width=&#8221;1\/3&#8243;][vc_single_image image=&#8221;2023&#8243; img_size=&#8221;300&#215;240&#8243; style=&#8221;vc_box_rounded&#8221;][\/vc_column][vc_column width=&#8221;2\/3&#8243;][vc_wp_text title=&#8221;Zaglav&#8221;]Zaglav, ein weiterer beliebter Strand hier, ist einer der sch\u00f6nsten Str\u00e4nde an der Adria. Er ist mit sehr hellem und glitzerndem Sand bedeckt, der unter der starken Sonneneinstrahlung \u00fcberhitzt wird. Der Strand ist mit der westlichen Str\u00f6mung des k\u00fchlen Meeres gesegnet, die dieses angenehme Gef\u00fchl vermittelt.[\/vc_wp_text][\/vc_column][\/vc_row][vc_row][vc_column][vc_separator color=&#8221;peacoc&#8221; css=&#8221;.vc_custom_1530783444623{margin-bottom: 10px !important;}&#8221;][\/vc_column][\/vc_row][vc_row css=&#8221;.vc_custom_1521026396989{margin-top: 0px !important;margin-bottom: 0px !important;}&#8221;][vc_column width=&#8221;1\/3&#8243;][vc_single_image image=&#8221;2022&#8243; img_size=&#8221;300&#215;240&#8243; style=&#8221;vc_box_rounded&#8221;][\/vc_column][vc_column width=&#8221;2\/3&#8243;][vc_wp_text title=&#8221;Budihovac&#8221;]Budihovac ist eine kleine unbewohnte Insel, die f\u00fcr ihre wundersch\u00f6ne Lagune mit dem wei\u00dfen Kieselsteinstrand Budihovac bekannt ist. Die \u00dcberreste des alten Sommerhauses und die Weinberge von Mali Plavac sind auf dieser winzigen Insel zu finden. Die Lagune mit kristallklarem Meer ist ideal f\u00fcr Nautiker, die auf der Suche nach einem Ankerplatz sind.[\/vc_wp_text][\/vc_column][\/vc_row][vc_row][vc_column][vc_separator color=&#8221;peacoc&#8221; css=&#8221;.vc_custom_1530783488922{margin-bottom: 10px !important;}&#8221;][\/vc_column][\/vc_row][vc_row css=&#8221;.vc_custom_1521026396989{margin-top: 0px !important;margin-bottom: 0px !important;}&#8221;][vc_column width=&#8221;1\/3&#8243;][vc_single_image image=&#8221;2007&#8243; img_size=&#8221;300&#215;240&#8243; style=&#8221;vc_box_rounded&#8221;][\/vc_column][vc_column width=&#8221;2\/3&#8243;][vc_wp_text title=&#8221;Mala Travna&#8221;]Mala Travna ist eine wundersch\u00f6ne kleine Bucht, auf der S\u00fcdseite der Insel mit einer S\u00fc\u00dfwasserquelle. Das Meer ist aufgrund der S\u00fc\u00dfwasserquelle und der Str\u00f6mung immer etwas k\u00e4lter als das am Strand von Srebrna.[\/vc_wp_text][\/vc_column][\/vc_row]<\/p>\n","protected":false},"excerpt":{"rendered":"<p>[vc_row][vc_column][vc_wp_text]Die Insel Vis ist bekannt f\u00fcr wundersch\u00f6ne Str\u00e4nde und klares t\u00fcrkisfarbenes Meer, das vor sommerlichen Hitzeeinbr\u00fcchen sch\u00fctzt. Stiniva ist sicherlich der beliebteste Strand auf der Vis, aber auch die anderen Str\u00e4nde sind einen Besuch wert. Hier sehen Sie eine Liste der anderen Str\u00e4nde.[\/vc_wp_text][\/vc_column][\/vc_row][vc_row css=&#8221;.vc_custom_1521026396989{margin-top: 0px !important;margin-bottom: 0px !important;}&#8221;][vc_column width=&#8221;1\/3&#8243;][vc_single_image image=&#8221;2026&#8243; img_size=&#8221;300&#215;240&#8243; css=&#8221;.vc_custom_1530783282104{margin-bottom: 0px !important;}&#8221;][\/vc_column][vc_column width=&#8221;2\/3&#8243;][vc_wp_text [&hellip;]<\/p>\n","protected":false},"author":1,"featured_media":0,"parent":2959,"menu_order":0,"comment_status":"closed","ping_status":"closed","template":"","meta":{"footnotes":""},"class_list":["post-2966","page","type-page","status-publish","hentry"],"_links":{"self":[{"href":"https:\/\/stinivavis.com\/de\/wp-json\/wp\/v2\/pages\/2966","targetHints":{"allow":["GET"]}}],"collection":[{"href":"https:\/\/stinivavis.com\/de\/wp-json\/wp\/v2\/pages"}],"about":[{"href":"https:\/\/stinivavis.com\/de\/wp-json\/wp\/v2\/types\/page"}],"author":[{"embeddable":true,"href":"https:\/\/stinivavis.com\/de\/wp-json\/wp\/v2\/users\/1"}],"replies":[{"embeddable":true,"href":"https:\/\/stinivavis.com\/de\/wp-json\/wp\/v2\/comments?post=2966"}],"version-history":[{"count":2,"href":"https:\/\/stinivavis.com\/de\/wp-json\/wp\/v2\/pages\/2966\/revisions"}],"predecessor-version":[{"id":3076,"href":"https:\/\/stinivavis.com\/de\/wp-json\/wp\/v2\/pages\/2966\/revisions\/3076"}],"up":[{"embeddable":true,"href":"https:\/\/stinivavis.com\/de\/wp-json\/wp\/v2\/pages\/2959"}],"wp:attachment":[{"href":"https:\/\/stinivavis.com\/de\/wp-json\/wp\/v2\/media?parent=2966"}],"curies":[{"name":"wp","href":"https:\/\/api.w.org\/{rel}","templated":true}]}}