{"id":2968,"date":"2018-03-15T11:13:59","date_gmt":"2018-03-15T11:13:59","guid":{"rendered":"https:\/\/stinivavis.com\/island-vis\/caves\/"},"modified":"2020-07-06T13:34:15","modified_gmt":"2020-07-06T13:34:15","slug":"hohlen","status":"publish","type":"page","link":"https:\/\/stinivavis.com\/de\/insel-vis\/hohlen\/","title":{"rendered":"H\u00f6hlen"},"content":{"rendered":"<p>[vc_row css=&#8221;.vc_custom_1520893815064{margin-top: 0px !important;margin-bottom: 0px !important;}&#8221;][vc_column]<div class=\"iw-heading  style3 \" style=\"width: 100%\"><h3 class=\"iwh-title\" style=\"font-size: 38px\">H\u00f6hlen<\/h3><\/div>[\/vc_column][\/vc_row][vc_row css=&#8221;.vc_custom_1521026396989{margin-top: 0px !important;margin-bottom: 0px !important;}&#8221;][vc_column width=&#8221;1\/3&#8243;][vc_single_image image=&#8221;1614&#8243; img_size=&#8221;300&#215;300&#8243; style=&#8221;vc_box_rounded&#8221;][\/vc_column][vc_column width=&#8221;2\/3&#8243;][vc_wp_text title=&#8221;Blaue H\u00f6hle&#8221;]Diese ber\u00fchmte Blaue H\u00f6hle auf der Insel Bi\u0161evo, ist eine der beliebtesten Attraktionen der Gegend. Wegen ihrer erstaunlichen Sch\u00f6nheit ist sie 1951 zu einem geomorphologischen Naturdenkmal erkl\u00e4rt worden. Wenn das Meer ruhig ist, erzeugen der Bruch und die Reflektion der Sonnenstrahlen vom Meeresgrund einen beeindruckenden Lichteffekt von einzigartiger blauer Farbe. Den H\u00f6hleneingang k\u00f6nnen Sie mit einem kleinen Ruderboot durchqueren.[\/vc_wp_text][\/vc_column][\/vc_row][vc_row][vc_column][vc_separator color=&#8221;peacoc&#8221; border_width=&#8221;2&#8243;][\/vc_column][\/vc_row][vc_row css=&#8221;.vc_custom_1521026396989{margin-top: 0px !important;margin-bottom: 0px !important;}&#8221;][vc_column width=&#8221;1\/3&#8243;][vc_single_image image=&#8221;2189&#8243; img_size=&#8221;300&#215;300&#8243; style=&#8221;vc_box_rounded&#8221;][\/vc_column][vc_column width=&#8221;2\/3&#8243;][vc_wp_text title=&#8221;Die Gr\u00fcne H\u00f6hle&#8221;]Die Gr\u00fcne H\u00f6hle befindet sich auf der Insel Ravnik und ist aufgrund ihrer geomorphologischen Form besonders charakteristisch. Durch den Abrieb des Gesteins haben sich zwei Eing\u00e4nge von der Meerseite aus gebildet, und auf der Oberseite befindet sich ein kleiner Riss, durch den die Sonne eindringen und die H\u00f6hle beleuchten kann, wodurch ein einzigartiges Lichtspiel entsteht.[\/vc_wp_text][\/vc_column][\/vc_row][vc_row][vc_column][vc_separator color=&#8221;peacoc&#8221; border_width=&#8221;2&#8243;][\/vc_column][\/vc_row][vc_row css=&#8221;.vc_custom_1521026396989{margin-top: 0px !important;margin-bottom: 0px !important;}&#8221;][vc_column width=&#8221;1\/3&#8243;][vc_single_image image=&#8221;2004&#8243; img_size=&#8221;300&#215;300&#8243; style=&#8221;vc_box_rounded&#8221;][\/vc_column][vc_column width=&#8221;2\/3&#8243;][vc_wp_text title=&#8221;Die H\u00f6hle der M\u00f6nchsrobben&#8221;]Die M\u00f6nchsrobbenh\u00f6hle befindet sich auf der Insel Bi\u0161evo. Die H\u00f6hle ist 160 m lang und spezifisch, weil sich am Ende der H\u00f6hle ein kleiner Strand befindet. Die H\u00f6hle ist nach der Mittelmeer-M\u00f6nchsrobbe benannt, einer sehr seltenen Robbenart, die in dieser Gegend lebte und hier zuletzt gesehen wurde. In den letzten Jahren ist die Mittelmeer-M\u00f6nchsrobbe in der Adria nicht mehr gesichtet worden, aber es besteht die Hoffnung, dass sie eines Tages hierher zur\u00fcckkehren wird.[\/vc_wp_text][\/vc_column][\/vc_row]<\/p>\n","protected":false},"excerpt":{"rendered":"<p>[vc_row css=&#8221;.vc_custom_1520893815064{margin-top: 0px !important;margin-bottom: 0px !important;}&#8221;][vc_column][\/vc_column][\/vc_row][vc_row css=&#8221;.vc_custom_1521026396989{margin-top: 0px !important;margin-bottom: 0px !important;}&#8221;][vc_column width=&#8221;1\/3&#8243;][vc_single_image image=&#8221;1614&#8243; img_size=&#8221;300&#215;300&#8243; style=&#8221;vc_box_rounded&#8221;][\/vc_column][vc_column width=&#8221;2\/3&#8243;][vc_wp_text title=&#8221;Blaue H\u00f6hle&#8221;]Diese ber\u00fchmte Blaue H\u00f6hle auf der Insel Bi\u0161evo, ist eine der beliebtesten Attraktionen der Gegend. Wegen ihrer erstaunlichen Sch\u00f6nheit ist sie 1951 zu einem geomorphologischen Naturdenkmal erkl\u00e4rt worden. Wenn das Meer ruhig ist, erzeugen der Bruch und die [&hellip;]<\/p>\n","protected":false},"author":1,"featured_media":0,"parent":2959,"menu_order":0,"comment_status":"closed","ping_status":"closed","template":"","meta":{"footnotes":""},"class_list":["post-2968","page","type-page","status-publish","hentry"],"_links":{"self":[{"href":"https:\/\/stinivavis.com\/de\/wp-json\/wp\/v2\/pages\/2968","targetHints":{"allow":["GET"]}}],"collection":[{"href":"https:\/\/stinivavis.com\/de\/wp-json\/wp\/v2\/pages"}],"about":[{"href":"https:\/\/stinivavis.com\/de\/wp-json\/wp\/v2\/types\/page"}],"author":[{"embeddable":true,"href":"https:\/\/stinivavis.com\/de\/wp-json\/wp\/v2\/users\/1"}],"replies":[{"embeddable":true,"href":"https:\/\/stinivavis.com\/de\/wp-json\/wp\/v2\/comments?post=2968"}],"version-history":[{"count":3,"href":"https:\/\/stinivavis.com\/de\/wp-json\/wp\/v2\/pages\/2968\/revisions"}],"predecessor-version":[{"id":3074,"href":"https:\/\/stinivavis.com\/de\/wp-json\/wp\/v2\/pages\/2968\/revisions\/3074"}],"up":[{"embeddable":true,"href":"https:\/\/stinivavis.com\/de\/wp-json\/wp\/v2\/pages\/2959"}],"wp:attachment":[{"href":"https:\/\/stinivavis.com\/de\/wp-json\/wp\/v2\/media?parent=2968"}],"curies":[{"name":"wp","href":"https:\/\/api.w.org\/{rel}","templated":true}]}}