{"id":2969,"date":"2018-03-15T11:13:42","date_gmt":"2018-03-15T11:13:42","guid":{"rendered":"https:\/\/stinivavis.com\/island-vis\/history\/"},"modified":"2020-07-06T13:28:48","modified_gmt":"2020-07-06T13:28:48","slug":"geschichte","status":"publish","type":"page","link":"https:\/\/stinivavis.com\/de\/insel-vis\/geschichte\/","title":{"rendered":"Geschichte"},"content":{"rendered":"<p>[vc_row css=&#8221;.vc_custom_1520893815064{margin-top: 0px !important;margin-bottom: 0px !important;}&#8221;][vc_column 0=&#8221;&#8221;]<div class=\"iw-heading  style3 \" style=\"width: 100%\"><h3 class=\"iwh-title\" style=\"font-size: 38px\">Geschichte<\/h3><\/div>[\/vc_column][\/vc_row][vc_row 0=&#8221;&#8221;][vc_column width=&#8221;1\/2&#8243;][vc_wp_text 0=&#8221;&#8221;]Aufgrund ihres milden Mittelmeerklimas und der N\u00e4he zum offenen Meer hat die Insel Vis schon seit der Antike Menschen angezogen.<\/p>\n<p>Das Klima war ideal f\u00fcr das Wachstum verschiedener Kulturen und Weinberge, und die N\u00e4he zum offenen Meer hat viele Fischer angezogen, die sich auf der Insel niedergelassen haben.[\/vc_wp_text][\/vc_column][vc_column width=&#8221;1\/2&#8243;][vc_single_image image=&#8221;1942&#8243; img_size=&#8221;600&#215;380&#8243;][\/vc_column][\/vc_row][vc_row 0=&#8221;&#8221; el_class=&#8221;flex-row-reverse&#8221;][vc_column width=&#8221;1\/2&#8243;][vc_single_image image=&#8221;1944&#8243; img_size=&#8221;600&#215;380&#8243;][\/vc_column][vc_column width=&#8221;1\/2&#8243;][vc_column_text 0=&#8221;&#8221;]Eine der ersten Erw\u00e4hnungen der Insel Vis stammt aus dem 4. Jahrhundert v. Chr., als der Dionysos, der Herrscher der griechischen Stadt Syrakus, hier seine Kolonie gr\u00fcndete und ihr den Namen Issa gab. Damals spielte dieses Gebiet eine wichtige Rolle im nautischen Handel und war bekannt f\u00fcr au\u00dfergew\u00f6hnliche Weine. Die \u00dcberreste dieser Kolonie sind noch heute in der Ortschaft Gradina, n\u00f6rdlich des Franziskaner Klosters von Prirovo, zu sehen.[\/vc_column_text][\/vc_column][\/vc_row][vc_row 0=&#8221;&#8221;][vc_column width=&#8221;1\/2&#8243;][vc_wp_text 0=&#8221;&#8221;]Ab dem 7. Jahrhundert wurde sie von den Kroaten bewohnt, aber im 10. Jahrhundert wurde sie von Venezianern angegriffen und war seitdem Teil der Republik Venedig. In den folgenden Jahrhunderten begannen die Menschen, ihre Siedlungen an der K\u00fcste zu errichten, die gleichzeitig als Wohnsitz und zur Verteidigung dienten. Mit dem Untergang der Republik Venedig kam Vis 1805 unter die Herrschaft von Napoleon. Doch im Jahr 1810 \u00fcbernahmen die Briten die Insel und bauten einen wichtigen nautischen Handelshafen an der Adria auf. Die \u00dcberreste aus dieser Zeit sind die Festung, die von den Briten auf der Insel errichtet wurde.[\/vc_wp_text][\/vc_column][vc_column width=&#8221;1\/2&#8243;][vc_single_image image=&#8221;1923&#8243; img_size=&#8221;600&#215;420&#8243;][\/vc_column][\/vc_row][vc_row 0=&#8221;&#8221; el_class=&#8221;flex-row-reverse&#8221;][vc_column width=&#8221;1\/2&#8243;][vc_single_image image=&#8221;2283&#8243; img_size=&#8221;600&#215;400&#8243;][\/vc_column][vc_column width=&#8221;1\/2&#8243;][vc_column_text 0=&#8221;&#8221;]Mit dem Sturz Napoleons wurde die Insel Teil des \u00f6sterreichischen Kaiserreichs. Im Jahr 1866 wurde Vis von der modernen italienischen Flotte angegriffen, welche die Insel zu erobern versuchte. Vis k\u00e4mpfte an der Seite der kleinen \u00f6sterreichischen Flotte, die in der Unterzahl war, aber am Ende die Schlacht gewann. Das italienische Kriegsschiff Re d`Italia versank im Aquatorium von Vis. Die turbulente Geschichte der Insel setzte sich im Zweiten Weltkrieg fort, als sie als milit\u00e4rischer Luftwaffenst\u00fctzpunkt genutzt und jahrzehntelang f\u00fcr Besucher gesperrt wurde.<\/p>\n<p><span style=\"font-weight: 400;\">\u00a0<\/span>[\/vc_column_text][\/vc_column][\/vc_row]<\/p>\n","protected":false},"excerpt":{"rendered":"<p>[vc_row css=&#8221;.vc_custom_1520893815064{margin-top: 0px !important;margin-bottom: 0px !important;}&#8221;][vc_column 0=&#8221;&#8221;][\/vc_column][\/vc_row][vc_row 0=&#8221;&#8221;][vc_column width=&#8221;1\/2&#8243;][vc_wp_text 0=&#8221;&#8221;]Aufgrund ihres milden Mittelmeerklimas und der N\u00e4he zum offenen Meer hat die Insel Vis schon seit der Antike Menschen angezogen. Das Klima war ideal f\u00fcr das Wachstum verschiedener Kulturen und Weinberge, und die N\u00e4he zum offenen Meer hat viele Fischer angezogen, die sich auf der Insel [&hellip;]<\/p>\n","protected":false},"author":1,"featured_media":0,"parent":2959,"menu_order":0,"comment_status":"closed","ping_status":"closed","template":"","meta":{"footnotes":""},"class_list":["post-2969","page","type-page","status-publish","hentry"],"_links":{"self":[{"href":"https:\/\/stinivavis.com\/de\/wp-json\/wp\/v2\/pages\/2969","targetHints":{"allow":["GET"]}}],"collection":[{"href":"https:\/\/stinivavis.com\/de\/wp-json\/wp\/v2\/pages"}],"about":[{"href":"https:\/\/stinivavis.com\/de\/wp-json\/wp\/v2\/types\/page"}],"author":[{"embeddable":true,"href":"https:\/\/stinivavis.com\/de\/wp-json\/wp\/v2\/users\/1"}],"replies":[{"embeddable":true,"href":"https:\/\/stinivavis.com\/de\/wp-json\/wp\/v2\/comments?post=2969"}],"version-history":[{"count":2,"href":"https:\/\/stinivavis.com\/de\/wp-json\/wp\/v2\/pages\/2969\/revisions"}],"predecessor-version":[{"id":3069,"href":"https:\/\/stinivavis.com\/de\/wp-json\/wp\/v2\/pages\/2969\/revisions\/3069"}],"up":[{"embeddable":true,"href":"https:\/\/stinivavis.com\/de\/wp-json\/wp\/v2\/pages\/2959"}],"wp:attachment":[{"href":"https:\/\/stinivavis.com\/de\/wp-json\/wp\/v2\/media?parent=2969"}],"curies":[{"name":"wp","href":"https:\/\/api.w.org\/{rel}","templated":true}]}}