{"id":2970,"date":"2018-02-14T12:21:54","date_gmt":"2018-02-14T12:21:54","guid":{"rendered":"https:\/\/stinivavis.com\/island-vis\/places\/"},"modified":"2020-07-06T13:31:06","modified_gmt":"2020-07-06T13:31:06","slug":"orte","status":"publish","type":"page","link":"https:\/\/stinivavis.com\/de\/insel-vis\/orte\/","title":{"rendered":"Orte"},"content":{"rendered":"<p>[vc_row][vc_column]<div class=\"iw-heading  style3 \" style=\"width: 100%\"><h3 class=\"iwh-title\" style=\"font-size: 20px\">Orte<\/h3><\/div>[\/vc_column][\/vc_row][vc_row css=&#8221;.vc_custom_1521026396989{margin-top: 0px !important;margin-bottom: 0px !important;}&#8221;][vc_column width=&#8221;1\/3&#8243;][vc_single_image image=&#8221;1860&#8243; img_size=&#8221;320&#215;380&#8243; style=&#8221;vc_box_rounded&#8221;][\/vc_column][vc_column width=&#8221;2\/3&#8243; css=&#8221;.vc_custom_1530784035511{margin-top: 0px !important;}&#8221;][vc_wp_text title=&#8221;Stadt Vis&#8221;]Die Stadt Vis liegt an der nord\u00f6stlichen Seite der Insel und ist der am dichtesten besiedelte Ort auf der Insel. Der Ursprung dieses Gebietes geht auf das 4. Jahrhundert v. Chr. zur\u00fcck, als der syrakusische Herrscher Dionysos der \u00c4ltere die Siedlung Issa gr\u00fcndete. Die \u00dcberreste dieser antiken Siedlung sind an der Stelle Gradina auf der Halbinsel Pirovo zu sehen. Im 15. Jahrhundert wurden zwei kleine Siedlungen Kut und Luka gegr\u00fcndet, aus denen die heutige moderne Stadt Vis entstanden ist. Auf Ihrem Spaziergang durch die Stadt k\u00f6nnen Sie zahlreiche alte Steingeb\u00e4ude und Kirchen sehen, die von der reichen Geschichte der Insel erz\u00e4hlen. Die Stadt Vis blickt auf die Insel Hvar und ist durch mehrere F\u00e4hren mit Split verbunden.[\/vc_wp_text][\/vc_column][\/vc_row][vc_row][vc_column][vc_separator color=&#8221;peacoc&#8221;][\/vc_column][\/vc_row][vc_row css=&#8221;.vc_custom_1521026396989{margin-top: 0px !important;margin-bottom: 0px !important;}&#8221;][vc_column width=&#8221;1\/3&#8243;][vc_single_image image=&#8221;1943&#8243; img_size=&#8221;320&#215;360&#8243; style=&#8221;vc_box_rounded&#8221;][\/vc_column][vc_column width=&#8221;2\/3&#8243;][vc_wp_text title=&#8221;Komi\u017ea&#8221;]Komi\u017ea liegt auf der Sonnenseite der Insel in der gro\u00dfen Bucht und ist ber\u00fchmt f\u00fcr seine Fischer. Sie blickt auf das offene Meer und die beiden kleinen Inseln &#8211; Bi\u0161evo und Svetac. Komi\u017ea erreicht man am besten mit dem Auto von der Insel Vis aus, da hier keine F\u00e4hren verkehren. Komi\u017ea verf\u00fcgt \u00fcber mehrere Kieselstr\u00e4nde und der beliebteste ist Kamenice, wo Sie im nat\u00fcrlichen Schatten der Tamarix, klares Meer und Sommerfeste genie\u00dfen k\u00f6nnen. Es ist auch f\u00fcr seinen Fischmarkt bekannt, wo Sie eine gro\u00dfe Auswahl an fangfrischem Fisch erwartet.[\/vc_wp_text][\/vc_column][\/vc_row][vc_row][vc_column][vc_separator color=&#8221;peacoc&#8221;][\/vc_column][\/vc_row][vc_row css=&#8221;.vc_custom_1521026396989{margin-top: 0px !important;margin-bottom: 0px !important;}&#8221;][vc_column width=&#8221;1\/3&#8243;][vc_single_image image=&#8221;1944&#8243; img_size=&#8221;300&#215;340&#8243; style=&#8221;vc_box_rounded&#8221;][\/vc_column][vc_column width=&#8221;2\/3&#8243;][vc_wp_text title=&#8221;Rukavac&#8221;]Rukavac war einst eine kleine Fischersiedlung an der s\u00fcd\u00f6stlichen Seite der Insel Vis. Heute ist Rukavac ein beliebter Touristenort und der gr\u00f6\u00dfte Ort auf der S\u00fcdseite der Insel.<\/p>\n<p>Ein wundersch\u00f6ner Kieselstrand, Srebrna, befindet sich in diesem Gebiet ebenso wie Naturph\u00e4nomene wie etwa die Gr\u00fcne H\u00f6hle. Das Meer ist reich an Fischen und ist ein gro\u00dfartiges Ziel f\u00fcr diejenigen, die sich am Unterwasserfischen erfreuen. Dar\u00fcber hinaus ist das kristallklare Meer ideal zum Schwimmen und Schnorcheln.[\/vc_wp_text][\/vc_column][\/vc_row][vc_row][vc_column][vc_separator color=&#8221;peacoc&#8221; border_width=&#8221;2&#8243; css=&#8221;.vc_custom_1530784387557{margin-top: 10px !important;margin-bottom: 30px !important;}&#8221;][\/vc_column][\/vc_row][vc_row css=&#8221;.vc_custom_1521026396989{margin-top: 0px !important;margin-bottom: 0px !important;}&#8221;][vc_column width=&#8221;1\/3&#8243;][vc_single_image image=&#8221;2004&#8243; img_size=&#8221;300&#215;340&#8243; style=&#8221;vc_box_rounded&#8221;][\/vc_column][vc_column width=&#8221;2\/3&#8243;][vc_wp_text title=&#8221;Bi\u0161evo&#8221;]Bi\u0161evo ist eine kleine, bewohnte Insel, die nur 5 km s\u00fcdwestlich der Insel Vis liegt und nur \u00fcber die F\u00e4hre mit Vis verbunden ist. Die Insel war seit der Antike bewohnt, heute gibt es Reste der alten Kirche aus dem 11. Jahrhundert, Weinberge und Olivenhaine. Die Insel ist von hohen Klippen umgeben und verf\u00fcgt \u00fcber zahlreiche H\u00f6hlen. Die ber\u00fchmtesten sind die Blaue H\u00f6hle und die H\u00f6hle der M\u00f6nchsrobben, die wirklich einzigartige geomorphologische Phoneme sind. Das Meer um die Insel versteckt Flugzeug- und Bootswracks von verschiedenen K\u00e4mpfen.[\/vc_wp_text][\/vc_column][\/vc_row]<\/p>\n","protected":false},"excerpt":{"rendered":"<p>[vc_row][vc_column][\/vc_column][\/vc_row][vc_row css=&#8221;.vc_custom_1521026396989{margin-top: 0px !important;margin-bottom: 0px !important;}&#8221;][vc_column width=&#8221;1\/3&#8243;][vc_single_image image=&#8221;1860&#8243; img_size=&#8221;320&#215;380&#8243; style=&#8221;vc_box_rounded&#8221;][\/vc_column][vc_column width=&#8221;2\/3&#8243; css=&#8221;.vc_custom_1530784035511{margin-top: 0px !important;}&#8221;][vc_wp_text title=&#8221;Stadt Vis&#8221;]Die Stadt Vis liegt an der nord\u00f6stlichen Seite der Insel und ist der am dichtesten besiedelte Ort auf der Insel. Der Ursprung dieses Gebietes geht auf das 4. Jahrhundert v. Chr. zur\u00fcck, als der syrakusische Herrscher Dionysos der \u00c4ltere die [&hellip;]<\/p>\n","protected":false},"author":1,"featured_media":0,"parent":2959,"menu_order":0,"comment_status":"closed","ping_status":"closed","template":"","meta":{"footnotes":""},"class_list":["post-2970","page","type-page","status-publish","hentry"],"_links":{"self":[{"href":"https:\/\/stinivavis.com\/de\/wp-json\/wp\/v2\/pages\/2970","targetHints":{"allow":["GET"]}}],"collection":[{"href":"https:\/\/stinivavis.com\/de\/wp-json\/wp\/v2\/pages"}],"about":[{"href":"https:\/\/stinivavis.com\/de\/wp-json\/wp\/v2\/types\/page"}],"author":[{"embeddable":true,"href":"https:\/\/stinivavis.com\/de\/wp-json\/wp\/v2\/users\/1"}],"replies":[{"embeddable":true,"href":"https:\/\/stinivavis.com\/de\/wp-json\/wp\/v2\/comments?post=2970"}],"version-history":[{"count":2,"href":"https:\/\/stinivavis.com\/de\/wp-json\/wp\/v2\/pages\/2970\/revisions"}],"predecessor-version":[{"id":3071,"href":"https:\/\/stinivavis.com\/de\/wp-json\/wp\/v2\/pages\/2970\/revisions\/3071"}],"up":[{"embeddable":true,"href":"https:\/\/stinivavis.com\/de\/wp-json\/wp\/v2\/pages\/2959"}],"wp:attachment":[{"href":"https:\/\/stinivavis.com\/de\/wp-json\/wp\/v2\/media?parent=2970"}],"curies":[{"name":"wp","href":"https:\/\/api.w.org\/{rel}","templated":true}]}}