{"id":2985,"date":"2018-02-08T23:56:18","date_gmt":"2018-02-08T23:56:18","guid":{"rendered":"https:\/\/stinivavis.com\/stiniva-bucht\/how-to-get-there\/"},"modified":"2020-07-06T11:07:19","modified_gmt":"2020-07-06T11:07:19","slug":"wie-kommt-man-nach-stiniva","status":"publish","type":"page","link":"https:\/\/stinivavis.com\/de\/stiniva-bucht\/wie-kommt-man-nach-stiniva\/","title":{"rendered":"Wie kommt man nach Stiniva?"},"content":{"rendered":"<p>[vc_row 0=&#8221;&#8221;][vc_column 0=&#8221;&#8221;]<div class=\"iw-heading  style3 \" style=\"width: 100%\"><h3 class=\"iwh-title\" style=\"font-size: 28px\">Wie kommt man zum Strand von Stiniva?<\/h3><\/div>[\/vc_column][\/vc_row][vc_row css=&#8221;.vc_custom_1518137079337{margin-bottom: 0px !important;}&#8221;][vc_column 0=&#8221;&#8221;][vc_wp_text 0=&#8221;&#8221;]Der Strand Stiniva befindet sich im s\u00fcdlichen Teil der Insel Vis, in der N\u00e4he des kleinen Ortes Plisko polje und Marinje Zemlje und ist mit dem Boot oder zu Fu\u00df zu erreichen.[\/vc_wp_text][\/vc_column][\/vc_row][vc_row 0=&#8221;&#8221;][vc_column width=&#8221;2\/3&#8243;]<div class=\"iw-heading  style1 vc_custom_1594033516555\" style=\"width: 100%\"><h3 class=\"iwh-title\" style=\"font-size: 24px\">Mit dem Boot<\/h3><\/div>[vc_wp_text 0=&#8221;&#8221;]Der Strand von Stiniva ist von zwei hohen Klippen umgeben, die an ihrer n\u00e4chstgelegenen Stelle nur 4 Meter voneinander entfernt sind und einen einzigartigen &#8220;Meereseingang&#8221; bilden. W\u00e4hrend der Hochsommerzeit im Juli und August werden Sie viele Boote vor der Bucht bemerken. Sie k\u00f6nnen entweder ein Boot mieten oder Ihren Platz auf einer der vielen Bootstagestouren von Vis, Hvar und anderen Destinationen aus buchen, welche einen Besuch der Stiniva Bucht anbieten. Wenn Sie planen, mit einem Boot zu reisen, denken Sie bitte daran, dass das Meer f\u00fcr Boote und Yachten mit tieferer Furt zu seicht ist. Unter der Rubrik <a href=\"https:\/\/stinivavis.com\/de\/bootstouren\/\">Bootstouren<\/a> finden Sie weitere Informationen \u00fcber das Mieten eines Bootes sowie Bootstouren.[\/vc_wp_text][\/vc_column][vc_column width=&#8221;1\/3&#8243;][vc_single_image image=&#8221;2274&#8243; img_size=&#8221;large&#8221;][\/vc_column][\/vc_row][vc_row][vc_column][vc_separator color=&#8221;peacoc&#8221;][\/vc_column][\/vc_row][vc_row][vc_column width=&#8221;2\/3&#8243;]<div class=\"iw-heading  style1 \" style=\"width: 100%\"><h3 class=\"iwh-title\" style=\"font-size: 24px\">Zu Fu\u00df<\/h3><\/div>[vc_wp_text 0=&#8221;&#8221;]Wenn Sie die nat\u00fcrliche Sch\u00f6nheit der Bucht Stiniva zu Fu\u00df entdecken m\u00f6chten, m\u00fcssen Sie nach Pli\u0161ko polje fahren und von dort aus den Schildern zum Dorf \u017du\u017eeca folgen. Dort gibt es einen Parkplatz, wo Sie Ihr Auto abstellen k\u00f6nnen, von dort aus m\u00fcssen Sie etwa 20 Minuten entlang des Ziegenpfades gehen, der zu jenem sch\u00f6nen Kieselstrand f\u00fchrt.\u00a0 Bevor Sie zu Fu\u00df losziehen, bedenken Sie bitte, dass der Weg sehr schmal und anspruchsvoll ist, weshalb wir ihn Eltern mit kleinen Kindern und \u00e4lteren Menschen nicht empfehlen w\u00fcrden. Der Aufstieg zum Auto kann sehr anstrengend und schwierig sein. Es w\u00e4re ratsam, das Gehen zu vermeiden, wenn die Sonne hoch steht, und sicherzugehen, dass Sie beim Gehen bequeme Schuhe tragen.[\/vc_wp_text][\/vc_column][vc_column width=&#8221;1\/3&#8243;][vc_single_image image=&#8221;2277&#8243; img_size=&#8221;large&#8221;][\/vc_column][\/vc_row][vc_row 0=&#8221;&#8221;][vc_column 0=&#8221;&#8221;]<div class=\"iw-heading  style1 \" style=\"width: 100%\"><h3 class=\"iwh-title\" style=\"font-size: 24px\">Standort auf der Karte<\/h3><\/div>[vc_gmaps link=&#8221;#E-8_JTNDaWZyYW1lJTIwc3JjJTNEJTIyaHR0cHMlM0ElMkYlMkZ3d3cuZ29vZ2xlLmNvbSUyRm1hcHMlMkZlbWJlZCUzRnBiJTNEJTIxMW0xOCUyMTFtMTIlMjExbTMlMjExZDgyNTAuNDA3MTM1OTU3MzclMjEyZDE2LjE2NTUwMTcyMDE0MTU4NCUyMTNkNDMuMDIxMjQxMzc5NjI2MzQ2JTIxMm0zJTIxMWYwJTIxMmYwJTIxM2YwJTIxM20yJTIxMWkxMDI0JTIxMmk3NjglMjE0ZjEzLjElMjEzbTMlMjExbTIlMjExczB4MTMzNTk2MDhjYmRlNDIyZCUyNTNBMHhhOTkyNDJmMDJkZTdiNGMwJTIxMnNTdGluaXZhJTIxNWUwJTIxM20yJTIxMXNlbiUyMTJzaHIlMjE0djE1MTgxMzY0MjUzNTYlMjIlMjB3aWR0aCUzRCUyMjYwMCUyMiUyMGhlaWdodCUzRCUyMjQ1MCUyMiUyMGZyYW1lYm9yZGVyJTNEJTIyMCUyMiUyMHN0eWxlJTNEJTIyYm9yZGVyJTNBMCUyMiUyMGFsbG93ZnVsbHNjcmVlbiUzRSUzQyUyRmlmcmFtZSUzRQ==&#8221;][\/vc_column][\/vc_row]<\/p>\n","protected":false},"excerpt":{"rendered":"<p>[vc_row 0=&#8221;&#8221;][vc_column 0=&#8221;&#8221;][\/vc_column][\/vc_row][vc_row css=&#8221;.vc_custom_1518137079337{margin-bottom: 0px !important;}&#8221;][vc_column 0=&#8221;&#8221;][vc_wp_text 0=&#8221;&#8221;]Der Strand Stiniva befindet sich im s\u00fcdlichen Teil der Insel Vis, in der N\u00e4he des kleinen Ortes Plisko polje und Marinje Zemlje und ist mit dem Boot oder zu Fu\u00df zu erreichen.[\/vc_wp_text][\/vc_column][\/vc_row][vc_row 0=&#8221;&#8221;][vc_column width=&#8221;2\/3&#8243;][vc_wp_text 0=&#8221;&#8221;]Der Strand von Stiniva ist von zwei hohen Klippen umgeben, die an ihrer n\u00e4chstgelegenen [&hellip;]<\/p>\n","protected":false},"author":1,"featured_media":0,"parent":2915,"menu_order":0,"comment_status":"closed","ping_status":"closed","template":"","meta":{"footnotes":""},"class_list":["post-2985","page","type-page","status-publish","hentry"],"_links":{"self":[{"href":"https:\/\/stinivavis.com\/de\/wp-json\/wp\/v2\/pages\/2985","targetHints":{"allow":["GET"]}}],"collection":[{"href":"https:\/\/stinivavis.com\/de\/wp-json\/wp\/v2\/pages"}],"about":[{"href":"https:\/\/stinivavis.com\/de\/wp-json\/wp\/v2\/types\/page"}],"author":[{"embeddable":true,"href":"https:\/\/stinivavis.com\/de\/wp-json\/wp\/v2\/users\/1"}],"replies":[{"embeddable":true,"href":"https:\/\/stinivavis.com\/de\/wp-json\/wp\/v2\/comments?post=2985"}],"version-history":[{"count":2,"href":"https:\/\/stinivavis.com\/de\/wp-json\/wp\/v2\/pages\/2985\/revisions"}],"predecessor-version":[{"id":3050,"href":"https:\/\/stinivavis.com\/de\/wp-json\/wp\/v2\/pages\/2985\/revisions\/3050"}],"up":[{"embeddable":true,"href":"https:\/\/stinivavis.com\/de\/wp-json\/wp\/v2\/pages\/2915"}],"wp:attachment":[{"href":"https:\/\/stinivavis.com\/de\/wp-json\/wp\/v2\/media?parent=2985"}],"curies":[{"name":"wp","href":"https:\/\/api.w.org\/{rel}","templated":true}]}}