{"id":2987,"date":"2018-02-07T13:53:32","date_gmt":"2018-02-07T13:53:32","guid":{"rendered":"https:\/\/stinivavis.com\/stiniva-bucht\/interesting-facts-about-island-vis\/"},"modified":"2020-07-08T15:32:11","modified_gmt":"2020-07-08T15:32:11","slug":"interessante-fakten","status":"publish","type":"page","link":"https:\/\/stinivavis.com\/de\/stiniva-bucht\/interessante-fakten\/","title":{"rendered":"Interessante Fakten"},"content":{"rendered":"<p>[vc_row][vc_column]<div class=\"iw-heading  style1 \" style=\"width: 100%\"><h3 class=\"iwh-title\" style=\"font-size: 36px\">Wussten Sie das?<\/h3><\/div>[\/vc_column][\/vc_row][vc_row][vc_column][vc_wp_text]<\/p>\n<ul>\n<li>Die Insel Vis war in der Geschichte einer der wichtigsten Handels- und Milit\u00e4rh\u00e4fen an der Adria und ihre Buchten dienten Anfang des 19. Jahrhunderts den venezianischen Kaufleuten, der napoleonischen Armee sowie der britischen Armee, als Zufluchtsort.<br \/>\n<hr \/>\n<\/li>\n<li>Zu Beginn des 19. Jahrhunderts kam die Insel Vis unter die britische Herrschaft und dank diesen war sie der erste Ort in Kroatien, an dem Kricket gespielt wurde.<br \/>\n<hr \/>\n<\/li>\n<li>Neben dem Kricket ist eines der beliebtesten \u00dcberbleibsel der britischen Herrschaft die Fortica &#8211; George`s Festung. Sie wurde 1812 von dem englischen Kommandanten George Duncan Robertson erbaut und nach dem englischen K\u00f6nig George III. benannt. Sie war die h\u00f6chste aller anderen Festungen, weshalb sie von den Einheimischen Fortica genannt wurde. Zwei Innenh\u00f6fe der Festung waren von einem Wassergraben umgeben und alle Mauern hatten Schie\u00dfscharten, um die Festung zu verteidigen.<br \/>\n<hr \/>\n<\/li>\n<li>Einigen lokalen Geschichten zufolge war die Bucht von Stiniva einst eine H\u00f6hle. Nachdem die H\u00f6hlendecke abgetragen und geschmolzen ist, haben zwei hohe Klippen den Kieselstrand vom Meer aus umgeben und eine Form geschaffen, die an ein r\u00f6misches Amphitheater erinnert.<br \/>\n<hr \/>\n<\/li>\n<li>1967 wurde der Strand von Stiniva zusammen mit der Bucht von Stiniva zum Naturschutzgebiet erkl\u00e4rt. Seitdem hat die Bucht ihre Natursch\u00f6nheiten mit den hohen Dampfklippen, dem klaren t\u00fcrkisblauen Meer und den Wildziegenpfaden, die zur Bucht f\u00fchren, bewahrt.<br \/>\n<hr \/>\n<\/li>\n<li>Die M\u00f6nchsrobbenh\u00f6hle ist der letzte nachgewiesene Unterschlupf der seltenen Mittelmeer-M\u00f6nchsrobbe, einer sehr seltenen Robbenart, die seit einigen Jahren in diesen Gew\u00e4ssern heimisch ist.<\/li>\n<\/ul>\n<p>[\/vc_wp_text][\/vc_column][\/vc_row]<\/p>\n","protected":false},"excerpt":{"rendered":"<p>[vc_row][vc_column][\/vc_column][\/vc_row][vc_row][vc_column][vc_wp_text] Die Insel Vis war in der Geschichte einer der wichtigsten Handels- und Milit\u00e4rh\u00e4fen an der Adria und ihre Buchten dienten Anfang des 19. Jahrhunderts den venezianischen Kaufleuten, der napoleonischen Armee sowie der britischen Armee, als Zufluchtsort. Zu Beginn des 19. Jahrhunderts kam die Insel Vis unter die britische Herrschaft und dank diesen war sie [&hellip;]<\/p>\n","protected":false},"author":1,"featured_media":0,"parent":2915,"menu_order":0,"comment_status":"closed","ping_status":"closed","template":"","meta":{"footnotes":""},"class_list":["post-2987","page","type-page","status-publish","hentry"],"_links":{"self":[{"href":"https:\/\/stinivavis.com\/de\/wp-json\/wp\/v2\/pages\/2987","targetHints":{"allow":["GET"]}}],"collection":[{"href":"https:\/\/stinivavis.com\/de\/wp-json\/wp\/v2\/pages"}],"about":[{"href":"https:\/\/stinivavis.com\/de\/wp-json\/wp\/v2\/types\/page"}],"author":[{"embeddable":true,"href":"https:\/\/stinivavis.com\/de\/wp-json\/wp\/v2\/users\/1"}],"replies":[{"embeddable":true,"href":"https:\/\/stinivavis.com\/de\/wp-json\/wp\/v2\/comments?post=2987"}],"version-history":[{"count":3,"href":"https:\/\/stinivavis.com\/de\/wp-json\/wp\/v2\/pages\/2987\/revisions"}],"predecessor-version":[{"id":3196,"href":"https:\/\/stinivavis.com\/de\/wp-json\/wp\/v2\/pages\/2987\/revisions\/3196"}],"up":[{"embeddable":true,"href":"https:\/\/stinivavis.com\/de\/wp-json\/wp\/v2\/pages\/2915"}],"wp:attachment":[{"href":"https:\/\/stinivavis.com\/de\/wp-json\/wp\/v2\/media?parent=2987"}],"curies":[{"name":"wp","href":"https:\/\/api.w.org\/{rel}","templated":true}]}}