{"id":2988,"date":"2018-03-14T11:02:45","date_gmt":"2018-03-14T11:02:45","guid":{"rendered":"https:\/\/stinivavis.com\/stiniva-bucht\/things-to-do\/"},"modified":"2020-07-06T10:45:42","modified_gmt":"2020-07-06T10:45:42","slug":"dinge-die-man-tun-kann","status":"publish","type":"page","link":"https:\/\/stinivavis.com\/de\/stiniva-bucht\/dinge-die-man-tun-kann\/","title":{"rendered":"Dinge, die man tun kann"},"content":{"rendered":"<p>[vc_row css=&#8221;.vc_custom_1520893815064{margin-top: 0px !important;margin-bottom: 0px !important;}&#8221;][vc_column 0=&#8221;&#8221;]<div class=\"iw-heading  style3 \" style=\"width: 100%\"><h3 class=\"iwh-title\" style=\"font-size: 38px\">Dinge, die man tun kann<\/h3><\/div>[\/vc_column][\/vc_row][vc_row 0=&#8221;&#8221;][vc_column width=&#8221;1\/2&#8243;][vc_wp_text 0=&#8221;&#8221;]Der Strand von Stiniva bietet neben seinen landschaftlichen Sch\u00f6nheiten viele verschiedene Aktivit\u00e4ten f\u00fcr diejenigen, die einen aktiven Sommerurlaub verbringen m\u00f6chten. Das klare t\u00fcrkisblaue Meer lockt einfach zum Schwimmen und Schnorcheln. Hohe Klippen, welche den Strand umgeben, bieten den ganzen Tag \u00fcber nat\u00fcrlichen Schatten, damit Sie sich beim Sonnenbaden entspannen k\u00f6nnen.<\/p>\n<p>Am Strand k\u00f6nnen Sie auch einen Liegestuhl zum Preis von 30 kn pro Tag mieten. Au\u00dferdem k\u00f6nnen Sie Stand-up und Sup-Pedaling genie\u00dfen, dar\u00fcber hinaus k\u00f6nnen Sie auch ein Pedalboard mieten.[\/vc_wp_text][\/vc_column][vc_column width=&#8221;1\/2&#8243;][vc_single_image image=&#8221;1930&#8243; img_size=&#8221;large&#8221;][\/vc_column][\/vc_row][vc_row 0=&#8221;&#8221; el_class=&#8221;flex-row-reverse&#8221;][vc_column width=&#8221;1\/2&#8243;][vc_single_image image=&#8221;1933&#8243; img_size=&#8221;large&#8221;][\/vc_column][vc_column width=&#8221;1\/2&#8243;][vc_column_text 0=&#8221;&#8221;]Ziegenpfade und Wanderwege, die zum Strand von Stiniva f\u00fchren, sind eine perfekte M\u00f6glichkeit, die Landschaft zu erkunden, die mediterrane Flora und frische Meeresluft zu erleben.<\/p>\n<p>Am Strand finden Sie die Taverne Peruska, die kalte Erfrischungsgetr\u00e4nke und Sandwiches, Salate und gegrilltes Fleisch und frischen Fisch anbietet. F\u00fcr weitere Informationen \u00fcber das Angebot der Taverne klicken Sie einfach auf<a href=\"https:\/\/stinivavis.com\/de\/taverne\/\"> mehr anzeigen.<\/a><\/p>\n<p>Ob Sie Teil einer Gruppe oder allein sind, der Strand von Stiniva ist ein Ort, an dem Sie Sonne, Meer und Aktivurlaub in vollen Z\u00fcgen genie\u00dfen k\u00f6nnen.[\/vc_column_text][\/vc_column][\/vc_row]<\/p>\n","protected":false},"excerpt":{"rendered":"<p>[vc_row css=&#8221;.vc_custom_1520893815064{margin-top: 0px !important;margin-bottom: 0px !important;}&#8221;][vc_column 0=&#8221;&#8221;][\/vc_column][\/vc_row][vc_row 0=&#8221;&#8221;][vc_column width=&#8221;1\/2&#8243;][vc_wp_text 0=&#8221;&#8221;]Der Strand von Stiniva bietet neben seinen landschaftlichen Sch\u00f6nheiten viele verschiedene Aktivit\u00e4ten f\u00fcr diejenigen, die einen aktiven Sommerurlaub verbringen m\u00f6chten. Das klare t\u00fcrkisblaue Meer lockt einfach zum Schwimmen und Schnorcheln. Hohe Klippen, welche den Strand umgeben, bieten den ganzen Tag \u00fcber nat\u00fcrlichen Schatten, damit Sie sich [&hellip;]<\/p>\n","protected":false},"author":1,"featured_media":0,"parent":2915,"menu_order":0,"comment_status":"closed","ping_status":"closed","template":"","meta":{"footnotes":""},"class_list":["post-2988","page","type-page","status-publish","hentry"],"_links":{"self":[{"href":"https:\/\/stinivavis.com\/de\/wp-json\/wp\/v2\/pages\/2988","targetHints":{"allow":["GET"]}}],"collection":[{"href":"https:\/\/stinivavis.com\/de\/wp-json\/wp\/v2\/pages"}],"about":[{"href":"https:\/\/stinivavis.com\/de\/wp-json\/wp\/v2\/types\/page"}],"author":[{"embeddable":true,"href":"https:\/\/stinivavis.com\/de\/wp-json\/wp\/v2\/users\/1"}],"replies":[{"embeddable":true,"href":"https:\/\/stinivavis.com\/de\/wp-json\/wp\/v2\/comments?post=2988"}],"version-history":[{"count":3,"href":"https:\/\/stinivavis.com\/de\/wp-json\/wp\/v2\/pages\/2988\/revisions"}],"predecessor-version":[{"id":3042,"href":"https:\/\/stinivavis.com\/de\/wp-json\/wp\/v2\/pages\/2988\/revisions\/3042"}],"up":[{"embeddable":true,"href":"https:\/\/stinivavis.com\/de\/wp-json\/wp\/v2\/pages\/2915"}],"wp:attachment":[{"href":"https:\/\/stinivavis.com\/de\/wp-json\/wp\/v2\/media?parent=2988"}],"curies":[{"name":"wp","href":"https:\/\/api.w.org\/{rel}","templated":true}]}}