{"id":2989,"date":"2018-03-12T21:51:24","date_gmt":"2018-03-12T21:51:24","guid":{"rendered":"https:\/\/stinivavis.com\/stiniva-bucht\/top-reasons-to-visit-stiniva\/"},"modified":"2020-07-06T10:41:45","modified_gmt":"2020-07-06T10:41:45","slug":"die-wichtigsten-gruende-fuer-einen-besuch-in-stiniva","status":"publish","type":"page","link":"https:\/\/stinivavis.com\/de\/stiniva-bucht\/die-wichtigsten-gruende-fuer-einen-besuch-in-stiniva\/","title":{"rendered":"Die wichtigsten Gr\u00fcnde f\u00fcr einen Besuch in Stiniva"},"content":{"rendered":"<p>[vc_row css=&#8221;.vc_custom_1520893815064{margin-top: 0px !important;margin-bottom: 0px !important;}&#8221;][vc_column]<div class=\"iw-heading  style3 \" style=\"width: 100%\"><h3 class=\"iwh-title\" style=\"font-size: 38px\">Die wichtigsten Gr\u00fcnde f\u00fcr einen Besuch in Stiniva<\/h3><\/div>[\/vc_column][\/vc_row][vc_row][vc_column width=&#8221;1\/2&#8243; css=&#8221;.vc_custom_1560848662202{padding-top: 15px !important;}&#8221;][vc_wp_text]Die Bucht von Stiniva ist durch zwei hohe Klippen gesch\u00fctzt, die einen &#8220;Meerzugang&#8221; zu diesem 35 Meter langen Kiesstrand, mit klarem t\u00fcrkisfarbenen Meer bilden. Aufgrund der hohen Klippen, welche den Strand umgeben, kann man immer ein paar nat\u00fcrliche Schattenpl\u00e4tze finden, um die atemberaubende Aussicht zu genie\u00dfen.<\/p>\n<p>Die au\u00dfergew\u00f6hnliche Form der Bucht von Stiniva erinnert ein wenig an das alte r\u00f6mische Amphitheater, weshalb Sie sich wie ein Zuschauer f\u00fchlen k\u00f6nnen, der beachtliche Erinnerungen hinterl\u00e4sst.[\/vc_wp_text][\/vc_column][vc_column width=&#8221;1\/2&#8243;][vc_single_image image=&#8221;1934&#8243; img_size=&#8221;full&#8221;][\/vc_column][\/vc_row][vc_row el_class=&#8221;flex-row-reverse&#8221;][vc_column width=&#8221;1\/2&#8243;][vc_single_image image=&#8221;1931&#8243; img_size=&#8221;large&#8221;][\/vc_column][vc_column width=&#8221;1\/2&#8243; css=&#8221;.vc_custom_1560848682585{padding-top: 20px !important;}&#8221;][vc_wp_text]Dank seiner einzigartigen, nat\u00fcrlichen Sch\u00f6nheiten wurde der Stiniva Strand zusammen mit der Stiniva Bucht 1967 zum Naturschutzgebiet erkl\u00e4rt und seitdem ist er unver\u00e4ndert geblieben. Es ist ein Ort, an dem man eine entspannte Atmosph\u00e4re genie\u00dfen, dem Alltag entfliehen und sich mit der Natur verbinden kann.<\/p>\n<p>Aber neben einer erstaunlichen Landschaft kann Stiniva Ihnen noch viel mehr bieten, vom Aktiv- und Abenteuerurlaub bis hin zur gastronomischen Reise zur lokalen dalmatinischen K\u00fcche.[\/vc_wp_text][\/vc_column][\/vc_row]<\/p>\n","protected":false},"excerpt":{"rendered":"<p>[vc_row css=&#8221;.vc_custom_1520893815064{margin-top: 0px !important;margin-bottom: 0px !important;}&#8221;][vc_column][\/vc_column][\/vc_row][vc_row][vc_column width=&#8221;1\/2&#8243; css=&#8221;.vc_custom_1560848662202{padding-top: 15px !important;}&#8221;][vc_wp_text]Die Bucht von Stiniva ist durch zwei hohe Klippen gesch\u00fctzt, die einen &#8220;Meerzugang&#8221; zu diesem 35 Meter langen Kiesstrand, mit klarem t\u00fcrkisfarbenen Meer bilden. Aufgrund der hohen Klippen, welche den Strand umgeben, kann man immer ein paar nat\u00fcrliche Schattenpl\u00e4tze finden, um die atemberaubende Aussicht zu genie\u00dfen. [&hellip;]<\/p>\n","protected":false},"author":1,"featured_media":0,"parent":2915,"menu_order":0,"comment_status":"closed","ping_status":"closed","template":"","meta":{"footnotes":""},"class_list":["post-2989","page","type-page","status-publish","hentry"],"_links":{"self":[{"href":"https:\/\/stinivavis.com\/de\/wp-json\/wp\/v2\/pages\/2989","targetHints":{"allow":["GET"]}}],"collection":[{"href":"https:\/\/stinivavis.com\/de\/wp-json\/wp\/v2\/pages"}],"about":[{"href":"https:\/\/stinivavis.com\/de\/wp-json\/wp\/v2\/types\/page"}],"author":[{"embeddable":true,"href":"https:\/\/stinivavis.com\/de\/wp-json\/wp\/v2\/users\/1"}],"replies":[{"embeddable":true,"href":"https:\/\/stinivavis.com\/de\/wp-json\/wp\/v2\/comments?post=2989"}],"version-history":[{"count":2,"href":"https:\/\/stinivavis.com\/de\/wp-json\/wp\/v2\/pages\/2989\/revisions"}],"predecessor-version":[{"id":3039,"href":"https:\/\/stinivavis.com\/de\/wp-json\/wp\/v2\/pages\/2989\/revisions\/3039"}],"up":[{"embeddable":true,"href":"https:\/\/stinivavis.com\/de\/wp-json\/wp\/v2\/pages\/2915"}],"wp:attachment":[{"href":"https:\/\/stinivavis.com\/de\/wp-json\/wp\/v2\/media?parent=2989"}],"curies":[{"name":"wp","href":"https:\/\/api.w.org\/{rel}","templated":true}]}}