{"id":2990,"date":"2018-08-14T23:19:22","date_gmt":"2018-08-14T23:19:22","guid":{"rendered":"https:\/\/stinivavis.com\/tavern\/"},"modified":"2020-07-02T12:59:17","modified_gmt":"2020-07-02T12:59:17","slug":"taverne","status":"publish","type":"page","link":"https:\/\/stinivavis.com\/de\/taverne\/","title":{"rendered":"Taverne"},"content":{"rendered":"<p>[vc_row css=&#8221;.vc_custom_1520893815064{margin-top: 0px !important;margin-bottom: 0px !important;}&#8221;][vc_column 0=&#8221;&#8221;]<div class=\"iw-heading  style3 \" style=\"width: 100%\"><div class=\"iwh-sub-title\" style=\"font-size: 16x; font-weight: 400\">SCHMECKEN SIE<\/div><h3 class=\"iwh-title\" style=\"font-size: 38px\">Traditionelle dalmatinische K\u00fcche<\/h3><\/div>[\/vc_column][\/vc_row][vc_row css=&#8221;.vc_custom_1521024942695{margin-top: 0px !important;margin-bottom: 0px !important;}&#8221;][vc_column 0=&#8221;&#8221;][vc_column_text css=&#8221;.vc_custom_1593694647248{margin-top: 0px !important;margin-bottom: 0px !important;}&#8221;]Im Schatten der hohen Klippen der Stiniva Bucht, am sch\u00f6nen Kieselstrand von Stiniva, k\u00f6nnen Sie die Taverne Peruka besuchen. Es ist die einzige Taverne in der Stiniva Bucht und es ist der perfekte Ort f\u00fcr eine Erfrischung und ein Mittagessen in der unvergleichlichen Landschaft.\u00a0 Etwa 5 km von der Bucht Stiniva entfernt, in Podselje, k\u00f6nnen Sie in der Taverne Golub einige authentische lokale Gerichte probieren und die gro\u00dfe Auswahl der besten Weine genie\u00dfen.[\/vc_column_text][vc_empty_space 0=&#8221;&#8221;][\/vc_column][\/vc_row][vc_row css=&#8221;.vc_custom_1520893706747{margin-top: 0px !important;margin-bottom: 0px !important;}&#8221;][vc_column 0=&#8221;&#8221;][vc_separator color=&#8221;peacoc&#8221;][\/vc_column][\/vc_row][vc_row 0=&#8221;&#8221;][vc_column width=&#8221;1\/2&#8243; el_class=&#8221;box-wrapper&#8221;]<div class=\"iw-heading  style3  text-center\" style=\"width: 100%\"><h3 class=\"iwh-title\" style=\"font-size: 28px\">Taverne Peruka<\/h3><\/div>[vc_single_image image=&#8221;2264&#8243; img_size=&#8221;370&#215;200&#8243; alignment=&#8221;center&#8221; style=&#8221;vc_box_rounded&#8221; onclick=&#8221;custom_link&#8221; link=&#8221;https:\/\/stinivavis.com\/tavern-peruka\/&#8221;][vc_wp_text 0=&#8221;&#8221;]Die Taverne Peruka liegt im Schatten der hohen Klippen am Strand von Stiniva. Es ist die einzige Taverne in der n\u00e4heren Umgebung, die vom Fr\u00fchst\u00fcck bis zum Abendessen Getr\u00e4nke und Men\u00fcs anbietet.[\/vc_wp_text]<div class=\"iw-button  button1  ibutton-small center-text background-opacity\"><div class=\"iw-button-text\"><a style=\"\" class=\"button-text  theme-bg color-white border-grey square full-width\" href=\"https:\/\/stinivavis.com\/tavern-peruka\/\">Mehr anzeigen<\/a><\/div><div style=\"clear: both\"><\/div><\/div>[\/vc_column][vc_column width=&#8221;1\/2&#8243; el_class=&#8221;box-wrapper&#8221;]<div class=\"iw-heading  style3  text-center\" style=\"width: 100%\"><h3 class=\"iwh-title\" style=\"font-size: 28px\">Taverne Golub<\/h3><\/div>[vc_single_image image=&#8221;2376&#8243; img_size=&#8221;370&#215;200&#8243; alignment=&#8221;center&#8221; style=&#8221;vc_box_rounded&#8221; onclick=&#8221;custom_link&#8221; link=&#8221;https:\/\/stinivavis.com\/tavern-golub\/&#8221;][vc_wp_text 0=&#8221;&#8221;]Ein verstecktes Feinschmeckerjuwel im Herzen der Insel Vis &#8211; die Taverne Golub.\u00a0 Die Taverne befindet sich in Podselje, ist nur 11 Autominuten von der Bucht Stiniva entfernt und ist einen Ausflug definitiv wert.[\/vc_wp_text]<div class=\"iw-button  button1  ibutton-small center-text background-opacity\"><div class=\"iw-button-text\"><a style=\"\" class=\"button-text  theme-bg color-white border-grey square full-width\" href=\"https:\/\/stinivavis.com\/tavern-golub\/\">Mehr anzeigen<\/a><\/div><div style=\"clear: both\"><\/div><\/div>[\/vc_column][\/vc_row][vc_row 0=&#8221;&#8221;][vc_column width=&#8221;1\/2&#8243; el_class=&#8221;box-wrapper&#8221;]<div class=\"iw-heading  style3  text-center\" style=\"width: 100%\"><h3 class=\"iwh-title\" style=\"font-size: 28px\">Taverne Barba<\/h3><\/div>[vc_single_image image=&#8221;2845&#8243; img_size=&#8221;370&#215;200&#8243; alignment=&#8221;center&#8221; style=&#8221;vc_box_rounded&#8221; onclick=&#8221;custom_link&#8221; link=&#8221;https:\/\/stinivavis.com\/tavern-peruka\/&#8221;][vc_wp_text 0=&#8221;&#8221;]Genie\u00dfen Sie die Sch\u00f6nheit und den Charme dieses Ortes sowie traditionelle Gerichte, die aus \u00f6kologisch gez\u00fcchteten Lebensmitteln sowie dem Fleisch und Fisch der \u00f6rtlichen Fischer zubereitet werden. Umgeben von traditioneller Inselarchitektur, k\u00f6nnen Sie von hier aus die ganze Bucht von Komi\u017ea sehen.[\/vc_wp_text]<div class=\"iw-button  button1  ibutton-small center-text background-opacity\"><div class=\"iw-button-text\"><a style=\"\" class=\"button-text  theme-bg color-white border-grey square full-width\" href=\"https:\/\/stinivavis.com\/tavern\/tavern-barba\/\">Mehr anzeigen<\/a><\/div><div style=\"clear: both\"><\/div><\/div>[\/vc_column][\/vc_row]<\/p>\n","protected":false},"excerpt":{"rendered":"<p>[vc_row css=&#8221;.vc_custom_1520893815064{margin-top: 0px !important;margin-bottom: 0px !important;}&#8221;][vc_column 0=&#8221;&#8221;][\/vc_column][\/vc_row][vc_row css=&#8221;.vc_custom_1521024942695{margin-top: 0px !important;margin-bottom: 0px !important;}&#8221;][vc_column 0=&#8221;&#8221;][vc_column_text css=&#8221;.vc_custom_1593694647248{margin-top: 0px !important;margin-bottom: 0px !important;}&#8221;]Im Schatten der hohen Klippen der Stiniva Bucht, am sch\u00f6nen Kieselstrand von Stiniva, k\u00f6nnen Sie die Taverne Peruka besuchen. Es ist die einzige Taverne in der Stiniva Bucht und es ist der perfekte Ort f\u00fcr eine Erfrischung und [&hellip;]<\/p>\n","protected":false},"author":1,"featured_media":0,"parent":0,"menu_order":0,"comment_status":"closed","ping_status":"closed","template":"","meta":{"footnotes":""},"class_list":["post-2990","page","type-page","status-publish","hentry"],"_links":{"self":[{"href":"https:\/\/stinivavis.com\/de\/wp-json\/wp\/v2\/pages\/2990","targetHints":{"allow":["GET"]}}],"collection":[{"href":"https:\/\/stinivavis.com\/de\/wp-json\/wp\/v2\/pages"}],"about":[{"href":"https:\/\/stinivavis.com\/de\/wp-json\/wp\/v2\/types\/page"}],"author":[{"embeddable":true,"href":"https:\/\/stinivavis.com\/de\/wp-json\/wp\/v2\/users\/1"}],"replies":[{"embeddable":true,"href":"https:\/\/stinivavis.com\/de\/wp-json\/wp\/v2\/comments?post=2990"}],"version-history":[{"count":2,"href":"https:\/\/stinivavis.com\/de\/wp-json\/wp\/v2\/pages\/2990\/revisions"}],"predecessor-version":[{"id":3019,"href":"https:\/\/stinivavis.com\/de\/wp-json\/wp\/v2\/pages\/2990\/revisions\/3019"}],"wp:attachment":[{"href":"https:\/\/stinivavis.com\/de\/wp-json\/wp\/v2\/media?parent=2990"}],"curies":[{"name":"wp","href":"https:\/\/api.w.org\/{rel}","templated":true}]}}