{"id":2992,"date":"2020-05-29T13:59:45","date_gmt":"2020-05-29T13:59:45","guid":{"rendered":"https:\/\/stinivavis.com\/tavern\/tavern-barba\/"},"modified":"2020-07-06T11:14:03","modified_gmt":"2020-07-06T11:14:03","slug":"taverne-barba","status":"publish","type":"page","link":"https:\/\/stinivavis.com\/de\/taverne\/taverne-barba\/","title":{"rendered":"Taverne Barba"},"content":{"rendered":"<p>[vc_row css=&#8221;.vc_custom_1520893815064{margin-top: 0px !important;margin-bottom: 0px !important;}&#8221;][vc_column 0=&#8221;&#8221;]<div class=\"iw-heading  style3 \" style=\"width: 100%\"><h3 class=\"iwh-title\" style=\"font-size: 38px\">Taverne Barba<\/h3><\/div>[\/vc_column][\/vc_row][vc_row 0=&#8221;&#8221;][vc_column width=&#8221;1\/2&#8243;][vc_wp_text 0=&#8221;&#8221;]Wenn Sie von Riva durch die Ribarska Stra\u00dfe fahren und beim Hotel links abbiegen, gelangen Sie auf die Terrasse der Konoba &#8220;Barba&#8221;. Umgeben von der traditionellen Inselarchitektur k\u00f6nnen Sie von hier aus die ganze Bucht von Komi\u017ea sehen.<\/p>\n<p>Genie\u00dfen Sie die Sch\u00f6nheit und den Charme dieses Ortes, der anscheinend von Adeligen zum Vergn\u00fcgen erbaut wurde, und teilen Sie g\u00f6ttliche Momente, in denen Sie von erfahrenem Personal verw\u00f6hnt werden mit den traditionellen Speisen, die aus \u00f6kologisch gez\u00fcchteten Lebensmitteln, Fleisch und Fisch von einheimischen Fischern, zubereitet werden.[\/vc_wp_text][\/vc_column][vc_column width=&#8221;1\/2&#8243;][vc_single_image image=&#8221;2853&#8243; img_size=&#8221;large&#8221;][\/vc_column][\/vc_row][vc_row el_class=&#8221;flex-row-reverse&#8221;][vc_column width=&#8221;1\/2&#8243;][vc_single_image image=&#8221;2855&#8243; img_size=&#8221;large&#8221;][\/vc_column][vc_column width=&#8221;1\/2&#8243;][vc_column_text 0=&#8221;&#8221;]Um eine Reservierung vorzunehmen oder weitere Informationen zu erhalten, z\u00f6gern Sie nicht, uns zu kontaktieren:<\/p>\n<p>Mobil: <a href=\"call:0038598577994\">+385 98 577 994<\/a><\/p>\n<p>E-mail: <a href=\"mailto:info@konoba-barba.hr\">info@konoba-barba.hr<\/a><\/p>\n<p>Adresse: <a href=\"https:\/\/goo.gl\/maps\/Aeri5o566Qz3vHbn6\" target=\"_blank\" rel=\"noopener\">Gunduli\u0107eva 4, 21485 Komi\u017ea, Island of Vis<\/a><\/p>\n<p>&nbsp;<\/p>\n<p>Eigent\u00fcmer: Dragan Stjepanovi\u0107 &#8211; Stepa[\/vc_column_text][\/vc_column][\/vc_row][vc_row][vc_column][vc_gallery type=&#8221;flexslider_slide&#8221; interval=&#8221;5&#8243; images=&#8221;2853,2855,2852,2854,2856&#8243; img_size=&#8221;800&#215;300&#8243;][\/vc_column][\/vc_row]<\/p>\n","protected":false},"excerpt":{"rendered":"<p>[vc_row css=&#8221;.vc_custom_1520893815064{margin-top: 0px !important;margin-bottom: 0px !important;}&#8221;][vc_column 0=&#8221;&#8221;][\/vc_column][\/vc_row][vc_row 0=&#8221;&#8221;][vc_column width=&#8221;1\/2&#8243;][vc_wp_text 0=&#8221;&#8221;]Wenn Sie von Riva durch die Ribarska Stra\u00dfe fahren und beim Hotel links abbiegen, gelangen Sie auf die Terrasse der Konoba &#8220;Barba&#8221;. Umgeben von der traditionellen Inselarchitektur k\u00f6nnen Sie von hier aus die ganze Bucht von Komi\u017ea sehen. Genie\u00dfen Sie die Sch\u00f6nheit und den Charme dieses [&hellip;]<\/p>\n","protected":false},"author":1,"featured_media":0,"parent":2990,"menu_order":0,"comment_status":"closed","ping_status":"closed","template":"","meta":{"footnotes":""},"class_list":["post-2992","page","type-page","status-publish","hentry"],"_links":{"self":[{"href":"https:\/\/stinivavis.com\/de\/wp-json\/wp\/v2\/pages\/2992","targetHints":{"allow":["GET"]}}],"collection":[{"href":"https:\/\/stinivavis.com\/de\/wp-json\/wp\/v2\/pages"}],"about":[{"href":"https:\/\/stinivavis.com\/de\/wp-json\/wp\/v2\/types\/page"}],"author":[{"embeddable":true,"href":"https:\/\/stinivavis.com\/de\/wp-json\/wp\/v2\/users\/1"}],"replies":[{"embeddable":true,"href":"https:\/\/stinivavis.com\/de\/wp-json\/wp\/v2\/comments?post=2992"}],"version-history":[{"count":2,"href":"https:\/\/stinivavis.com\/de\/wp-json\/wp\/v2\/pages\/2992\/revisions"}],"predecessor-version":[{"id":3057,"href":"https:\/\/stinivavis.com\/de\/wp-json\/wp\/v2\/pages\/2992\/revisions\/3057"}],"up":[{"embeddable":true,"href":"https:\/\/stinivavis.com\/de\/wp-json\/wp\/v2\/pages\/2990"}],"wp:attachment":[{"href":"https:\/\/stinivavis.com\/de\/wp-json\/wp\/v2\/media?parent=2992"}],"curies":[{"name":"wp","href":"https:\/\/api.w.org\/{rel}","templated":true}]}}