{"id":2994,"date":"2018-08-14T22:57:54","date_gmt":"2018-08-14T22:57:54","guid":{"rendered":"https:\/\/stinivavis.com\/tavern\/tavern-golub\/"},"modified":"2020-07-06T11:12:43","modified_gmt":"2020-07-06T11:12:43","slug":"taverne-golub","status":"publish","type":"page","link":"https:\/\/stinivavis.com\/de\/taverne\/taverne-golub\/","title":{"rendered":"Taverne Golub"},"content":{"rendered":"<p>[vc_row css=&#8221;.vc_custom_1520893815064{margin-top: 0px !important;margin-bottom: 0px !important;}&#8221;][vc_column 0=&#8221;&#8221;]<div class=\"iw-heading  style3 \" style=\"width: 100%\"><h3 class=\"iwh-title\" style=\"font-size: 38px\">Taverne Golub<\/h3><\/div>[\/vc_column][\/vc_row][vc_row 0=&#8221;&#8221;][vc_column width=&#8221;1\/2&#8243;][vc_wp_text 0=&#8221;&#8221;]Verstecktes Gourmet Juwel im Herzen der Insel Vis &#8211; Taverne Golub. Die Taverne befindet sich in Podselje, ist nur 11 Autominuten von der Bucht Stiniva entfernt und ist eine Besichtigung wert. In der Atmosph\u00e4re der authentischen dalmatinischen Taverne k\u00f6nnen Sie traditionelle dalmatinische Gerichte probieren, die aus frischem Fisch und Fleisch, kombiniert mit Gem\u00fcse und Obst der Saison, zubereitet werden.<\/p>\n<p>Beginnen Sie mit hausgemachtem K\u00e4se und k\u00f6stlichem Prosciutto, kombiniert mit selbstgebackenem Brot, und probieren Sie einige unserer erstaunlichen Hauptgerichte.[\/vc_wp_text][\/vc_column][vc_column width=&#8221;1\/2&#8243;][vc_single_image image=&#8221;2378&#8243; img_size=&#8221;large&#8221;][\/vc_column][\/vc_row][vc_row 0=&#8221;&#8221; el_class=&#8221;flex-row-reverse&#8221;][vc_column width=&#8221;1\/2&#8243;][vc_single_image image=&#8221;2376&#8243; img_size=&#8221;large&#8221;][\/vc_column][vc_column width=&#8221;1\/2&#8243;][vc_column_text 0=&#8221;&#8221;]K\u00f6stliches Thunfischtartar Steak, Tintenfischsalat, Lammkoteletts, traditionelle dalmatinische Peka oder Vi\u0161ka poga\u010da sind Teil der Speisekarte der Taverne Golub.<\/p>\n<p>Die Taverne Golub hat auch eine der besten Auswahlm\u00f6glichkeiten an lokalen dalmatinischen Weinen (Plavac, Vugava &#8230;) und Lik\u00f6ren auf dieser Insel. Obendrein k\u00f6nnen Sie den einmaligen Blick \u00fcber die, sich erstreckende, Ebene von Vis, genie\u00dfen.[\/vc_column_text][\/vc_column][\/vc_row][vc_row 0=&#8221;&#8221;][vc_column 0=&#8221;&#8221;][vc_cta h2=&#8221;&#8221;]<\/p>\n<p style=\"text-align: center;\">Um eine Reservierung vorzunehmen oder weitere Informationen zu erhalten, rufen Sie uns an unter <a href=\"tel:+385989650327\">+385 98 965 0327<\/a><\/p>\n<p style=\"text-align: center;\">&#8230; oder besuchen Sie uns unter unserer Adresse: <a href=\"https:\/\/goo.gl\/maps\/EqMEpzLuTks\" target=\"_blank\" rel=\"noopener\">Podselje 12,\u00a0 21480 Vis, Croatia<\/a><\/p>\n<p>[\/vc_cta][\/vc_column][\/vc_row][vc_row][vc_column][vc_gallery type=&#8221;flexslider_slide&#8221; interval=&#8221;5&#8243; images=&#8221;2374,2379,2373,2375,2372,2380&#8243; img_size=&#8221;800&#215;300&#8243;][\/vc_column][\/vc_row]<\/p>\n","protected":false},"excerpt":{"rendered":"<p>[vc_row css=&#8221;.vc_custom_1520893815064{margin-top: 0px !important;margin-bottom: 0px !important;}&#8221;][vc_column 0=&#8221;&#8221;][\/vc_column][\/vc_row][vc_row 0=&#8221;&#8221;][vc_column width=&#8221;1\/2&#8243;][vc_wp_text 0=&#8221;&#8221;]Verstecktes Gourmet Juwel im Herzen der Insel Vis &#8211; Taverne Golub. Die Taverne befindet sich in Podselje, ist nur 11 Autominuten von der Bucht Stiniva entfernt und ist eine Besichtigung wert. In der Atmosph\u00e4re der authentischen dalmatinischen Taverne k\u00f6nnen Sie traditionelle dalmatinische Gerichte probieren, die aus [&hellip;]<\/p>\n","protected":false},"author":1,"featured_media":0,"parent":2990,"menu_order":0,"comment_status":"closed","ping_status":"closed","template":"","meta":{"footnotes":""},"class_list":["post-2994","page","type-page","status-publish","hentry"],"_links":{"self":[{"href":"https:\/\/stinivavis.com\/de\/wp-json\/wp\/v2\/pages\/2994","targetHints":{"allow":["GET"]}}],"collection":[{"href":"https:\/\/stinivavis.com\/de\/wp-json\/wp\/v2\/pages"}],"about":[{"href":"https:\/\/stinivavis.com\/de\/wp-json\/wp\/v2\/types\/page"}],"author":[{"embeddable":true,"href":"https:\/\/stinivavis.com\/de\/wp-json\/wp\/v2\/users\/1"}],"replies":[{"embeddable":true,"href":"https:\/\/stinivavis.com\/de\/wp-json\/wp\/v2\/comments?post=2994"}],"version-history":[{"count":2,"href":"https:\/\/stinivavis.com\/de\/wp-json\/wp\/v2\/pages\/2994\/revisions"}],"predecessor-version":[{"id":3056,"href":"https:\/\/stinivavis.com\/de\/wp-json\/wp\/v2\/pages\/2994\/revisions\/3056"}],"up":[{"embeddable":true,"href":"https:\/\/stinivavis.com\/de\/wp-json\/wp\/v2\/pages\/2990"}],"wp:attachment":[{"href":"https:\/\/stinivavis.com\/de\/wp-json\/wp\/v2\/media?parent=2994"}],"curies":[{"name":"wp","href":"https:\/\/api.w.org\/{rel}","templated":true}]}}