{"id":2996,"date":"2018-02-07T13:52:42","date_gmt":"2018-02-07T13:52:42","guid":{"rendered":"https:\/\/stinivavis.com\/tavern\/tavern-peruka\/"},"modified":"2020-07-06T11:11:13","modified_gmt":"2020-07-06T11:11:13","slug":"taverne-peruka","status":"publish","type":"page","link":"https:\/\/stinivavis.com\/de\/taverne\/taverne-peruka\/","title":{"rendered":"Taverne Peruka"},"content":{"rendered":"<p>[vc_row css=&#8221;.vc_custom_1520893815064{margin-top: 0px !important;margin-bottom: 0px !important;}&#8221;][vc_column 0=&#8221;&#8221;]<div class=\"iw-heading  style3 \" style=\"width: 100%\"><h3 class=\"iwh-title\" style=\"font-size: 38px\">Taverne Peruka<\/h3><\/div>[\/vc_column][\/vc_row][vc_row 0=&#8221;&#8221;][vc_column width=&#8221;1\/2&#8243;][vc_wp_text 0=&#8221;&#8221;]Die Taverne Peruka liegt im Schatten der hohen Klippen am Strand von Stiniva. Sie ist die einzige Taverne in der Gegend und bietet vom Fr\u00fchst\u00fcck bis zum Abendessen Getr\u00e4nke und Mahlzeiten an.<\/p>\n<p>Die Spezialit\u00e4t der Taverne Peruka ist frischer gegrillter Fisch und Fleisch, was sich ideal als Mittagessen oder fr\u00fchen Abendessen eignet.<\/p>\n<p>Da es in der Taverne kein WLAN und kein Mobilfunksignal gibt, ist es wichtig, einen Tag vorher anzurufen und zu bestellen, wenn Sie ein gegrilltes Men\u00fc w\u00fcnschen. <a href=\"tel:+385923004824\">Rufen Sie uns an und reservieren Sie.<\/a>[\/vc_wp_text][\/vc_column][vc_column width=&#8221;1\/2&#8243;][vc_single_image image=&#8221;2860&#8243; img_size=&#8221;large&#8221;][\/vc_column][\/vc_row][vc_row el_class=&#8221;flex-row-reverse&#8221;][vc_column width=&#8221;1\/2&#8243;][vc_single_image image=&#8221;2863&#8243; img_size=&#8221;800&#215;600&#8243;][\/vc_column][vc_column width=&#8221;1\/2&#8243;][vc_column_text 0=&#8221;&#8221;]Die Taverne bietet auch verschiedene Erfrischungsgetr\u00e4nke ,von kalten alkoholfreien Getr\u00e4nken, S\u00e4ften, Kaffee und Tee bis hin zu starken und Mixgetr\u00e4nken, Bier und Weinen aus den \u00f6rtlichen Weinkellereien, an.<\/p>\n<p>In den Morgenstunden bieten sie ein spezielles Fr\u00fchst\u00fccksangebot an: Eier, Speck, Salami, K\u00e4se, Brot, Butter, Marmelade &#8230; Tags\u00fcber k\u00f6nnen Sie ihre k\u00f6stlichen Sandwiches, Banook aus Salzsardinen, Pfannkuchen, Gruppenplatten (Schinken\/K\u00e4se\/Sardine), verschiedene mediterrane Salate (mit frischem Blattsalat, Eiern, Thunfisch, Tomaten, Kapern, Sardellen) oder H\u00fchnersalat (Kopfsalat, Eier, Grillh\u00e4hnchen, Tomaten, Kapern) probieren.[\/vc_column_text][\/vc_column][\/vc_row][vc_row 0=&#8221;&#8221;][vc_column 0=&#8221;&#8221;][vc_cta h2=&#8221;&#8221;]<\/p>\n<p style=\"text-align: left;\"><strong>Taverne Peruka<\/strong><\/p>\n<p>Telefon: <a href=\"tel:38521292495\">+385 21 292 495<\/a><br \/>\nMobil: <a href=\"tel:+385921646622\">+385\u00a092 164 6622<\/a><br \/>\nE-mail:\u00a0<a href=\"mailto:info@stinivavis.com\">info@stinivavis.com<\/a><br \/>\nStandort:\u00a0<a href=\"https:\/\/goo.gl\/maps\/QyV6A8uNbcB2\" target=\"_blank\" rel=\"noopener\">Strand von Stiniva<\/a>[\/vc_cta][\/vc_column][\/vc_row][vc_row][vc_column][vc_gallery interval=&#8221;5&#8243; images=&#8221;2858,2859,2860,2861,2862,2863&#8243; img_size=&#8221;800&#215;500&#8243;][\/vc_column][\/vc_row]<\/p>\n","protected":false},"excerpt":{"rendered":"<p>[vc_row css=&#8221;.vc_custom_1520893815064{margin-top: 0px !important;margin-bottom: 0px !important;}&#8221;][vc_column 0=&#8221;&#8221;][\/vc_column][\/vc_row][vc_row 0=&#8221;&#8221;][vc_column width=&#8221;1\/2&#8243;][vc_wp_text 0=&#8221;&#8221;]Die Taverne Peruka liegt im Schatten der hohen Klippen am Strand von Stiniva. Sie ist die einzige Taverne in der Gegend und bietet vom Fr\u00fchst\u00fcck bis zum Abendessen Getr\u00e4nke und Mahlzeiten an. Die Spezialit\u00e4t der Taverne Peruka ist frischer gegrillter Fisch und Fleisch, was sich ideal [&hellip;]<\/p>\n","protected":false},"author":1,"featured_media":0,"parent":2990,"menu_order":0,"comment_status":"closed","ping_status":"closed","template":"","meta":{"footnotes":""},"class_list":["post-2996","page","type-page","status-publish","hentry"],"_links":{"self":[{"href":"https:\/\/stinivavis.com\/de\/wp-json\/wp\/v2\/pages\/2996","targetHints":{"allow":["GET"]}}],"collection":[{"href":"https:\/\/stinivavis.com\/de\/wp-json\/wp\/v2\/pages"}],"about":[{"href":"https:\/\/stinivavis.com\/de\/wp-json\/wp\/v2\/types\/page"}],"author":[{"embeddable":true,"href":"https:\/\/stinivavis.com\/de\/wp-json\/wp\/v2\/users\/1"}],"replies":[{"embeddable":true,"href":"https:\/\/stinivavis.com\/de\/wp-json\/wp\/v2\/comments?post=2996"}],"version-history":[{"count":2,"href":"https:\/\/stinivavis.com\/de\/wp-json\/wp\/v2\/pages\/2996\/revisions"}],"predecessor-version":[{"id":3054,"href":"https:\/\/stinivavis.com\/de\/wp-json\/wp\/v2\/pages\/2996\/revisions\/3054"}],"up":[{"embeddable":true,"href":"https:\/\/stinivavis.com\/de\/wp-json\/wp\/v2\/pages\/2990"}],"wp:attachment":[{"href":"https:\/\/stinivavis.com\/de\/wp-json\/wp\/v2\/media?parent=2996"}],"curies":[{"name":"wp","href":"https:\/\/api.w.org\/{rel}","templated":true}]}}