{"id":3010,"date":"2018-06-15T12:40:23","date_gmt":"2018-06-15T12:40:23","guid":{"rendered":"https:\/\/stinivavis.com\/croatia-active-holiday\/"},"modified":"2020-07-06T10:16:15","modified_gmt":"2020-07-06T10:16:15","slug":"vis-touren-kroatien-aktivurlaub","status":"publish","type":"page","link":"https:\/\/stinivavis.com\/de\/vis-touren-kroatien-aktivurlaub\/","title":{"rendered":"Vis Touren"},"content":{"rendered":"<p>[vc_row 0=&#8221;&#8221;][vc_column width=&#8221;1\/2&#8243;][vc_column_text 0=&#8221;&#8221;]Die Insel Vis bietet Ihnen zahlreiche M\u00f6glichkeiten f\u00fcr einen aktiven Urlaub, eine wundersch\u00f6ne Landschaft, ein extrem sauberes und klares Meer, einzigartige Str\u00e4nde und einen Archipel von kleinen Inseln, die Perlen wie H\u00f6hlen und Restaurants beherbergen. Die Insel hat eine begrenzte Kapazit\u00e4t an Touristenunterk\u00fcnften, was sie von den anderen kroatischen Inseln unterscheidet, die f\u00fcr den Massentourismus bekannt sind.[\/vc_column_text][\/vc_column][vc_column width=&#8221;1\/2&#8243;][vc_single_image image=&#8221;1860&#8243; img_size=&#8221;600&#215;300&#8243;][\/vc_column][\/vc_row][vc_row 0=&#8221;&#8221; el_class=&#8221;flex-row-reverse&#8221;][vc_column width=&#8221;1\/2&#8243;][vc_single_image image=&#8221;2291&#8243; img_size=&#8221;600&#215;300&#8243;][\/vc_column][vc_column width=&#8221;1\/2&#8243;][vc_column_text 0=&#8221;&#8221;]Die Insel Vis ist die beste Wahl f\u00fcr diejenigen, die authentische Ruhe, unber\u00fchrte Natursch\u00f6nheiten und versteckte, menschenleere Str\u00e4nde abseits der Touristenmassen der dalmatinischen K\u00fcste, suchen. Sie wird zur bevorzugten Wahl f\u00fcr jene, die nicht auf der Suche nach Abenteuern im Nachtleben, \u00fcberf\u00fcllten Str\u00e4nden, \u00fcberf\u00fcllten Restaurants und Tavernen, sind.[\/vc_column_text][\/vc_column][\/vc_row][vc_row 0=&#8221;&#8221;][vc_column 0=&#8221;&#8221;]<div class=\"iw-heading  style3 \" style=\"width: 100%\"><h3 class=\"iwh-title\" style=\"font-size: 20px\">Kroatien Aktivurlaubspaket<\/h3><\/div>[\/vc_column][\/vc_row][vc_row 0=&#8221;&#8221;][vc_column width=&#8221;1\/2&#8243;][vc_column_text 0=&#8221;&#8221;]Der Aktivurlaub in Kroatien ist eine Themenwoche f\u00fcr alle Generationen, angepasst an unterschiedliche Affinit\u00e4ten und Profile. Es gibt vier Grundfarben, die unsere angebotenen Aktivit\u00e4ten, sch\u00f6ne Unterk\u00fcnfte und qualitativ hochwertige, ma\u00dfgeschneiderte Verpflegung, bestimmen.<\/p>\n<p>Vom Moment Ihrer Landung auf dem Flughafen Split, verschwinden alle Ihre Sorgen und genau in diesem Moment beginnt Ihr Urlaub. Wir k\u00fcmmern uns um Ihren Transfer vom Flughafen zum Schiffsterminal, genauso wie wir uns um alles andere bei Ihrer Ankunft auf der Insel k\u00fcmmern. Wir erkl\u00e4ren Ihnen die von uns angebotenen Aktivit\u00e4ten und stellen Ihnen mit uns verbrachten Tag vor.[\/vc_column_text][\/vc_column][vc_column width=&#8221;1\/2&#8243;][vc_single_image image=&#8221;2302&#8243; img_size=&#8221;large&#8221;][\/vc_column][\/vc_row][vc_row 0=&#8221;&#8221;][vc_column width=&#8221;1\/2&#8243;]<div class=\"iw-item-info  style2 vc_custom_1593717960406 center-text\"><div class=\"icon theme-bg\" style=\"font-size:27px\"><i class=\"fa fa-hotel\"><\/i><\/div><div class=\"item-info-content\"><h3 class=\"title\">Das Paket enth\u00e4lt:<\/h3><p class=\"description\">- 7 Tage Luxus Unterkunft in der Villa Luana<br \/>\n- 7 \u00dcbernachtungen mit Fr\u00fchst\u00fcck<br \/>\n- 4 Mittagessen<br \/>\n- 3 Abendessen<br \/>\n- 5 Tage Aktivit\u00e4ten<br \/>\n<\/p><\/div><\/div>[\/vc_column][vc_column width=&#8221;1\/2&#8243;]<div class=\"iw-item-info  style2 vc_custom_1593717977904 center-text\"><div class=\"icon theme-bg\" style=\"font-size:27px\"><i class=\"fa fa-bicycle\"><\/i><\/div><div class=\"item-info-content\"><h3 class=\"title\">5-Tage-Aktivit\u00e4ten<\/h3><p class=\"description\">- Bootsfahrt auf der S\u00fcdseite der Insel Vis ( Blaue H\u00f6hle, H\u00f6hle der M\u00f6nchsrobben, Strand Stiniva, Gr\u00fcne H\u00f6hle, Blaue Lagune Budikovac )<br \/>\n- Mit dem Fahrrad nach Komiza<br \/>\n- Kajakfahren zur H\u00f6hle Green<br \/>\n- Schnorcheln in der Lagune von Budikovac<br \/>\n- Milit\u00e4rischer Rundgang<br \/>\n<\/p><\/div><\/div>[\/vc_column][\/vc_row][vc_row 0=&#8221;&#8221;][vc_column width=&#8221;1\/2&#8243;]<div class=\"iw-item-info  style2 vc_custom_1593717993967 center-text\"><div class=\"icon theme-bg\" style=\"font-size:27px\"><i class=\"ion-wifi\"><\/i><\/div><div class=\"item-info-content\"><h3 class=\"title\">Fakultativ:<\/h3><p class=\"description\">- morgendliches Yoga oder morgendliches Joggen und vieles mehr<br \/>\n- Viel Spa\u00df und Gel\u00e4chter.<br \/>\n- Freies WLAN<br \/>\n- 4 Fahrr\u00e4der stehen zur Verf\u00fcgung, um die Insel Vis zu erkunden<br \/>\n<\/p><\/div><\/div>[\/vc_column][vc_column width=&#8221;1\/2&#8243;]<div class=\"iw-item-info  style2 vc_custom_1593718012807 center-text\"><div class=\"icon theme-bg\" style=\"font-size:27px\"><i class=\"fa fa-sun-o\"><\/i><\/div><div class=\"item-info-content\"><h3 class=\"title\">Wetter<\/h3><p class=\"description\">Je nach Wetterbedingungen und Ihren W\u00fcnschen, arrangieren und planen wir f\u00fcr Sie einen perfekten Tag.<br \/>\n<\/p><\/div><\/div>[\/vc_column][\/vc_row][vc_row gap=&#8221;2&#8243; css=&#8221;.vc_custom_1529014878523{margin-top: 25px !important;}&#8221;][vc_column 0=&#8221;&#8221;][vc_cta h2=&#8221;&#8221; txt_align=&#8221;center&#8221; el_width=&#8221;lg&#8221;]F\u00fcr weitere Informationen rufen Sie uns an unter <a href=\"tel:+385923004824\">+385 92 300 4824<\/a> oder schreiben Sie uns an <a href=\"mailto:info@stinivavis.com\">info@stinivavis.com<\/a>[\/vc_cta][\/vc_column][\/vc_row]<\/p>\n","protected":false},"excerpt":{"rendered":"<p>[vc_row 0=&#8221;&#8221;][vc_column width=&#8221;1\/2&#8243;][vc_column_text 0=&#8221;&#8221;]Die Insel Vis bietet Ihnen zahlreiche M\u00f6glichkeiten f\u00fcr einen aktiven Urlaub, eine wundersch\u00f6ne Landschaft, ein extrem sauberes und klares Meer, einzigartige Str\u00e4nde und einen Archipel von kleinen Inseln, die Perlen wie H\u00f6hlen und Restaurants beherbergen. Die Insel hat eine begrenzte Kapazit\u00e4t an Touristenunterk\u00fcnften, was sie von den anderen kroatischen Inseln unterscheidet, die [&hellip;]<\/p>\n","protected":false},"author":1,"featured_media":0,"parent":0,"menu_order":0,"comment_status":"closed","ping_status":"closed","template":"","meta":{"footnotes":""},"class_list":["post-3010","page","type-page","status-publish","hentry"],"_links":{"self":[{"href":"https:\/\/stinivavis.com\/de\/wp-json\/wp\/v2\/pages\/3010","targetHints":{"allow":["GET"]}}],"collection":[{"href":"https:\/\/stinivavis.com\/de\/wp-json\/wp\/v2\/pages"}],"about":[{"href":"https:\/\/stinivavis.com\/de\/wp-json\/wp\/v2\/types\/page"}],"author":[{"embeddable":true,"href":"https:\/\/stinivavis.com\/de\/wp-json\/wp\/v2\/users\/1"}],"replies":[{"embeddable":true,"href":"https:\/\/stinivavis.com\/de\/wp-json\/wp\/v2\/comments?post=3010"}],"version-history":[{"count":5,"href":"https:\/\/stinivavis.com\/de\/wp-json\/wp\/v2\/pages\/3010\/revisions"}],"predecessor-version":[{"id":3037,"href":"https:\/\/stinivavis.com\/de\/wp-json\/wp\/v2\/pages\/3010\/revisions\/3037"}],"wp:attachment":[{"href":"https:\/\/stinivavis.com\/de\/wp-json\/wp\/v2\/media?parent=3010"}],"curies":[{"name":"wp","href":"https:\/\/api.w.org\/{rel}","templated":true}]}}