{"id":3813,"date":"2025-06-13T19:21:21","date_gmt":"2025-06-13T19:21:21","guid":{"rendered":"https:\/\/stinivavis.com\/villa-trovna\/"},"modified":"2025-06-16T19:50:09","modified_gmt":"2025-06-16T19:50:09","slug":"villa-trovna","status":"publish","type":"page","link":"https:\/\/stinivavis.com\/de\/villa-trovna\/","title":{"rendered":"Villa Trovna"},"content":{"rendered":"<p>[vc_row css=&#8221;.vc_custom_1520893815064{margin-top: 0px !important;margin-bottom: 0px !important;}&#8221;][vc_column 0=&#8221;&#8221;]<div class=\"iw-heading  style3  text-center\" style=\"width: 100%\"><h3 class=\"iwh-title\" style=\"font-size: 30px\">Villa Trovna \u2013 Wundersch\u00f6ne Villa am Meer auf der Insel Vis<\/h3><\/div>[\/vc_column][\/vc_row][vc_row css=&#8221;.vc_custom_1521025831669{margin-top: 0px !important;margin-bottom: 0px !important;}&#8221;][vc_column][vc_empty_space height=&#8221;10px&#8221;][\/vc_column][\/vc_row][vc_row css=&#8221;.vc_custom_1521025418243{margin-top: 0px !important;margin-bottom: 0px !important;}&#8221;][vc_column 0=&#8221;&#8221;][vc_column_text css=&#8221;.vc_custom_1750102720418{margin-top: 0px !important;margin-bottom: 0px !important;}&#8221;]Die Villa Trovna ist eine wundersch\u00f6ne Villa am Meer mit Swimmingpool. Sie liegt an der S\u00fcdseite der Insel Vis, in der Bucht von Molo Trovna, links vom ber\u00fchmten Strand Stiniva.<\/p>\n<p>Mit ihrem modernen Design, dem Swimmingpool und der Terrasse mit Meerblick bietet sie viel Platz f\u00fcr einen ruhigen und erholsamen Urlaub. Nur wenige Schritte vom Haus entfernt befindet sich ein malerischer Kieselstrand.<\/p>\n<p>Die Villa Trovna ist ein autarkes, umweltfreundliches Haus, das Sie mit allen modernen technischen Standards empf\u00e4ngt und gleichzeitig die Sch\u00f6nheit des Lebens sp\u00fcren l\u00e4sst. Dies ist ein idealer Ort, um K\u00f6rper und Seele zu entspannen!<\/p>\n<p>Die Anfahrt mit \u00f6ffentlichen Verkehrsmitteln ist schwierig, daher empfehlen wir Ihnen die Anreise mit dem Auto. Parkpl\u00e4tze stehen direkt vor dem Haus zur Verf\u00fcgung. F\u00fcr die Anmietung dieser Villa ist eine Kaution von 400 \u20ac zu hinterlegen. Diese wird Ihnen auf jeden Fall zur\u00fcckerstattet, sofern nach Ihrem Aufenthalt keine Sch\u00e4den an der Unterkunft entstanden sind.<\/p>\n<p>Die Villa ist \u00fcber eine asphaltierte Stra\u00dfe erreichbar, mit Ausnahme der letzten 2,5 km, die Schotterstra\u00dfe sind.<\/p>\n<p>&nbsp;<\/p>\n<h2 style=\"text-align: center;\">Jetzt buchen:<\/h2>\n<p>[\/vc_column_text][vc_empty_space 0=&#8221;&#8221;][vc_column_text]\n<div class=\"wpcf7 no-js\" id=\"wpcf7-f3757-o1\" lang=\"en-US\" dir=\"ltr\" data-wpcf7-id=\"3757\">\n<div class=\"screen-reader-response\"><p role=\"status\" aria-live=\"polite\" aria-atomic=\"true\"><\/p> <ul><\/ul><\/div>\n<form action=\"\/de\/wp-json\/wp\/v2\/pages\/3813#wpcf7-f3757-o1\" method=\"post\" class=\"wpcf7-form init\" aria-label=\"Contact form\" novalidate=\"novalidate\" data-status=\"init\">\n<fieldset class=\"hidden-fields-container\"><input type=\"hidden\" name=\"_wpcf7\" value=\"3757\" \/><input type=\"hidden\" name=\"_wpcf7_version\" value=\"6.1.4\" \/><input type=\"hidden\" name=\"_wpcf7_locale\" value=\"en_US\" \/><input type=\"hidden\" name=\"_wpcf7_unit_tag\" value=\"wpcf7-f3757-o1\" \/><input type=\"hidden\" name=\"_wpcf7_container_post\" value=\"0\" \/><input type=\"hidden\" name=\"_wpcf7_posted_data_hash\" value=\"\" \/>\n<\/fieldset>\n<p><label> Name und Nachname *<br \/>\n<span class=\"wpcf7-form-control-wrap\" data-name=\"text-801\"><input size=\"40\" maxlength=\"400\" class=\"wpcf7-form-control wpcf7-text wpcf7-validates-as-required\" aria-required=\"true\" aria-invalid=\"false\" value=\"\" type=\"text\" name=\"text-801\" \/><\/span> <\/label><br \/>\n<label> Ihre Email *<br \/>\n<span class=\"wpcf7-form-control-wrap\" data-name=\"your-email\"><input size=\"40\" maxlength=\"400\" class=\"wpcf7-form-control wpcf7-email wpcf7-validates-as-required wpcf7-text wpcf7-validates-as-email\" aria-required=\"true\" aria-invalid=\"false\" value=\"\" type=\"email\" name=\"your-email\" \/><\/span> <\/label>\n<\/p>\n<p><label> Einchecken *<br \/>\n<span class=\"wpcf7-form-control-wrap\" data-name=\"dt1\"><input size=\"40\" maxlength=\"400\" class=\"wpcf7-form-control wpcf7-text wpcf7-validates-as-required dp-field\" aria-required=\"true\" aria-invalid=\"false\" value=\"\" type=\"text\" name=\"dt1\" \/><\/span> <\/label><br \/>\n<label> Auschecken *<br \/>\n<span class=\"wpcf7-form-control-wrap\" data-name=\"dt2\"><input size=\"40\" maxlength=\"400\" class=\"wpcf7-form-control wpcf7-text wpcf7-validates-as-required dp-field\" aria-required=\"true\" aria-invalid=\"false\" value=\"\" type=\"text\" name=\"dt2\" \/><\/span> <\/label><br \/>\n<label> Anzahl der G\u00e4ste *<br \/>\n<span class=\"wpcf7-form-control-wrap\" data-name=\"number-370\"><input class=\"wpcf7-form-control wpcf7-number wpcf7-validates-as-number\" aria-invalid=\"false\" value=\"\" type=\"number\" name=\"number-370\" \/><\/span> <\/label>\n<\/p>\n<p><label> Ihre Notizen<br \/>\n<span class=\"wpcf7-form-control-wrap\" data-name=\"textarea-75\"><textarea cols=\"40\" rows=\"10\" maxlength=\"2000\" class=\"wpcf7-form-control wpcf7-textarea\" aria-invalid=\"false\" name=\"textarea-75\"><\/textarea><\/span> <\/label>\n<\/p>\n<p><span class=\"wpcf7-form-control-wrap\" data-name=\"acceptance-401\"><span class=\"wpcf7-form-control wpcf7-acceptance\"><span class=\"wpcf7-list-item\"><label><input type=\"checkbox\" name=\"acceptance-401\" value=\"1\" aria-invalid=\"false\" \/><span class=\"wpcf7-list-item-label\">Durch die Nutzung dieser Form stimmen Sie mit der Lagerung und Handhabung Ihrer Daten durch diese Website.<\/span><\/label><\/span><\/span><\/span>\n<\/p>\n<p><input class=\"wpcf7-form-control wpcf7-submit has-spinner\" type=\"submit\" value=\"JETZT BUCHEN\" \/>\n<\/p><div class=\"wpcf7-response-output\" aria-hidden=\"true\"><\/div>\n<\/form>\n<\/div>\n[\/vc_column_text][vc_gallery interval=&#8221;0&#8243; images=&#8221;3800,3798,3796,3794,3792,3790,3788,3786,3784,3782,3780,3778,3776,3774,3772,3770,3768,3766,3764,3762,3760,3758,3755,3753,3751,3749,3747,3745,3743&#8243; img_size=&#8221;1600&#215;1066&#8243; onclick=&#8221;&#8221;][\/vc_column][\/vc_row][vc_row 0=&#8221;&#8221;][vc_column 0=&#8221;&#8221;]<div class=\"iw-heading  style1  text-center\" style=\"width: 100%\"><h3 class=\"iwh-title\" style=\"font-size: 20px\">Ausstattung und Dienstleistungen:<\/h3><\/div>[\/vc_column][\/vc_row][vc_row 0=&#8221;&#8221;][vc_column width=&#8221;1\/2&#8243;][vc_column_text 0=&#8221;&#8221;]Die Villa Trovna erstreckt sich \u00fcber zwei Etagen. Der Haupteingang im ersten Stock f\u00fchrt zu einem Flur, der mit zwei sch\u00f6nen Doppelzimmern mit eigenem Bad verbunden ist. Jedes Schlafzimmer verf\u00fcgt \u00fcber gro\u00dfe Fl\u00fcgelt\u00fcren, die auf einen Balkon mit herrlichem Meerblick f\u00fchren. Von den Schlafzimmern f\u00fchrt eine Treppe zur Wohnk\u00fcche und zum dritten Schlafzimmer mit Doppelbett und Bad.<\/p>\n<p>Die moderne, gut ausgestattete K\u00fcche \u00f6ffnet sich zur Terrasse mit Swimmingpool und einem Esstisch f\u00fcr sechs Personen. Die Villa wird mit Solarenergie betrieben. Ein externer Regenwassertank sorgt f\u00fcr reichlich sauberes Wasser zum Kochen und Waschen und versorgt auch die Badezimmer und die K\u00fcche mit Wasser.[\/vc_column_text][\/vc_column][vc_column width=&#8221;1\/2&#8243;][vc_column_text 0=&#8221;&#8221;]Klimaanlage und Internet sind in allen Zimmern verf\u00fcgbar. Au\u00dferdem stehen Ihnen ein Kinderbett, Fernseher, Radio, Safe, B\u00fcgeleisen, Waschmaschine sowie Bettw\u00e4sche und Handt\u00fccher zur Verf\u00fcgung. Je nach Wunsch k\u00f6nnen Sie eine Dusche oder eine Badewanne nutzen.<\/p>\n<p>Die Villa erstreckt sich \u00fcber einen 1000 Quadratmeter gro\u00dfen Garten mit verschiedenen mediterranen Pflanzen. Dar\u00fcber hinaus sind der Au\u00dfenpool, die Sonnenliegen und der Grill ein weiteres Plus, das Sie zu einem Urlaub in diesem Haus verlocken wird.[\/vc_column_text][\/vc_column][\/vc_row][vc_row 0=&#8221;&#8221;][vc_column 0=&#8221;&#8221;][vc_separator color=&#8221;peacoc&#8221; border_width=&#8221;2&#8243;][\/vc_column][\/vc_row][vc_row css=&#8221;.vc_custom_1521026396989{margin-top: 0px !important;margin-bottom: 0px !important;}&#8221;][vc_column 0=&#8221;&#8221;]<div class=\"iw-heading  style1  text-center\" style=\"width: 100%\"><h3 class=\"iwh-title\" style=\"font-size: 20px\">Kontakt<\/h3><div class=\"iwh-description\" style=\"color: #333333; font-size: 15px; font-family: Lato\">F\u00fcr weitere Informationen zur Unterkunft kontaktieren Sie uns bitte:<\/div><\/div>[\/vc_column][\/vc_row][vc_row css=&#8221;.vc_custom_1521025831669{margin-top: 0px !important;margin-bottom: 0px !important;}&#8221;][vc_column width=&#8221;1\/2&#8243;][vc_wp_text 0=&#8221;&#8221;]<\/p>\n<p style=\"text-align: left;\"><span class=\"hermes-contact-value\">Mob<\/span><span class=\"hermes-contact-value\" style=\"color: #6b6b6b;\">: <\/span><a href=\"http:\/\/+385923004824\"><span class=\"hermes-contact-value\">+385 92 300 4824<\/span><\/a><br \/>\n<span class=\"hermes-contact-value\">E-mail: <a href=\"mailto:info@stinivavis.com\">info@stinivavis.com<\/a><\/span><\/p>\n<p>[\/vc_wp_text][\/vc_column][vc_column width=&#8221;1\/2&#8243;][vc_empty_space height=&#8221;40px&#8221;][\/vc_column][\/vc_row][vc_row 0=&#8221;&#8221;][vc_column 0=&#8221;&#8221;][vc_gmaps link=&#8221;#E-8_JTNDaWZyYW1lJTIwc3JjJTNEJTIyaHR0cHMlM0ElMkYlMkZ3d3cuZ29vZ2xlLmNvbSUyRm1hcHMlMkZlbWJlZCUzRnBiJTNEJTIxMW0xOCUyMTFtMTIlMjExbTMlMjExZDM1NzAuMzI2Mzk0NDUxNzYwNyUyMTJkMTYuMTc1MjA4MTI5MDU0NTklMjEzZDQzLjAyMDQ5Mzk2Mzg5NjQ0JTIxMm0zJTIxMWYwJTIxMmYwJTIxM2YwJTIxM20yJTIxMWkxMDI0JTIxMmk3NjglMjE0ZjEzLjElMjEzbTMlMjExbTIlMjExczB4MTMzNTk3ODQ4ZjBjNTc5MSUyNTNBMHg3ZjU1MmFiZGI2NzU3NGNiJTIxMnNCZWFjaGZyb250JTI1MjBWaWxsYSUyNTIwVHJvdm5hJTIxNWUxJTIxM20yJTIxMXNociUyMTJzaHIlMjE0djE3NTAxMDI3ODgxMjQlMjE1bTIlMjExc2hyJTIxMnNociUyMiUyMHdpZHRoJTNEJTIyNjAwJTIyJTIwaGVpZ2h0JTNEJTIyNDUwJTIyJTIwc3R5bGUlM0QlMjJib3JkZXIlM0EwJTNCJTIyJTIwYWxsb3dmdWxsc2NyZWVuJTNEJTIyJTIyJTIwbG9hZGluZyUzRCUyMmxhenklMjIlMjByZWZlcnJlcnBvbGljeSUzRCUyMm5vLXJlZmVycmVyLXdoZW4tZG93bmdyYWRlJTIyJTNFJTNDJTJGaWZyYW1lJTNF&#8221;][\/vc_column][\/vc_row]<\/p>\n","protected":false},"excerpt":{"rendered":"<p>[vc_row css=&#8221;.vc_custom_1520893815064{margin-top: 0px !important;margin-bottom: 0px !important;}&#8221;][vc_column 0=&#8221;&#8221;][\/vc_column][\/vc_row][vc_row css=&#8221;.vc_custom_1521025831669{margin-top: 0px !important;margin-bottom: 0px !important;}&#8221;][vc_column][vc_empty_space height=&#8221;10px&#8221;][\/vc_column][\/vc_row][vc_row css=&#8221;.vc_custom_1521025418243{margin-top: 0px !important;margin-bottom: 0px !important;}&#8221;][vc_column 0=&#8221;&#8221;][vc_column_text css=&#8221;.vc_custom_1750102720418{margin-top: 0px !important;margin-bottom: 0px !important;}&#8221;]Die Villa Trovna ist eine wundersch\u00f6ne Villa am Meer mit Swimmingpool. Sie liegt an der S\u00fcdseite der Insel Vis, in der Bucht von Molo Trovna, links vom ber\u00fchmten Strand Stiniva. Mit ihrem [&hellip;]<\/p>\n","protected":false},"author":1,"featured_media":0,"parent":0,"menu_order":0,"comment_status":"closed","ping_status":"closed","template":"","meta":{"footnotes":""},"class_list":["post-3813","page","type-page","status-publish","hentry"],"_links":{"self":[{"href":"https:\/\/stinivavis.com\/de\/wp-json\/wp\/v2\/pages\/3813","targetHints":{"allow":["GET"]}}],"collection":[{"href":"https:\/\/stinivavis.com\/de\/wp-json\/wp\/v2\/pages"}],"about":[{"href":"https:\/\/stinivavis.com\/de\/wp-json\/wp\/v2\/types\/page"}],"author":[{"embeddable":true,"href":"https:\/\/stinivavis.com\/de\/wp-json\/wp\/v2\/users\/1"}],"replies":[{"embeddable":true,"href":"https:\/\/stinivavis.com\/de\/wp-json\/wp\/v2\/comments?post=3813"}],"version-history":[{"count":7,"href":"https:\/\/stinivavis.com\/de\/wp-json\/wp\/v2\/pages\/3813\/revisions"}],"predecessor-version":[{"id":3821,"href":"https:\/\/stinivavis.com\/de\/wp-json\/wp\/v2\/pages\/3813\/revisions\/3821"}],"wp:attachment":[{"href":"https:\/\/stinivavis.com\/de\/wp-json\/wp\/v2\/media?parent=3813"}],"curies":[{"name":"wp","href":"https:\/\/api.w.org\/{rel}","templated":true}]}}