{"id":3944,"date":"2026-01-05T14:13:09","date_gmt":"2026-01-05T14:13:09","guid":{"rendered":"https:\/\/stinivavis.com\/villa-rapcan\/"},"modified":"2026-01-06T12:26:22","modified_gmt":"2026-01-06T12:26:22","slug":"villa-rapcan","status":"publish","type":"page","link":"https:\/\/stinivavis.com\/de\/villa-rapcan\/","title":{"rendered":"Villa Rapcan"},"content":{"rendered":"<p>[vc_row css=&#8221;.vc_custom_1520893815064{margin-top: 0px !important;margin-bottom: 0px !important;}&#8221;][vc_column]<div class=\"iw-heading  style3  text-center\" style=\"width: 100%\"><h3 class=\"iwh-title\" style=\"font-size: 30px\">Villa Rapcan \u2013 Ein St\u00fcck Paradies in einem ruhigen Teil der Insel<\/h3><\/div>[\/vc_column][\/vc_row][vc_row css=&#8221;.vc_custom_1521025418243{margin-top: 0px !important;margin-bottom: 0px !important;}&#8221;][vc_column][vc_column_text css=&#8221;.vc_custom_1767627776824{margin-top: 0px !important;margin-bottom: 0px !important;}&#8221;]<\/p>\n<div class=\"page-header page-redesign-header\">\n<p style=\"text-align: center;\">Entdecken Sie ein St\u00fcck Paradies auf einer der sch\u00f6nsten Inseln Kroatiens \u2013 die Villa Rapcan, gelegen in einem exklusiven und ruhigen Teil der Insel Vis, in der Bucht von \u017denka. Diese moderne Ferienvilla ist ideal f\u00fcr alle, die Luxus, Privatsph\u00e4re und vollkommene Entspannung inmitten der Natur und mit endlosem Blick auf die Adria suchen.<\/p>\n<p style=\"text-align: center;\">Die Villa Rapcan vereint <strong>modernes Design mit authentischem dalmatinischem Charme<\/strong>. Jedes Detail wurde sorgf\u00e4ltig durchdacht, um eine Atmosph\u00e4re von Komfort und Harmonie zu schaffen.<\/p>\n<h3 style=\"text-align: center;\">Was Sie in der Villa Rapcan erwartet:<\/h3>\n<ul>\n<li>Infinity-Pool mit Panoramablick aufs Meer \u2013 genie\u00dfen Sie ein erfrischendes Bad und lassen Sie den Blick \u00fcber den Horizont schweifen, wo Himmel und Meer verschmelzen.<\/li>\n<li>Elegantes Interieur \u2013 modern und geschmackvoll gestaltete R\u00e4ume mit nat\u00fcrlichen Materialien und hohem Komfort.<\/li>\n<li>Privater Fitnessbereich \u2013 perfekt f\u00fcr alle, die auch im Urlaub aktiv bleiben m\u00f6chten.<\/li>\n<li>Romantische Au\u00dfenbeleuchtung \u2013 bei Einbruch der Dunkelheit verwandelt sich die Villa in einen magischen Ort voller Lichter und gem\u00fctlicher Atmosph\u00e4re.<\/li>\n<li>Bequeme Parkpl\u00e4tze direkt an der Villa f\u00fcr einen stressfreien Aufenthalt.<\/li>\n<\/ul>\n<h3 style=\"text-align: center;\">Perfekt f\u00fcr Familien und Freunde<\/h3>\n<p style=\"text-align: center;\">Die Villa Rapcan ist ideal f\u00fcr Familien, Freundesgruppen oder Paare, die einen unvergesslichen Urlaub in privater Atmosph\u00e4re fernab der Touristenmassen verbringen m\u00f6chten.<\/p>\n<p style=\"text-align: center;\">Sie liegt nur wenige Schritte von malerischen Str\u00e4nden, Restaurants mit frischen Meeresfr\u00fcchten und charmanten Weing\u00fctern entfernt.<\/p>\n<h3 style=\"text-align: center;\">Warum die Villa Rapcan?<\/h3>\n<ul>\n<li>Exklusive Lage in ruhiger Umgebung mit direktem Meerblick.<\/li>\n<li>Luxuri\u00f6se Ausstattung und modernes Design.<\/li>\n<li>Ein Ort zum Entspannen und Genie\u00dfen \u2013 ob beim Sonnenaufgang am Pool oder beim abendlichen Barbecue unter dem Sternenhimmel.<\/li>\n<\/ul>\n<p>&nbsp;<\/p>\n<p style=\"text-align: center;\"><strong>Villa Rapcan \u2013 wo Luxus auf Natur trifft und jeder Tag zu einem unvergesslichen Erlebnis wird.<\/strong><\/p>\n<p style=\"text-align: center;\">Buchen Sie noch heute und g\u00f6nnen Sie sich den Urlaub, den Sie verdienen.<\/p>\n<h2 style=\"text-align: center;\">JETZT BUCHEN:<\/h2>\n<\/div>\n<p>[\/vc_column_text][vc_empty_space][vc_column_text]\n<div class=\"wpcf7 no-js\" id=\"wpcf7-f3947-o1\" lang=\"en-US\" dir=\"ltr\" data-wpcf7-id=\"3947\">\n<div class=\"screen-reader-response\"><p role=\"status\" aria-live=\"polite\" aria-atomic=\"true\"><\/p> <ul><\/ul><\/div>\n<form action=\"\/de\/wp-json\/wp\/v2\/pages\/3944#wpcf7-f3947-o1\" method=\"post\" class=\"wpcf7-form init\" aria-label=\"Contact form\" novalidate=\"novalidate\" data-status=\"init\">\n<fieldset class=\"hidden-fields-container\"><input type=\"hidden\" name=\"_wpcf7\" value=\"3947\" \/><input type=\"hidden\" name=\"_wpcf7_version\" value=\"6.1.4\" \/><input type=\"hidden\" name=\"_wpcf7_locale\" value=\"en_US\" \/><input type=\"hidden\" name=\"_wpcf7_unit_tag\" value=\"wpcf7-f3947-o1\" \/><input type=\"hidden\" name=\"_wpcf7_container_post\" value=\"0\" \/><input type=\"hidden\" name=\"_wpcf7_posted_data_hash\" value=\"\" \/>\n<\/fieldset>\n<p><label> Name und Nachname *<br \/>\n<span class=\"wpcf7-form-control-wrap\" data-name=\"text-801\"><input size=\"40\" maxlength=\"400\" class=\"wpcf7-form-control wpcf7-text wpcf7-validates-as-required\" aria-required=\"true\" aria-invalid=\"false\" value=\"\" type=\"text\" name=\"text-801\" \/><\/span> <\/label><br \/>\n<label> Ihre Email *<br \/>\n<span class=\"wpcf7-form-control-wrap\" data-name=\"your-email\"><input size=\"40\" maxlength=\"400\" class=\"wpcf7-form-control wpcf7-email wpcf7-validates-as-required wpcf7-text wpcf7-validates-as-email\" aria-required=\"true\" aria-invalid=\"false\" value=\"\" type=\"email\" name=\"your-email\" \/><\/span> <\/label>\n<\/p>\n<p><label> Einchecken *<br \/>\n<span class=\"wpcf7-form-control-wrap\" data-name=\"dt1\"><input size=\"40\" maxlength=\"400\" class=\"wpcf7-form-control wpcf7-text wpcf7-validates-as-required dp-field\" aria-required=\"true\" aria-invalid=\"false\" value=\"\" type=\"text\" name=\"dt1\" \/><\/span> <\/label><br \/>\n<label> Auschecken *<br \/>\n<span class=\"wpcf7-form-control-wrap\" data-name=\"dt2\"><input size=\"40\" maxlength=\"400\" class=\"wpcf7-form-control wpcf7-text wpcf7-validates-as-required dp-field\" aria-required=\"true\" aria-invalid=\"false\" value=\"\" type=\"text\" name=\"dt2\" \/><\/span> <\/label><br \/>\n<label> Anzahl der G\u00e4ste *<br \/>\n<span class=\"wpcf7-form-control-wrap\" data-name=\"number-370\"><input class=\"wpcf7-form-control wpcf7-number wpcf7-validates-as-number\" aria-invalid=\"false\" value=\"\" type=\"number\" name=\"number-370\" \/><\/span> <\/label>\n<\/p>\n<p><label> Ihre Notizen<br \/>\n<span class=\"wpcf7-form-control-wrap\" data-name=\"textarea-75\"><textarea cols=\"40\" rows=\"10\" maxlength=\"2000\" class=\"wpcf7-form-control wpcf7-textarea\" aria-invalid=\"false\" name=\"textarea-75\"><\/textarea><\/span> <\/label>\n<\/p>\n<p><span class=\"wpcf7-form-control-wrap\" data-name=\"acceptance-401\"><span class=\"wpcf7-form-control wpcf7-acceptance\"><span class=\"wpcf7-list-item\"><label><input type=\"checkbox\" name=\"acceptance-401\" value=\"1\" aria-invalid=\"false\" \/><span class=\"wpcf7-list-item-label\">Durch die Nutzung dieser Form stimmen Sie mit der Lagerung und Handhabung Ihrer Daten durch diese Website.<\/span><\/label><\/span><\/span><\/span>\n<\/p>\n<p><input class=\"wpcf7-form-control wpcf7-submit has-spinner\" type=\"submit\" value=\"JETZT BUCHEN\" \/>\n<\/p><div class=\"wpcf7-response-output\" aria-hidden=\"true\"><\/div>\n<\/form>\n<\/div>\n[\/vc_column_text][vc_gallery interval=&#8221;0&#8243; images=&#8221;3940,3938,3936,3934,3932,3930,3928,3926,3924,3922,3920,3918&#8243; img_size=&#8221;1600&#215;1066&#8243; onclick=&#8221;&#8221;][\/vc_column][\/vc_row][vc_row][vc_column][vc_separator color=&#8221;peacoc&#8221; border_width=&#8221;2&#8243;][\/vc_column][\/vc_row][vc_row css=&#8221;.vc_custom_1521026396989{margin-top: 0px !important;margin-bottom: 0px !important;}&#8221;][vc_column]<div class=\"iw-heading  style1  text-center\" style=\"width: 100%\"><h3 class=\"iwh-title\" style=\"font-size: 20px\">Kontakt<\/h3><div class=\"iwh-description\" style=\"color: #333333; font-size: 15px; font-family: Lato\">F\u00fcr weitere Informationen zur Unterkunft kontaktieren Sie uns bitte unter:<\/div><\/div>[\/vc_column][\/vc_row][vc_row css=&#8221;.vc_custom_1521025831669{margin-top: 0px !important;margin-bottom: 0px !important;}&#8221;][vc_column width=&#8221;1\/2&#8243;][vc_wp_text]<\/p>\n<p style=\"text-align: left;\"><span class=\"hermes-contact-value\">Mobile<\/span><span class=\"hermes-contact-value\" style=\"color: #6b6b6b;\">: <\/span><a href=\"http:\/\/+385923004824\"><span class=\"hermes-contact-value\">+385 92 300 4824<\/span><\/a><br \/>\n<span class=\"hermes-contact-value\">E-mail: <a href=\"mailto:info@stinivavis.com\">info@stinivavis.com<\/a><\/span><\/p>\n<p>[\/vc_wp_text][\/vc_column][vc_column width=&#8221;1\/2&#8243;][vc_empty_space height=&#8221;40px&#8221;][\/vc_column][\/vc_row]<\/p>\n","protected":false},"excerpt":{"rendered":"<p>[vc_row css=&#8221;.vc_custom_1520893815064{margin-top: 0px !important;margin-bottom: 0px !important;}&#8221;][vc_column][\/vc_column][\/vc_row][vc_row css=&#8221;.vc_custom_1521025418243{margin-top: 0px !important;margin-bottom: 0px !important;}&#8221;][vc_column][vc_column_text css=&#8221;.vc_custom_1767627776824{margin-top: 0px !important;margin-bottom: 0px !important;}&#8221;] Entdecken Sie ein St\u00fcck Paradies auf einer der sch\u00f6nsten Inseln Kroatiens \u2013 die Villa Rapcan, gelegen in einem exklusiven und ruhigen Teil der Insel Vis, in der Bucht von \u017denka. Diese moderne Ferienvilla ist ideal f\u00fcr alle, die Luxus, [&hellip;]<\/p>\n","protected":false},"author":1,"featured_media":0,"parent":0,"menu_order":0,"comment_status":"closed","ping_status":"closed","template":"","meta":{"footnotes":""},"class_list":["post-3944","page","type-page","status-publish","hentry"],"_links":{"self":[{"href":"https:\/\/stinivavis.com\/de\/wp-json\/wp\/v2\/pages\/3944","targetHints":{"allow":["GET"]}}],"collection":[{"href":"https:\/\/stinivavis.com\/de\/wp-json\/wp\/v2\/pages"}],"about":[{"href":"https:\/\/stinivavis.com\/de\/wp-json\/wp\/v2\/types\/page"}],"author":[{"embeddable":true,"href":"https:\/\/stinivavis.com\/de\/wp-json\/wp\/v2\/users\/1"}],"replies":[{"embeddable":true,"href":"https:\/\/stinivavis.com\/de\/wp-json\/wp\/v2\/comments?post=3944"}],"version-history":[{"count":3,"href":"https:\/\/stinivavis.com\/de\/wp-json\/wp\/v2\/pages\/3944\/revisions"}],"predecessor-version":[{"id":3953,"href":"https:\/\/stinivavis.com\/de\/wp-json\/wp\/v2\/pages\/3944\/revisions\/3953"}],"wp:attachment":[{"href":"https:\/\/stinivavis.com\/de\/wp-json\/wp\/v2\/media?parent=3944"}],"curies":[{"name":"wp","href":"https:\/\/api.w.org\/{rel}","templated":true}]}}